{"id":9294,"date":"2025-10-17T22:40:27","date_gmt":"2025-10-17T20:40:27","guid":{"rendered":"https:\/\/luxorplasman.me\/?post_type=product&#038;p=9294"},"modified":"2025-12-04T11:59:11","modified_gmt":"2025-12-04T10:59:11","slug":"r6460-kesa-sa-unutrasnjom-ruckom-bijela-32-16-x-44-cm","status":"publish","type":"product","link":"https:\/\/luxorplasman.me\/luxor-consulting\/product\/r6460-kesa-sa-unutrasnjom-ruckom-bijela-32-16-x-44-cm\/","title":{"rendered":"R6460 &#8211; Kesa sa unutra\u0161njom ru\u010dkom, bijela (32 + 16 \u00d7 44 cm)"},"content":{"rendered":"<h3 data-start=\"2561\" data-end=\"2631\"><strong data-start=\"2565\" data-end=\"2629\">Papirna kesa sa unutra\u0161njom ru\u010dkom, bijela (32 + 16 \u00d7 44 cm)<\/strong><\/h3>\n<p data-start=\"2633\" data-end=\"2900\">Velika i \u010dvrsta papirna kesa od bijelog kraft papira, pogodna za garderobu, obu\u0107u i ve\u0107e artikle.<br data-start=\"2730\" data-end=\"2733\" \/>Dimenzije <strong data-start=\"2743\" data-end=\"2792\">32 cm (\u0161irina) + 16 cm (dno) \u00d7 44 cm (visina)<\/strong> pru\u017eaju odli\u010dnu zapreminu i stabilnost.<br data-start=\"2832\" data-end=\"2835\" \/>Kesa je estetski privla\u010dna i savr\u0161ena za butike i gift shopove.<\/p>\n<hr data-start=\"2902\" data-end=\"2905\" \/>\n<p data-start=\"2907\" data-end=\"2937\"><strong data-start=\"2907\" data-end=\"2935\">Specifikacija proizvoda:<\/strong><\/p>\n<ul data-start=\"2938\" data-end=\"3252\">\n<li data-start=\"2938\" data-end=\"2958\">\n<p data-start=\"2940\" data-end=\"2958\"><strong data-start=\"2940\" data-end=\"2950\">\u0160ifra:<\/strong> R6460<\/p>\n<\/li>\n<li data-start=\"2959\" data-end=\"2982\">\n<p data-start=\"2961\" data-end=\"2982\"><strong data-start=\"2961\" data-end=\"2975\">Gramatura:<\/strong> 80 g<\/p>\n<\/li>\n<li data-start=\"2983\" data-end=\"3024\">\n<p data-start=\"2985\" data-end=\"3024\"><strong data-start=\"2985\" data-end=\"3011\">Transportno pakovanje:<\/strong> 250 komada<\/p>\n<\/li>\n<li data-start=\"3025\" data-end=\"3074\">\n<p data-start=\"3027\" data-end=\"3074\"><strong data-start=\"3027\" data-end=\"3038\">Cijena:<\/strong> 40,00 \u20ac po jednom transportnom pakovanju (sa PDV-om)<\/p>\n<\/li>\n<li data-start=\"3075\" data-end=\"3164\">\n<p data-start=\"3077\" data-end=\"3164\"><strong data-start=\"3077\" data-end=\"3090\">Napomena:<\/strong> Proizvod se prodaje isklju\u010divo po transportnom pakovanju od 250 komada.<\/p>\n<\/li>\n<li data-start=\"3165\" data-end=\"3252\">\n<p data-start=\"3167\" data-end=\"3252\"><strong data-start=\"3167\" data-end=\"3179\">Dodatno:<\/strong> Za porud\u017ebine preko <strong data-start=\"3200\" data-end=\"3217\">10.000 komada<\/strong> mogu\u0107a je \u0161tampa po \u017eelji kupca.<\/p>\n<\/li>\n<\/ul>\n","protected":false},"excerpt":{"rendered":"<p>Papirna kesa sa unutra\u0161njom ru\u010dkom, bijela (32 + 16 \u00d7 44 cm) Velika i \u010dvrsta papirna kesa od bijelog kraft papira, pogodna za garderobu, obu\u0107u i ve\u0107e artikle.Dimenzije 32 cm (\u0161irina) + 16 cm (dno) \u00d7 44 cm (visina) pru\u017eaju odli\u010dnu zapreminu i stabilnost.Kesa je estetski privla\u010dna i savr\u0161ena za butike i gift shopove. Specifikacija [&hellip;]<\/p>\n","protected":false},"featured_media":8623,"comment_status":"open","ping_status":"closed","template":"","meta":{"content-type":""},"product_brand":[],"product_cat":[196,165,195],"product_tag":[],"class_list":{"0":"post-9294","1":"product","2":"type-product","3":"status-publish","4":"has-post-thumbnail","6":"product_cat-kese-sa-unutrasnjom-ruckom","7":"product_cat-natura","8":"product_cat-papirne-kese","10":"first","11":"onbackorder","12":"shipping-taxable","13":"purchasable","14":"product-type-simple"},"_links":{"self":[{"href":"https:\/\/luxorplasman.me\/luxor-consulting\/wp-json\/wp\/v2\/product\/9294","targetHints":{"allow":["GET"]}}],"collection":[{"href":"https:\/\/luxorplasman.me\/luxor-consulting\/wp-json\/wp\/v2\/product"}],"about":[{"href":"https:\/\/luxorplasman.me\/luxor-consulting\/wp-json\/wp\/v2\/types\/product"}],"replies":[{"embeddable":true,"href":"https:\/\/luxorplasman.me\/luxor-consulting\/wp-json\/wp\/v2\/comments?post=9294"}],"wp:featuredmedia":[{"embeddable":true,"href":"https:\/\/luxorplasman.me\/luxor-consulting\/wp-json\/wp\/v2\/media\/8623"}],"wp:attachment":[{"href":"https:\/\/luxorplasman.me\/luxor-consulting\/wp-json\/wp\/v2\/media?parent=9294"}],"wp:term":[{"taxonomy":"product_brand","embeddable":true,"href":"https:\/\/luxorplasman.me\/luxor-consulting\/wp-json\/wp\/v2\/product_brand?post=9294"},{"taxonomy":"product_cat","embeddable":true,"href":"https:\/\/luxorplasman.me\/luxor-consulting\/wp-json\/wp\/v2\/product_cat?post=9294"},{"taxonomy":"product_tag","embeddable":true,"href":"https:\/\/luxorplasman.me\/luxor-consulting\/wp-json\/wp\/v2\/product_tag?post=9294"}],"curies":[{"name":"wp","href":"https:\/\/api.w.org\/{rel}","templated":true}]}}