{"id":9293,"date":"2025-10-17T22:35:06","date_gmt":"2025-10-17T20:35:06","guid":{"rendered":"https:\/\/luxorplasman.me\/?post_type=product&#038;p=9293"},"modified":"2025-10-21T12:47:53","modified_gmt":"2025-10-21T10:47:53","slug":"papirne-kese-sa-unutrasnjom-ruckom-braon-18-8x22","status":"publish","type":"product","link":"https:\/\/luxorplasman.me\/luxor-consulting\/product\/papirne-kese-sa-unutrasnjom-ruckom-braon-18-8x22\/","title":{"rendered":"R6462 &#8211; Kesa sa unutra\u0161njom ru\u010dkom, braon (18 + 8 \u00d7 22 cm)"},"content":{"rendered":"<h3 data-start=\"145\" data-end=\"213\"><strong data-start=\"149\" data-end=\"211\">Papirna kesa sa unutra\u0161njom ru\u010dkom, braon (18 + 8 \u00d7 22 cm)<\/strong><\/h3>\n<p data-start=\"215\" data-end=\"541\">Ekolo\u0161ka papirna kesa izra\u0111ena od <strong data-start=\"249\" data-end=\"271\">braon kraft papira<\/strong>, prirodnog izgleda i teksture.<br data-start=\"302\" data-end=\"305\" \/>Dimenzije <strong data-start=\"315\" data-end=\"363\">18 cm (\u0161irina) + 8 cm (dno) \u00d7 22 cm (visina)<\/strong> \u010dine je idealnom za manje proizvode poput lijekova, kozmetike, nakita i suvenira.<br data-start=\"445\" data-end=\"448\" \/>Kesa je \u010dvrsta, prakti\u010dna i vizuelno prepoznatljiva po toplom, rusti\u010dnom tonu braon papira.<\/p>\n<hr data-start=\"543\" data-end=\"546\" \/>\n<p data-start=\"548\" data-end=\"578\"><strong data-start=\"548\" data-end=\"576\">Specifikacija proizvoda:<\/strong><\/p>\n<ul data-start=\"579\" data-end=\"893\">\n<li data-start=\"579\" data-end=\"599\">\n<p data-start=\"581\" data-end=\"599\"><strong data-start=\"581\" data-end=\"591\">\u0160ifra:<\/strong> R6462<\/p>\n<\/li>\n<li data-start=\"600\" data-end=\"623\">\n<p data-start=\"602\" data-end=\"623\"><strong data-start=\"602\" data-end=\"616\">Gramatura:<\/strong> 70 g<\/p>\n<\/li>\n<li data-start=\"624\" data-end=\"665\">\n<p data-start=\"626\" data-end=\"665\"><strong data-start=\"626\" data-end=\"652\">Transportno pakovanje:<\/strong> 250 komada<\/p>\n<\/li>\n<li data-start=\"666\" data-end=\"715\">\n<p data-start=\"668\" data-end=\"715\"><strong data-start=\"668\" data-end=\"679\">Cijena:<\/strong> 0,08 \u20ac po jednoj kesi (sa PDV-om)<\/p>\n<\/li>\n<li data-start=\"716\" data-end=\"805\">\n<p data-start=\"718\" data-end=\"805\"><strong data-start=\"718\" data-end=\"731\">Napomena:<\/strong> Proizvod se prodaje isklju\u010divo po transportnom pakovanju od 250 komada.<\/p>\n<\/li>\n<li data-start=\"806\" data-end=\"893\">\n<p data-start=\"808\" data-end=\"893\"><strong data-start=\"808\" data-end=\"820\">Dodatno:<\/strong> Za porud\u017ebine preko <strong data-start=\"841\" data-end=\"858\">10.000 komada<\/strong> mogu\u0107a je \u0161tampa po \u017eelji kupca.<\/p>\n<\/li>\n<\/ul>\n","protected":false},"excerpt":{"rendered":"<p>Papirna kesa sa unutra\u0161njom ru\u010dkom, braon (18 + 8 \u00d7 22 cm) Ekolo\u0161ka papirna kesa izra\u0111ena od braon kraft papira, prirodnog izgleda i teksture.Dimenzije 18 cm (\u0161irina) + 8 cm (dno) \u00d7 22 cm (visina) \u010dine je idealnom za manje proizvode poput lijekova, kozmetike, nakita i suvenira.Kesa je \u010dvrsta, prakti\u010dna i vizuelno prepoznatljiva po toplom, [&hellip;]<\/p>\n","protected":false},"featured_media":0,"comment_status":"open","ping_status":"closed","template":"","meta":{"content-type":""},"product_brand":[],"product_cat":[15],"product_tag":[],"class_list":{"0":"post-9293","1":"product","2":"type-product","3":"status-publish","5":"product_cat-uncategorized","7":"first","8":"outofstock","9":"shipping-taxable","10":"purchasable","11":"product-type-simple"},"_links":{"self":[{"href":"https:\/\/luxorplasman.me\/luxor-consulting\/wp-json\/wp\/v2\/product\/9293","targetHints":{"allow":["GET"]}}],"collection":[{"href":"https:\/\/luxorplasman.me\/luxor-consulting\/wp-json\/wp\/v2\/product"}],"about":[{"href":"https:\/\/luxorplasman.me\/luxor-consulting\/wp-json\/wp\/v2\/types\/product"}],"replies":[{"embeddable":true,"href":"https:\/\/luxorplasman.me\/luxor-consulting\/wp-json\/wp\/v2\/comments?post=9293"}],"wp:attachment":[{"href":"https:\/\/luxorplasman.me\/luxor-consulting\/wp-json\/wp\/v2\/media?parent=9293"}],"wp:term":[{"taxonomy":"product_brand","embeddable":true,"href":"https:\/\/luxorplasman.me\/luxor-consulting\/wp-json\/wp\/v2\/product_brand?post=9293"},{"taxonomy":"product_cat","embeddable":true,"href":"https:\/\/luxorplasman.me\/luxor-consulting\/wp-json\/wp\/v2\/product_cat?post=9293"},{"taxonomy":"product_tag","embeddable":true,"href":"https:\/\/luxorplasman.me\/luxor-consulting\/wp-json\/wp\/v2\/product_tag?post=9293"}],"curies":[{"name":"wp","href":"https:\/\/api.w.org\/{rel}","templated":true}]}}