{"id":8790,"date":"2025-05-27T17:14:14","date_gmt":"2025-05-27T15:14:14","guid":{"rendered":"https:\/\/luxorplasman.me\/?post_type=product&#038;p=8790"},"modified":"2025-11-16T14:00:43","modified_gmt":"2025-11-16T13:00:43","slug":"sb-zemlja-za-zive-ograde-40l","status":"publish","type":"product","link":"https:\/\/luxorplasman.me\/luxor-consulting\/product\/sb-zemlja-za-zive-ograde-40l\/","title":{"rendered":"SB zemlja za \u017eive ograde 40L"},"content":{"rendered":"<p>Bar kod: 5411463105495<\/p>\n<p style=\"font-weight: 400;\">Substral <strong>zemlja za biljke na otvorenom<\/strong> je namijenjena za sadnju I presa\u0111ivanje ru\u0111a, grmlja, \u010detinara I tako\u0111e vi\u0161egodi\u0161njih biljaka. Njena posebna struktura ubrzava izgradnju sna\u017enog korjenovog Sistema I omogu\u0107ava stabilan rast. Sastoji se od izabranih visokokvalitetnih prirodnih sastojaka, uklju\u010duju\u0107i treset, koji dobro zadr\u017eava vlagu I pobolj\u0161ava snadbijevanje vodom. Zemlja je pogodna za lon\u010danice na balkonima I terasama.<\/p>\n<p style=\"font-weight: 400;\">Fibre smart \u2013 zemlje Substral\u00a0 sadr\u017ee jedinstvenu I revolucionarnu tehnologiju Fibre smart. Rije\u010d j odrvenim vlaknima koja su 100% prrodna I \u010dista (nijesu iz obnovljivih izvora) I pru\u017eaju savr\u0161enu teksturu za idealnu drena\u017eu. To osigurava optimalnu ravnote\u017eu vazduha I vode =&gt; za sna\u017eno korijenje I zdrav rast biljaka.<\/p>\n<p style=\"font-weight: 400;\"><strong>Vrijeme upotrebe:<\/strong><\/p>\n<table style=\"font-weight: 400;\">\n<tbody>\n<tr>\n<td width=\"52\"><\/td>\n<td width=\"52\"><\/td>\n<td width=\"52\">Mart<\/td>\n<td width=\"52\">Apr.<\/td>\n<td width=\"52\">Maj<\/td>\n<td width=\"52\"><\/td>\n<td width=\"52\"><\/td>\n<td width=\"52\"><\/td>\n<td width=\"52\">Sept.<\/td>\n<td width=\"52\">Okt.<\/td>\n<td width=\"52\">Nov.<\/td>\n<td width=\"52\"><\/td>\n<\/tr>\n<\/tbody>\n<\/table>\n<p style=\"font-weight: 400;\">*optimalno vrijeme upotrebe<\/p>\n<p style=\"font-weight: 400;\"><strong>PRESA\u0110IVANJE <\/strong><\/p>\n<p style=\"font-weight: 400;\"><strong>U teglama:<\/strong><\/p>\n<ol>\n<li>Odaberite teglu prikladne veli\u010dine.<\/li>\n<li>Usipajte sloj \u0161ljunka ili glinice na dno posude (2 cm). Na taj sloj naspite sloj Substral zemlje za biljke na otvorenom.<\/li>\n<li>Odstranite suve, o\u0161te\u0107ene I preduge korijene.<\/li>\n<li>Biljku stavite u posudu (npr. u sredinu lonca) I napunite je zemljom. Ostavite otprilike 2cm praznog prostora. Lagano pritisnite biljku prema podlozi. Obilno zalijte.<\/li>\n<\/ol>\n<p style=\"font-weight: 400;\"><strong>Na otvorenom: <\/strong><\/p>\n<ol>\n<li>Iskopajte sadnu jamu prem veli\u010dini korijena.<\/li>\n<li>U dno jame za sadnju napunite sloj drena\u017ee (\u0161ljunak, glinicu) prekrijte slojem (oko 5-6 cm) Substral zemlje za biljke na otvorenom.<\/li>\n<li>Stavite biljku u sredinu jame za sadnju. Pazite da ne o\u0161tetite korijen. Napunite jamu za sadnju zemljom za biljke na otvorenom. Pritisnite biljku prema podlozi I obilno zalijte.<\/li>\n<\/ol>\n<p style=\"font-weight: 400;\"><strong>Kada prvi put \u0111ubriti? <\/strong>\u0110ubriti prvi put 4 nedelje nakon sadnje \u0111ubriovm Substral Osmocote. Substral Osmocote \u0111ubrivo primjenjujemo jednom godi\u0161nje. Ili dodajte Substral te\u010dno \u0111ubrivo svakih 6 nedelja, 3 x godi\u0161nje.<\/p>\n<p style=\"font-weight: 400;\"><strong>Zalijevanje? <\/strong><\/p>\n<p style=\"font-weight: 400;\"><strong>Biljke u teglama<\/strong>: zalijevati 1-2 x nedeljno, prema potrebama biljke. Voda ne smije stajati u podlo\u0161ku. Biljke u manjim teglama trebaju vi\u0161e hrane i vode.<\/p>\n<p style=\"font-weight: 400;\"><strong>Biljke na otvorenom<\/strong>: tokom sezone sadnje, zalivanje jednom nedeljno, kasnije po potrebi.<\/p>\n<p style=\"font-weight: 400;\"><strong>Dovoljno je za \u2026<\/strong><\/p>\n<ul>\n<li>4 velike tegle (tegla promjera 24 cm ili korito dimenzija 21x21x21cm)<\/li>\n<li>2 velike tegle (tegla promjera 30 cm ili korito dimenzija 25x25x25cm)<\/li>\n<li>4 sadne jame promjera 30 cm.<\/li>\n<\/ul>\n<table style=\"font-weight: 400;\">\n<tbody>\n<tr>\n<td width=\"623\"><strong>SUBSTRAL zemlja za biljke na otvorenom<\/strong><\/p>\n<p><strong>Suva materija:<\/strong> 35%<\/p>\n<p><strong>Organska materija:<\/strong> 20%<\/p>\n<p><strong>pH vrijednost:<\/strong> 5,,6-7,1<\/p>\n<p><strong>SASTOJCI:<\/strong> kompost od biljnih ostataka, komadi treseta, drvena vlakna, kompositirana kora, organsko \u0111ubrivo.<\/td>\n<\/tr>\n<\/tbody>\n<\/table>\n<p style=\"font-weight: 400;\"><strong>Skladi\u0161tenje:<\/strong> \u010cuvati na hladnom I suvom mjestu. Dr\u017eati dalje od sun\u010deve svjetlosti. Nakon upotrebe, \u010dvrsto zatvorite otvorenu ambala\u017eu.<\/p>\n<p style=\"font-weight: 400;\"><strong>Uvoznik i distributer<\/strong>: Luxor plasman D.O.O., Podgorica. Kontakt: 020\/257-000; <a href=\"mailto:luxorplasman@t-com.me\">luxorplasman@t-com.me<\/a><\/p>\n<p style=\"font-weight: 400;\"><strong>Proizvo\u0111a\u010d<\/strong>: Evergreen Garden Care Belgium bvba\/sprl, Voshol 8, 9160 Lokeren, Belgija<\/p>\n<p style=\"font-weight: 400;\"><strong>Zemlja porijekla:<\/strong> Belgija<\/p>\n<p style=\"font-weight: 400;\"><strong>Godina uvoza: <\/strong>2025.<\/p>\n<p style=\"font-weight: 400;\"><strong>Datum proizvodnje otisnut je na ambala\u017ei.<\/strong><\/p>\n<p style=\"font-weight: 400;\">\n","protected":false},"excerpt":{"rendered":"<p>Bar kod: 5411463105495 Substral zemlja za biljke na otvorenom je namijenjena za sadnju I presa\u0111ivanje ru\u0111a, grmlja, \u010detinara I tako\u0111e vi\u0161egodi\u0161njih biljaka. Njena posebna struktura ubrzava izgradnju sna\u017enog korjenovog Sistema I omogu\u0107ava stabilan rast. Sastoji se od izabranih visokokvalitetnih prirodnih sastojaka, uklju\u010duju\u0107i treset, koji dobro zadr\u017eava vlagu I pobolj\u0161ava snadbijevanje vodom. Zemlja je pogodna za [&hellip;]<\/p>\n","protected":false},"featured_media":8791,"comment_status":"open","ping_status":"closed","template":"","meta":{"content-type":""},"product_brand":[],"product_cat":[253,87],"product_tag":[],"class_list":{"0":"post-8790","1":"product","2":"type-product","3":"status-publish","4":"has-post-thumbnail","6":"product_cat-odrzavanjebaste","7":"product_cat-substral","9":"first","10":"instock","11":"shipping-taxable","12":"purchasable","13":"product-type-simple"},"_links":{"self":[{"href":"https:\/\/luxorplasman.me\/luxor-consulting\/wp-json\/wp\/v2\/product\/8790","targetHints":{"allow":["GET"]}}],"collection":[{"href":"https:\/\/luxorplasman.me\/luxor-consulting\/wp-json\/wp\/v2\/product"}],"about":[{"href":"https:\/\/luxorplasman.me\/luxor-consulting\/wp-json\/wp\/v2\/types\/product"}],"replies":[{"embeddable":true,"href":"https:\/\/luxorplasman.me\/luxor-consulting\/wp-json\/wp\/v2\/comments?post=8790"}],"wp:featuredmedia":[{"embeddable":true,"href":"https:\/\/luxorplasman.me\/luxor-consulting\/wp-json\/wp\/v2\/media\/8791"}],"wp:attachment":[{"href":"https:\/\/luxorplasman.me\/luxor-consulting\/wp-json\/wp\/v2\/media?parent=8790"}],"wp:term":[{"taxonomy":"product_brand","embeddable":true,"href":"https:\/\/luxorplasman.me\/luxor-consulting\/wp-json\/wp\/v2\/product_brand?post=8790"},{"taxonomy":"product_cat","embeddable":true,"href":"https:\/\/luxorplasman.me\/luxor-consulting\/wp-json\/wp\/v2\/product_cat?post=8790"},{"taxonomy":"product_tag","embeddable":true,"href":"https:\/\/luxorplasman.me\/luxor-consulting\/wp-json\/wp\/v2\/product_tag?post=8790"}],"curies":[{"name":"wp","href":"https:\/\/api.w.org\/{rel}","templated":true}]}}