{"id":8777,"date":"2025-05-27T16:44:11","date_gmt":"2025-05-27T14:44:11","guid":{"rendered":"https:\/\/luxorplasman.me\/?post_type=product&#038;p=8777"},"modified":"2025-06-10T12:02:03","modified_gmt":"2025-06-10T10:02:03","slug":"sb-djubrivo-za-travu-sa-dugotrajnim-djelovanjem-08-kg-za-40m2","status":"publish","type":"product","link":"https:\/\/luxorplasman.me\/luxor-consulting\/product\/sb-djubrivo-za-travu-sa-dugotrajnim-djelovanjem-08-kg-za-40m2\/","title":{"rendered":"SB \u0110ubrivo za travu sa dugotrajnim djelovanjem 0,8 kg za 40m2"},"content":{"rendered":"<p>Bar kod: 3838821959231<\/p>\n<p>Substral \u0111ubrivo je pogodno za sve vrste travnjaka. Pru\u017ea optimalne uslove za rast I razvoj biljaka trave (do 100 dana). Sadr\u017ei sve bitne hranjlive sastojke za otporan I lijep travnjak.<\/p>\n<p>\u0110ubrivo NPK 22-5-5, koje sadr\u017ei urea formaldehid. Nizak sadr\u017eaj hlora.<br \/>\nSASTAV:<br \/>\nPRIMARNA HRANJIVA:<\/p>\n<p>22% azota (N)<br \/>\n2,9% amonijskog azota<br \/>\n10,6% azota iz uree<br \/>\n8,5% azota iz urea formaldehida, od toga:<br \/>\n2,8% azota iz urea formaldehida, koji je topiv u vru\u0107oj vodi<br \/>\n2,8% azota iz urea formaldehida, koji je topiv u hladnoj vodi<br \/>\n5% fosfor (v) oksida pentoksida (P2O2), topivog u neutralnom amonijevom citratu i vodi:<br \/>\n4,3% fosfor (V) oksida pentoksida (P2O2), topivog u vodi<br \/>\n5% kalijevog oksida (K2O), topivog u vodi.<br \/>\nUPOTREBA: Preporu\u010duje se od po\u010detka prolje\u0107a do kasnog ljeta. \u0110ubriov posipajte po travnjaku gdje je zemlja suva I trava poko\u0161ena. Nakon uno\u0161enja \u0111ubriva, travnjak bi trebalotemeljito zalivati kako bi se ubrzalo djelovanje \u0111ubriva. Doziranje: 20g\/m2 (20g = 1 supena ka\u0161ika). Za ja\u010de djelovanje (intezivno zelenu travu) mo\u017eete upotrijebiti 20g\/m2. Za ravnomjerno nano\u0161enje \u0111ubriva preporu\u010dujemo upotrebu rasipa\u010da uz brzinu hoda 1 m\/s. Najboje vrijeme za \u0111ubrenje je mat-avgust. Travnjak se \u0111ubri 2-3 puta tokom vegetacije.<br \/>\nSKLADI\u0160TENJE: \u010cuvati na hladnom i suhom mjestu. Otvoreno pakovanje mora biti dobro zatvoreno nakon upotrebe.<br \/>\nUvoznik i distributer: Luxor plasman D.O.O., Podgorica. Kontakt: 020\/257-000; luxorplasman@t-com.me<br \/>\nProizvo\u0111a\u010d: Evergreen Garden Care Poland Sp. z o.o., ul. Ostrobramska 101A, 04-041 Warszawa,<br \/>\nZemlja porijekla: Poljska<br \/>\nGodina uvoza: 2025.<br \/>\nRok upotrebe: neograni\u010den<\/p>\n","protected":false},"excerpt":{"rendered":"<p>Bar kod: 3838821959231 Substral \u0111ubrivo je pogodno za sve vrste travnjaka. Pru\u017ea optimalne uslove za rast I razvoj biljaka trave (do 100 dana). Sadr\u017ei sve bitne hranjlive sastojke za otporan I lijep travnjak. \u0110ubrivo NPK 22-5-5, koje sadr\u017ei urea formaldehid. Nizak sadr\u017eaj hlora. SASTAV: PRIMARNA HRANJIVA: 22% azota (N) 2,9% amonijskog azota 10,6% azota iz [&hellip;]<\/p>\n","protected":false},"featured_media":8778,"comment_status":"open","ping_status":"closed","template":"","meta":{"content-type":""},"product_brand":[],"product_cat":[87],"product_tag":[],"class_list":{"0":"post-8777","1":"product","2":"type-product","3":"status-publish","4":"has-post-thumbnail","6":"product_cat-substral","8":"first","9":"instock","10":"shipping-taxable","11":"purchasable","12":"product-type-simple"},"_links":{"self":[{"href":"https:\/\/luxorplasman.me\/luxor-consulting\/wp-json\/wp\/v2\/product\/8777","targetHints":{"allow":["GET"]}}],"collection":[{"href":"https:\/\/luxorplasman.me\/luxor-consulting\/wp-json\/wp\/v2\/product"}],"about":[{"href":"https:\/\/luxorplasman.me\/luxor-consulting\/wp-json\/wp\/v2\/types\/product"}],"replies":[{"embeddable":true,"href":"https:\/\/luxorplasman.me\/luxor-consulting\/wp-json\/wp\/v2\/comments?post=8777"}],"wp:featuredmedia":[{"embeddable":true,"href":"https:\/\/luxorplasman.me\/luxor-consulting\/wp-json\/wp\/v2\/media\/8778"}],"wp:attachment":[{"href":"https:\/\/luxorplasman.me\/luxor-consulting\/wp-json\/wp\/v2\/media?parent=8777"}],"wp:term":[{"taxonomy":"product_brand","embeddable":true,"href":"https:\/\/luxorplasman.me\/luxor-consulting\/wp-json\/wp\/v2\/product_brand?post=8777"},{"taxonomy":"product_cat","embeddable":true,"href":"https:\/\/luxorplasman.me\/luxor-consulting\/wp-json\/wp\/v2\/product_cat?post=8777"},{"taxonomy":"product_tag","embeddable":true,"href":"https:\/\/luxorplasman.me\/luxor-consulting\/wp-json\/wp\/v2\/product_tag?post=8777"}],"curies":[{"name":"wp","href":"https:\/\/api.w.org\/{rel}","templated":true}]}}