{"id":8771,"date":"2025-05-27T16:29:26","date_gmt":"2025-05-27T14:29:26","guid":{"rendered":"https:\/\/luxorplasman.me\/?post_type=product&#038;p=8771"},"modified":"2025-06-10T12:20:36","modified_gmt":"2025-06-10T10:20:36","slug":"sb-dugotrajno-djubrivo-osmocote-za-balkonske-biljke-750g","status":"publish","type":"product","link":"https:\/\/luxorplasman.me\/luxor-consulting\/product\/sb-dugotrajno-djubrivo-osmocote-za-balkonske-biljke-750g\/","title":{"rendered":"SB Dugotrajno \u0111ubrivo Osmocote za balkonske biljke 750g"},"content":{"rendered":"<p>Bar kod: 4062700675144<\/p>\n<p style=\"font-weight: 400;\">Za sve balkonske biljke poput pelargonija, surfinije, dipladenije, petunije, fuksije, begonije, spori\u0161 (verbena), vodenike.<\/p>\n<p style=\"font-weight: 400;\"><strong>Doziranje:<\/strong><\/p>\n<table style=\"font-weight: 400;\">\n<tbody>\n<tr>\n<td width=\"312\"><strong>LONCI, KORITA, OSTALE<\/strong><\/p>\n<p><strong>POSUDE<\/strong><\/td>\n<td width=\"312\"><strong>Doziranje<\/strong><\/p>\n<p><strong>(zavisno od veli\u010dine)<\/strong><\/td>\n<\/tr>\n<tr>\n<td width=\"312\">Promjer 9 \u2013 13 cm<\/td>\n<td width=\"312\">3 &#8211; 6 g<\/td>\n<\/tr>\n<tr>\n<td width=\"312\">Promjer 14 \u2013 20 cm<\/td>\n<td width=\"312\">10 g<\/td>\n<\/tr>\n<tr>\n<td width=\"312\">Promjer &gt; 20 cm<\/td>\n<td width=\"312\">20 g<\/td>\n<\/tr>\n<tr>\n<td width=\"312\"><strong>NA GREDICAMA<\/strong><\/td>\n<td width=\"312\"><strong>60 g\/m2<\/strong><\/td>\n<\/tr>\n<tr>\n<td width=\"312\"><strong>MJE\u0160AVINA ZA SADNJU<\/strong><\/td>\n<td width=\"312\"><strong>20 &#8211; 50g\/10L zemlje<\/strong><\/td>\n<\/tr>\n<\/tbody>\n<\/table>\n<p style=\"font-weight: 400;\"><strong>\u00a0<\/strong><\/p>\n<p style=\"font-weight: 400;\"><strong>Vrijeme upotrebe: <\/strong>najprikladnije vrijeme je od prolje\u0107a do najkasnije juna.<\/p>\n<p style=\"font-weight: 400;\"><strong>U\u010destalost kori\u0161tenja: <\/strong>1x godi\u0161nje.<\/p>\n<p style=\"font-weight: 400;\">SUBSTRAL dugotrajno \u0111ubrivo Osmocote snadbijeva va\u0161e biljke hranjivim materijama 6 mjeseci. Najprikladnije vrijeme za upotrebu je u prolje\u0107e.<\/p>\n<p style=\"font-weight: 400;\"><strong>Kod sadnje:<\/strong><\/p>\n<ol>\n<li style=\"font-weight: 400;\">Prije sadnje pomije\u0161ajte SUBSTRAL \u0111ubrivo i zemlju.<\/li>\n<li style=\"font-weight: 400;\">Dodajte ne\u0161to mje\u0161avine \u0111ubriva i zemlje u jamu\/posudu za sadnju.<\/li>\n<li style=\"font-weight: 400;\">Biljku posadite, nje\u017eno ju pritisnite uz podlogu, te sadnu jamu\/posudu ispunite mje\u0161avinom \u0111ubriva i zemlje.<\/li>\n<li style=\"font-weight: 400;\">Posa\u0111enu biljku dobro zalijte.<\/li>\n<\/ol>\n<p style=\"font-weight: 400;\"><strong>Do\u0111ubravanje:<\/strong><\/p>\n<p style=\"font-weight: 400;\">\u0110ubrivo treba posipati po cijelom podru\u010dju korijena. \u0110ubrivo zatim zagrabljamo u zemlju i povr\u0161inu dobro zalijemo.<\/p>\n<p style=\"font-weight: 400;\"><strong>Uputstvo za upotrebu: <\/strong>Za pravilno doziranje preporu\u010dujemo kori\u0161tenje prilo\u017eenog pomagala za doziranje. 1 \u010dajna ka\u0161i\u010dica = 5g \/ 1 supena ka\u0161i\u010dica = 15g.<\/p>\n<p style=\"font-weight: 400;\">Nakon \u0161to se hranjive materije oslobode, u zemlji \u0107e ostati prazne ovojnice \u0111ubriva. \u0110ubrivo se do kraja vegetacijske sezone potro\u0161ilo, a ovojnice se raspadaju ne\u0161to sporije. Iako se omotnice ponekad mogu prona\u0107i u zemlji \u010dak i u sljede\u0107oj sezoni, biljke je potrebno ponovno pognojiti. Nepa\u017eljivo kori\u0161tenje mo\u017ee uzrokovati mrlje na drvenim i drugim podnim oblogama, kamenim plo\u010dama, ukrasnom kamenju, ivi\u010dnjacima i sl. Stoga je potrebno rastreseno \u0111ubrivo odmah ukloniti s navedenih povr\u0161ina.<\/p>\n<p style=\"font-weight: 400;\"><strong>Za dobrobit okoline: na\u0161 doprinos zelenijoj planeti.<\/strong><\/p>\n<p style=\"font-weight: 400;\">Kartonska ambala\u017ea izra\u0111ena je od 100% recikliranog materijala. Ambala\u017ea se mo\u017ee 100% reciklirati.<\/p>\n<p style=\"font-weight: 400;\">Odbacite praznu ambala\u017eu u kantu za recikliranje.<\/p>\n<p style=\"font-weight: 400;\">Osmocote\u00ae je registrirani za\u0161titni znak tvrtke Everris International BV.<\/p>\n<p style=\"font-weight: 400;\"><strong>Sadr\u017eaj: <\/strong>750 g (neto)<\/p>\n<p style=\"font-weight: 400;\"><strong>MINERALNO \u0110UBRIVO PFC 1(C)(I)(a)(ii)<\/strong><\/p>\n<p style=\"font-weight: 400;\"><strong>\u0110ubrivo NPK (Mg) 16-7-18 (+4) s mikronutrijentima<\/strong><\/p>\n<p style=\"font-weight: 400;\">16% (N) ukupnog azota, 1,6% amonijevog azota, 12,9% urea azota, 1,5% azota iz urea formaldehida. 7% ukupnog fosfor pentoksida (P2O5):, 6,6% fosfor pentoksida, topivog u vodi, 6,7% fosfor pentoksida, topivog neutralnom amonijevom citratu. 14% kalijevog oksida (K2O), topivog u vodi. 4% ukupnog magnezijevog oksida (MgO), 1,1% topivog u vodi.<\/p>\n<p style=\"font-weight: 400;\"><strong>Mikronutrijenti: <\/strong>0,018% Ukupni bakar (Cu) kao oksid; 0,18% ukupnog \u017eeljeza (Fe), 0,03% Fe kao sulfata, 0,15% Fe kao oksida; 0,07% ukupnog mangana (Mn), 0,04% Mn kao sulfat, topiv u vodi, 0,03% Mn kao oksid; 0,038% ukupnog cinka (Zn), 0,006% Zn kao sulfat, 0,032% Zn kao oksid.<\/p>\n<p style=\"font-weight: 400;\"><strong>Granulometrija: <\/strong>Granule. 95 proizvoda je granulirano izme\u0111u 2,0 i 4,5 mm.<\/p>\n<p style=\"font-weight: 400;\"><strong>Sastojci: <\/strong>Urea1 (CAS br. 57-13-6), kalijev sulfat1 (CAS br. 7778-80-5), monoamonijev fosfat1 (CAS br. 7722-76-1).<\/p>\n<p style=\"font-weight: 400;\">1) Tvari i smjese iz neobra\u0111enih sirovina.<\/p>\n<p style=\"font-weight: 400;\"><strong>Dodatne informacije: <\/strong>Nizak sadr\u017eaj kadmija (Cd). S niskim sadr\u017eajem hlorida.<\/p>\n<p style=\"font-weight: 400;\"><strong>Uputstvo za upotrebu: <\/strong>Za potro\u0161a\u010dku upotrebu. Za detaljnije informacije pogledajte tekst na pakovanju.<\/p>\n<p style=\"font-weight: 400;\">Koristiti samo prema potrebama biljaka. Ne prema\u0161iti predvi\u0111enu dozu.<\/p>\n<p style=\"font-weight: 400;\"><strong>Vrijeme djelovanja: <\/strong>6 mjeseci. 35% proizvoda je presvu\u010deno Osmocote\u00ae premazom i 45% proizvoda je presvu\u010deno E-Max\u00ae premazom. Brzina otpu\u0161tanja hranjivih materija mo\u017ee varirati ovisno o temperaturi<\/p>\n<p style=\"font-weight: 400;\">zemlji\u0161ta. Gnojidbu mo\u017ee biti potrebno prilagoditi.<\/p>\n<p style=\"font-weight: 400;\">Ponovna upotreba nakon manje od \u0161est mjeseci nije dopu\u0161tena.<\/p>\n<p style=\"font-weight: 400;\"><strong>Uslovi \u010duvanja: <\/strong>\u010cuvati u originalnom pakovanju na hladnom i suvom mjestu, nedostupnom djeci i<\/p>\n<p style=\"font-weight: 400;\">ku\u0107nim ljubimcima. Ve\u0107 kori\u0161teni proizvodi moraju se dobro zatvoriti.<\/p>\n<p style=\"font-weight: 400;\"><strong>Informacije o sigurnosti i okolini: <\/strong>\u0160tetno za vodene organizme s dugotrajnim u\u010dincima. Uklonite sadr\u017eaj i pakovanje u skladu s nacionalnim propisima. Sadr\u017ei izocijanati. Mo\u017ee izazvati alergijsku reakciju. Kod upotrebe preporu\u010da se no\u0161enje ba\u0161tenskih rukavica. Nakon upotrebe oprati ruke.<\/p>\n<p style=\"font-weight: 400;\">Ovo \u0111ubrivo sadr\u017ei ureu koja mo\u017ee osloba\u0111ati amonijak i uticati na kvalitet vazduha. Zavisno od lokalnih uslova moraju se poduzeti odgovaraju\u0107e mjere sanacije.<\/p>\n<p style=\"font-weight: 400;\"><strong>Sve \u0161to biljkama treba je ljubav i Substral.<\/strong><\/p>\n<p style=\"font-weight: 400;\"><strong>Uvoznik i distributer<\/strong>: Luxor plasman D.O.O., Podgorica. Kontakt: 020\/257-000; <a href=\"mailto:luxorplasman@t-com.me\">luxorplasman@t-com.me<\/a><\/p>\n<p style=\"font-weight: 400;\"><strong>Proizvo\u0111a\u010d<\/strong>: Evergreen Garden Care Poland Sp. z o.o., ul. Ostrobramska 101A, 04-041 Warszawa,<\/p>\n<p style=\"font-weight: 400;\"><strong>Zemlja porijekla:<\/strong> Poljska<\/p>\n<p style=\"font-weight: 400;\"><strong>Godina uvoza: <\/strong>2025.<\/p>\n<p style=\"font-weight: 400;\"><strong>Datum proizvodnje: <\/strong>otisnut je na ambala\u017ei.<\/p>\n<p style=\"font-weight: 400;\"><strong>Rok trajanja: <\/strong>neograni\u010den uz pravilno skladi\u0161tenje<\/p>\n","protected":false},"excerpt":{"rendered":"<p>Bar kod: 4062700675144 Za sve balkonske biljke poput pelargonija, surfinije, dipladenije, petunije, fuksije, begonije, spori\u0161 (verbena), vodenike. Doziranje: LONCI, KORITA, OSTALE POSUDE Doziranje (zavisno od veli\u010dine) Promjer 9 \u2013 13 cm 3 &#8211; 6 g Promjer 14 \u2013 20 cm 10 g Promjer &gt; 20 cm 20 g NA GREDICAMA 60 g\/m2 MJE\u0160AVINA ZA SADNJU [&hellip;]<\/p>\n","protected":false},"featured_media":8772,"comment_status":"open","ping_status":"closed","template":"","meta":{"content-type":""},"product_brand":[],"product_cat":[87],"product_tag":[],"class_list":{"0":"post-8771","1":"product","2":"type-product","3":"status-publish","4":"has-post-thumbnail","6":"product_cat-substral","8":"first","9":"instock","10":"shipping-taxable","11":"purchasable","12":"product-type-simple"},"_links":{"self":[{"href":"https:\/\/luxorplasman.me\/luxor-consulting\/wp-json\/wp\/v2\/product\/8771","targetHints":{"allow":["GET"]}}],"collection":[{"href":"https:\/\/luxorplasman.me\/luxor-consulting\/wp-json\/wp\/v2\/product"}],"about":[{"href":"https:\/\/luxorplasman.me\/luxor-consulting\/wp-json\/wp\/v2\/types\/product"}],"replies":[{"embeddable":true,"href":"https:\/\/luxorplasman.me\/luxor-consulting\/wp-json\/wp\/v2\/comments?post=8771"}],"wp:featuredmedia":[{"embeddable":true,"href":"https:\/\/luxorplasman.me\/luxor-consulting\/wp-json\/wp\/v2\/media\/8772"}],"wp:attachment":[{"href":"https:\/\/luxorplasman.me\/luxor-consulting\/wp-json\/wp\/v2\/media?parent=8771"}],"wp:term":[{"taxonomy":"product_brand","embeddable":true,"href":"https:\/\/luxorplasman.me\/luxor-consulting\/wp-json\/wp\/v2\/product_brand?post=8771"},{"taxonomy":"product_cat","embeddable":true,"href":"https:\/\/luxorplasman.me\/luxor-consulting\/wp-json\/wp\/v2\/product_cat?post=8771"},{"taxonomy":"product_tag","embeddable":true,"href":"https:\/\/luxorplasman.me\/luxor-consulting\/wp-json\/wp\/v2\/product_tag?post=8771"}],"curies":[{"name":"wp","href":"https:\/\/api.w.org\/{rel}","templated":true}]}}