{"id":8767,"date":"2025-05-27T16:24:26","date_gmt":"2025-05-27T14:24:26","guid":{"rendered":"https:\/\/luxorplasman.me\/?post_type=product&#038;p=8767"},"modified":"2025-11-16T14:01:22","modified_gmt":"2025-11-16T13:01:22","slug":"sb-dugotrajno-djubrivo-osmocote-za-ruze-i-cvjetajuce-grmove-750g","status":"publish","type":"product","link":"https:\/\/luxorplasman.me\/luxor-consulting\/product\/sb-dugotrajno-djubrivo-osmocote-za-ruze-i-cvjetajuce-grmove-750g\/","title":{"rendered":"SB Dugotrajno \u0111ubrivo Osmocote za ru\u017ee i cvjetaju\u0107e grmove 750g"},"content":{"rendered":"<p>Bar kod: 4062700675038<\/p>\n<p style=\"font-weight: 400;\">Za sve vrste ru\u017ea i cvetaju\u0107ih grmova, poput obi\u010dnog pajasmina, \u0161panjolske bazga, vajgelije, crvene humike i cvjetne vi\u0161egodi\u0161nje biljke kao \u0161to su: asteri, ljiljani, floksi, bo\u017euri, neven, rudbekija.<\/p>\n<p style=\"font-weight: 400;\"><strong>\u00a0<\/strong><\/p>\n<p style=\"font-weight: 400;\"><strong>Doziranje:<\/strong><\/p>\n<table style=\"font-weight: 400;\">\n<tbody>\n<tr>\n<td width=\"242\">KOD SADNJE<\/td>\n<td width=\"242\"><strong>Doziranje (zavisno od veli\u010dine)<\/strong><\/td>\n<\/tr>\n<tr>\n<td width=\"242\">Ru\u017ee, cvatu\u0107e grmlje<\/td>\n<td width=\"242\"><strong>20 g\/biljci<\/strong><\/td>\n<\/tr>\n<tr>\n<td width=\"242\">DO\u0110UBRIVANJE<\/td>\n<td width=\"242\"><strong>\u00a0<\/strong><\/td>\n<\/tr>\n<tr>\n<td width=\"242\">Ru\u017ee<\/td>\n<td width=\"242\"><strong>60 g\/m2<\/strong><\/td>\n<\/tr>\n<tr>\n<td width=\"242\">Cvetaju\u0107i grmovi<\/td>\n<td width=\"242\"><strong>40 g\/m2<\/strong><\/td>\n<\/tr>\n<tr>\n<td width=\"242\">BILJKE U POSUDAMA<\/td>\n<td width=\"242\"><strong>Doziranje (zavisno od veli\u010dine)<\/strong><\/td>\n<\/tr>\n<tr>\n<td width=\"242\">Ru\u017ee, cvjetaju\u0107i grmovi<\/td>\n<td width=\"242\"><strong>20 &#8211; 40 g\/m2<\/strong><\/td>\n<\/tr>\n<tr>\n<td width=\"242\">Vi\u0161egodi\u0161nje biljke<\/td>\n<td width=\"242\"><strong>3 \u2013 4 g\/biljku<\/strong><\/td>\n<\/tr>\n<tr>\n<td width=\"242\">Mje\u0161avina za sadnju<\/td>\n<td width=\"242\"><strong>20 &#8211; 40 g\/10L zemlje<\/strong><\/td>\n<\/tr>\n<tr>\n<td width=\"242\"><strong>Vi\u0161egodi\u0161nje biljke<\/strong><\/td>\n<td width=\"242\"><strong>Doziranje (u zavisnosti od veli\u010dine)<\/strong><\/td>\n<\/tr>\n<tr>\n<td width=\"242\"><strong>Niskog rasta<\/strong><\/td>\n<td width=\"242\"><strong>30 &#8211; 40 g\/m2<\/strong><\/td>\n<\/tr>\n<tr>\n<td width=\"242\"><strong>Visokog rasta<\/strong><\/td>\n<td width=\"242\"><strong>60 g\/m2<\/strong><\/td>\n<\/tr>\n<\/tbody>\n<\/table>\n<p style=\"font-weight: 400;\"><strong>\u00a0<\/strong><\/p>\n<p style=\"font-weight: 400;\"><strong>Vrijeme upotrebe: <\/strong>najpogodnije vrijeme je od prolje\u0107a do najkasnije juna. U\u010destalost upotrebe: 1x godi\u0161nje.<\/p>\n<p style=\"font-weight: 400;\">SUBSTRAL dugoro\u010dno \u0111ubrivo Osmocote snadbijeva va\u0161e biljke hranljivim materijama tokom 6 meseci. Najprikladnije Vrijeme za upotrebu je prolje\u0107e.<\/p>\n<p style=\"font-weight: 400;\"><strong>Prilikom sadnje: 1<\/strong>. Prije sadnje pomije\u0161ati SUBSTRAL \u0111ubrivo i zemlju. 2. Dodajte malo mje\u0161avine \u0111ubriva i zemlje u jamu\/kontejner za sadnju. .3. Posadite biljku, nje\u017eno je pritisnite uz supstrat i rupu\/lonac za sadnju, i lonac napuniti mje\u0161avinom \u0111ubriva i zemlje. 4. Zasa\u0111enu biljku dobro zalijte.<\/p>\n<p style=\"font-weight: 400;\"><strong>Do\u0111ubravanje: <\/strong>\u0110ubrivo treba rasporediti po celoj povr\u0161ini korena. \u0110ubrivo se zatim unosi u zemlju i dobro zaliva povr\u0161ina.<\/p>\n<p style=\"font-weight: 400;\"><strong>SAVJET: <\/strong>\u0110ubrenje grmlja na travnjaku. U zemlji izbu\u0161ite rupe gvozdenom \u0161ipkom, bu\u0161ilicom, lopatom,&#8230; Popunite rupe \u0111ubrivom i prekrijte zemljom. Dobro zalijte povr\u0161inu.<\/p>\n<p style=\"font-weight: 400;\"><strong>Uputstvo za upotrebu: <\/strong>Za ispravno doziranje preporu\u010dujemo kori\u0161tenje prilo\u017eenog pomagala za doziranje. 1 \u010dajna ka\u0161i\u010dica = 5g \/ 1 supena ka\u0161ika = 15g.<\/p>\n<p style=\"font-weight: 400;\">Kada se hranljive materije oslobode, u zemlji \u0107e ostati prazne ovojnice od \u0111ubriva. \u0110ubrivo se do kraja vegetacijske sezone potro\u0161ilo, aovojnice se raspadju ne\u0161to sporije. Iako se omoti ponekad mogu na\u0107i u zemlji \u010dak iu narednoj sezoni, biljke je potrebno ponovo do\u0111ubriti.<\/p>\n<p style=\"font-weight: 400;\">Nepa\u017eljivo kori\u0161tenje mo\u017ee uzrokovati mrlje na drvenim i drugim podnim oblogama, kamenim plo\u010dama, ukrasnom kamenju, ivi\u010dnjacima itd. Stoga je potrebno odmah ukloniti rastresito \u0111ubrivo s gore navedenih povr\u0161ina.<\/p>\n<p style=\"font-weight: 400;\"><strong>Za dobrobit \u017eivotne sredine: na\u0161 doprinos zelenijoj planeti.<\/strong><\/p>\n<p style=\"font-weight: 400;\">Kartonska ambala\u017ea je napravljena od 100% recikliranih materijala. Ambala\u017ea se mo\u017ee 100% reciklirati.<\/p>\n<p style=\"font-weight: 400;\">Bacite praznu ambala\u017eu u kantu za recikla\u017eu.<\/p>\n<p style=\"font-weight: 400;\">Osmocote\u00ae je registrovani za\u0161titni znak kompanije Everris International BV.<\/p>\n<p style=\"font-weight: 400;\"><strong>Sadr\u017eaj: <\/strong>750 g (neto<strong>) <\/strong><\/p>\n<p style=\"font-weight: 400;\"><strong>MINERALNO \u0110UBRIVO PFC 1(C)(I)(a)(ii) <\/strong><\/p>\n<p style=\"font-weight: 400;\"><strong>\u0110ubrivo NPK (Mg) 22-7-14 (+2,5) sa mikronutrijentima <\/strong><\/p>\n<p style=\"font-weight: 400;\">22% ukupnog azota (N): 1,7% amonijevog azota, 19,1% azota iz uree, 1,2% azota iz urea formaldehida.<\/p>\n<p style=\"font-weight: 400;\">7% ukupnog fosfor pentoksida (P2O5): 6,6% fosfor pentoksida, topivog u vodi, 6,7% fosfor pentoksida,<\/p>\n<p style=\"font-weight: 400;\">topivog u neutralnom amonijevom citratu. 14% kalijevog oksid (K2O), topivog u vodi. 2,5% ukupnog magnezijevog oksida (MgO), 0,8% topivog u vodi.<\/p>\n<p style=\"font-weight: 400;\">Mikronutrijenti: 0,018% ukupnog bakra (Cu) kao oksid; 0,18% Ukupno gvo\u017e\u0111e (Fe), 0,03% Fe kao sulfat, 0,15% Fe kao oksid; 0,07% ukupnog mangana (Mn), 0,04% Mn kao sulfata, rastvorljivog u vodi, 0,03% Mn kao oksida; 0,038% ukupnog cinka (Zn), 0,006% Zn kao sulfat, 0,032% Zn kao oksid.<\/p>\n<p style=\"font-weight: 400;\"><strong>Granulometrija: <\/strong>Granule. 95 proizvoda je granulirano izme\u0111u 2,0 i 4,5 mm<strong>.<\/strong><\/p>\n<p style=\"font-weight: 400;\"><strong>Sastojci: <\/strong>urea1 (CAS br. 57-13-6), kalijum sulfat1 (CAS br. 7778-80-5), monoamonijum fosfat1 (CAS br. 7722-76-1).<\/p>\n<p style=\"font-weight: 400;\">1) Supstance i sme\u0161e iz neprera\u0111enih sirovina.<\/p>\n<p style=\"font-weight: 400;\"><strong>Dodatne informacije: <\/strong>Nizak sadr\u017eaj kadmijuma (Cd). SA niskim sadr\u017eajem hlorida.<\/p>\n<p style=\"font-weight: 400;\"><strong>Uputstvo za upotrebu: <\/strong>Za potro\u0161a\u010dku upotrebu. Za detaljnije informacije pogledajte tekst na pakovanju.<\/p>\n<p style=\"font-weight: 400;\">Koristite samo prema potrebama biljaka. Nemojte prekora\u010diti predvi\u0111enu dozu.<\/p>\n<p style=\"font-weight: 400;\"><strong>Vrijeme djelovanja: <\/strong>6 mjeseci. 35% proizvoda je premazano Osmocote\u00ae premazom, a 45% proizvoda je premazano E-Max\u00ae premazom.<\/p>\n<p style=\"font-weight: 400;\">Brzina osloba\u0111anja hranjivih materija mo\u017ee varirati zavisno od temperature zemlji\u0161ta. \u0110ubrenje mo\u017ee biti potrebno prilagoditi.<\/p>\n<p style=\"font-weight: 400;\">Ponovna upotreba nakon manje od \u0161est mjeseci nije dozvoljena.<\/p>\n<p style=\"font-weight: 400;\"><strong>Uslovi skladi\u0161tenja: <\/strong>\u010cuvati u originalnom pakovanju na hladnom, suvom mjestu, van doma\u0161aja dece i ku\u0107nih ljubimaca. Ve\u0107 kori\u0161teni proizvodi moraju se dobro zatvori.<\/p>\n<p style=\"font-weight: 400;\"><strong>Informacije o sigurnosti i okolini: <\/strong>\u0160tetno za vodene organizme s dugotrajnim posljedicama. Uklonite sadr\u017eaj i ambala\u017eu u skladu sa nacionalnim propisima. Sadr\u017ei izocijanate. Mo\u017ee izazvati alergijsku reakciju. Prilikom upotrebe preporu\u010duje se no\u0161enje ba\u0161tenskih rukavica. Operite ruke nakon upotrebe.<\/p>\n<p style=\"font-weight: 400;\">Ovo \u0111ubrivo sadr\u017ei ureu koja mo\u017ee osloboditi amonijak i uticati na kvalitet vazduha. U zavisnosti od lokalnih uslova moraju se preduzeti odgovaraju\u0107e mere za sanaciju.<\/p>\n<p style=\"font-weight: 400;\"><strong>Sve \u0161to biljkama treba je ljubav i Substral.<\/strong><\/p>\n<p style=\"font-weight: 400;\"><strong>Uvoznik i distributer<\/strong>: Luxor plasman D.O.O., Podgorica. Kontakt: 020\/257-000; <a href=\"mailto:luxorplasman@t-com.me\">luxorplasman@t-com.me<\/a><\/p>\n<p style=\"font-weight: 400;\"><strong>Proizvo\u0111a\u010d<\/strong>: Evergreen Garden Care Poland Sp. z o.o., ul. Ostrobramska 101A, 04-041 Warszawa,<\/p>\n<p style=\"font-weight: 400;\"><strong>Zemlja porijekla:<\/strong> Poljska<\/p>\n<p style=\"font-weight: 400;\"><strong>Godina uvoza: <\/strong>2025.<\/p>\n<p style=\"font-weight: 400;\"><strong>Datum proizvodnje: <\/strong>otisnut je na ambala\u017ei.<\/p>\n<p style=\"font-weight: 400;\"><strong>Rok trajanja: <\/strong>neograni\u010den uz pravilno skladi\u0161tenje<\/p>\n","protected":false},"excerpt":{"rendered":"<p>Bar kod: 4062700675038 Za sve vrste ru\u017ea i cvetaju\u0107ih grmova, poput obi\u010dnog pajasmina, \u0161panjolske bazga, vajgelije, crvene humike i cvjetne vi\u0161egodi\u0161nje biljke kao \u0161to su: asteri, ljiljani, floksi, bo\u017euri, neven, rudbekija. \u00a0 Doziranje: KOD SADNJE Doziranje (zavisno od veli\u010dine) Ru\u017ee, cvatu\u0107e grmlje 20 g\/biljci DO\u0110UBRIVANJE \u00a0 Ru\u017ee 60 g\/m2 Cvetaju\u0107i grmovi 40 g\/m2 BILJKE U [&hellip;]<\/p>\n","protected":false},"featured_media":8768,"comment_status":"open","ping_status":"closed","template":"","meta":{"content-type":""},"product_brand":[],"product_cat":[87],"product_tag":[],"class_list":{"0":"post-8767","1":"product","2":"type-product","3":"status-publish","4":"has-post-thumbnail","6":"product_cat-substral","8":"first","9":"instock","10":"featured","11":"shipping-taxable","12":"purchasable","13":"product-type-simple"},"_links":{"self":[{"href":"https:\/\/luxorplasman.me\/luxor-consulting\/wp-json\/wp\/v2\/product\/8767","targetHints":{"allow":["GET"]}}],"collection":[{"href":"https:\/\/luxorplasman.me\/luxor-consulting\/wp-json\/wp\/v2\/product"}],"about":[{"href":"https:\/\/luxorplasman.me\/luxor-consulting\/wp-json\/wp\/v2\/types\/product"}],"replies":[{"embeddable":true,"href":"https:\/\/luxorplasman.me\/luxor-consulting\/wp-json\/wp\/v2\/comments?post=8767"}],"wp:featuredmedia":[{"embeddable":true,"href":"https:\/\/luxorplasman.me\/luxor-consulting\/wp-json\/wp\/v2\/media\/8768"}],"wp:attachment":[{"href":"https:\/\/luxorplasman.me\/luxor-consulting\/wp-json\/wp\/v2\/media?parent=8767"}],"wp:term":[{"taxonomy":"product_brand","embeddable":true,"href":"https:\/\/luxorplasman.me\/luxor-consulting\/wp-json\/wp\/v2\/product_brand?post=8767"},{"taxonomy":"product_cat","embeddable":true,"href":"https:\/\/luxorplasman.me\/luxor-consulting\/wp-json\/wp\/v2\/product_cat?post=8767"},{"taxonomy":"product_tag","embeddable":true,"href":"https:\/\/luxorplasman.me\/luxor-consulting\/wp-json\/wp\/v2\/product_tag?post=8767"}],"curies":[{"name":"wp","href":"https:\/\/api.w.org\/{rel}","templated":true}]}}