{"id":8749,"date":"2025-05-20T23:24:51","date_gmt":"2025-05-20T21:24:51","guid":{"rendered":"https:\/\/luxorplasman.me\/?post_type=product&#038;p=8749"},"modified":"2025-05-20T23:24:51","modified_gmt":"2025-05-20T21:24:51","slug":"sb-zemlja-za-citruse-3l-2","status":"publish","type":"product","link":"https:\/\/luxorplasman.me\/luxor-consulting\/product\/sb-zemlja-za-citruse-3l-2\/","title":{"rendered":"SB Zemlja za citruse 3l"},"content":{"rendered":"<p>Bar kod: 5907487105615<\/p>\n<div class=\"proizvodOpis\">\n<div id=\"opis\" class=\"tab-pane fade in active\" role=\"tabpanel\">Zemlja za cve\u0107e Substral\u00a0je specijalno\u00a0namenjena za uzgoj svih vrsta citrusa. Me\u0161avina visokokvalitetnog treseta i kompostirane kore kao i specijalan sastav,\u00a0garancija je idealne strukture i zadr\u017eavanja primarne kiselosti supstrata. U zemlju za cve\u0107e Substral\u00a0dodano je i gvo\u017e\u0111e, koje spre\u010dava \u017eu\u0107enje listova.<\/p>\n<div><\/div>\n<\/div>\n<\/div>\n<div class=\"proizvodOpis\">\n<p class=\"izdvajamoNaslov\">Karakteristike &#8211; Zemlja za citruse 3L Substral SC 762<\/p>\n<p>Koli\u010dina: 3\u00a0l<\/p>\n<div>Sastav:\u00a0\u00a0Treset \u2013 90%; kompostirana kora \u2013 10%. Mikroelementi iz NPK \u0111ubriva: Azot (N) 100-160 mg\/l; Fosfor (kao P2O5) 120-180 mg\/l; Kalijum (kao K2O) 140-200 mg\/l.<\/div>\n<div>Sadr\u017eaj soli \u2013 manji od 3 g\/l.<\/div>\n<div>Oblik formulacije \u2013 granule<\/div>\n<div>Boja \u2013 mrka<\/div>\n<div>Miris \u2013 blago karakteristi\u010dan<\/div>\n<div>pH \u2013 5,5-6<\/div>\n<div>Vodni kapacitet \u2013 300-700 % vode<\/div>\n<div>\n<div>Primena: tokom cele godine-\u00a0prilikom rasa\u0111ivanja ili dopune sipanjem u posudu za sa\u0111enje.<\/div>\n<\/div>\n<\/div>\n","protected":false},"excerpt":{"rendered":"<p>Bar kod: 5907487105615 Zemlja za cve\u0107e Substral\u00a0je specijalno\u00a0namenjena za uzgoj svih vrsta citrusa. Me\u0161avina visokokvalitetnog treseta i kompostirane kore kao i specijalan sastav,\u00a0garancija je idealne strukture i zadr\u017eavanja primarne kiselosti supstrata. U zemlju za cve\u0107e Substral\u00a0dodano je i gvo\u017e\u0111e, koje spre\u010dava \u017eu\u0107enje listova. Karakteristike &#8211; Zemlja za citruse 3L Substral SC 762 Koli\u010dina: 3\u00a0l Sastav:\u00a0\u00a0Treset [&hellip;]<\/p>\n","protected":false},"featured_media":8750,"comment_status":"open","ping_status":"closed","template":"","meta":{"content-type":""},"product_brand":[],"product_cat":[253,87],"product_tag":[],"class_list":{"0":"post-8749","1":"product","2":"type-product","3":"status-publish","4":"has-post-thumbnail","6":"product_cat-odrzavanjebaste","7":"product_cat-substral","9":"first","10":"instock","11":"shipping-taxable","12":"purchasable","13":"product-type-simple"},"_links":{"self":[{"href":"https:\/\/luxorplasman.me\/luxor-consulting\/wp-json\/wp\/v2\/product\/8749","targetHints":{"allow":["GET"]}}],"collection":[{"href":"https:\/\/luxorplasman.me\/luxor-consulting\/wp-json\/wp\/v2\/product"}],"about":[{"href":"https:\/\/luxorplasman.me\/luxor-consulting\/wp-json\/wp\/v2\/types\/product"}],"replies":[{"embeddable":true,"href":"https:\/\/luxorplasman.me\/luxor-consulting\/wp-json\/wp\/v2\/comments?post=8749"}],"wp:featuredmedia":[{"embeddable":true,"href":"https:\/\/luxorplasman.me\/luxor-consulting\/wp-json\/wp\/v2\/media\/8750"}],"wp:attachment":[{"href":"https:\/\/luxorplasman.me\/luxor-consulting\/wp-json\/wp\/v2\/media?parent=8749"}],"wp:term":[{"taxonomy":"product_brand","embeddable":true,"href":"https:\/\/luxorplasman.me\/luxor-consulting\/wp-json\/wp\/v2\/product_brand?post=8749"},{"taxonomy":"product_cat","embeddable":true,"href":"https:\/\/luxorplasman.me\/luxor-consulting\/wp-json\/wp\/v2\/product_cat?post=8749"},{"taxonomy":"product_tag","embeddable":true,"href":"https:\/\/luxorplasman.me\/luxor-consulting\/wp-json\/wp\/v2\/product_tag?post=8749"}],"curies":[{"name":"wp","href":"https:\/\/api.w.org\/{rel}","templated":true}]}}