{"id":8730,"date":"2025-05-18T14:19:17","date_gmt":"2025-05-18T12:19:17","guid":{"rendered":"https:\/\/luxorplasman.me\/?post_type=product&#038;p=8730"},"modified":"2025-11-16T13:57:35","modified_gmt":"2025-11-16T12:57:35","slug":"kucica-za-pse","status":"publish","type":"product","link":"https:\/\/luxorplasman.me\/luxor-consulting\/product\/kucica-za-pse\/","title":{"rendered":"Ku\u0107ica za pse"},"content":{"rendered":"<p>Keter ku\u0107ica za pse pru\u017ea va\u0161em ljubimcu udoban, prostran i siguran prostor kroz sve sezone. Konstrukcija od izdr\u017eljive, otporne smole (resin) ne zahtijeva odr\u017eavanje, ne truli, ne upija mirise i lako se \u010disti. Podignut pod \u0161titi psa od vlage, a ventilacioni otvori osiguravaju svje\u017e zrak. Stabilna i \u010dvrsta konstrukcija dizajnirana je da podnese vanjske vremenske uslove.<\/p>\n<p>Broj proizvoda \/ SAP \u0160ifra: 7290106921177<br \/>\nEAN\/Bar kod: 7290106921177<\/p>\n<p>&nbsp;<\/p>\n","protected":false},"excerpt":{"rendered":"<p>Keter ku\u0107ica za pse pru\u017ea va\u0161em ljubimcu udoban, prostran i siguran prostor kroz sve sezone. Konstrukcija od izdr\u017eljive, otporne smole (resin) ne zahtijeva odr\u017eavanje, ne truli, ne upija mirise i lako se \u010disti. Podignut pod \u0161titi psa od vlage, a ventilacioni otvori osiguravaju svje\u017e zrak. Stabilna i \u010dvrsta konstrukcija dizajnirana je da podnese vanjske vremenske [&hellip;]<\/p>\n","protected":false},"featured_media":9005,"comment_status":"open","ping_status":"closed","template":"","meta":{"content-type":""},"product_brand":[],"product_cat":[168,179],"product_tag":[],"class_list":{"0":"post-8730","1":"product","2":"type-product","3":"status-publish","4":"has-post-thumbnail","6":"product_cat-keter","7":"product_cat-kucni-ljubimci","9":"first","10":"instock","11":"featured","12":"shipping-taxable","13":"purchasable","14":"product-type-simple"},"_links":{"self":[{"href":"https:\/\/luxorplasman.me\/luxor-consulting\/wp-json\/wp\/v2\/product\/8730","targetHints":{"allow":["GET"]}}],"collection":[{"href":"https:\/\/luxorplasman.me\/luxor-consulting\/wp-json\/wp\/v2\/product"}],"about":[{"href":"https:\/\/luxorplasman.me\/luxor-consulting\/wp-json\/wp\/v2\/types\/product"}],"replies":[{"embeddable":true,"href":"https:\/\/luxorplasman.me\/luxor-consulting\/wp-json\/wp\/v2\/comments?post=8730"}],"wp:featuredmedia":[{"embeddable":true,"href":"https:\/\/luxorplasman.me\/luxor-consulting\/wp-json\/wp\/v2\/media\/9005"}],"wp:attachment":[{"href":"https:\/\/luxorplasman.me\/luxor-consulting\/wp-json\/wp\/v2\/media?parent=8730"}],"wp:term":[{"taxonomy":"product_brand","embeddable":true,"href":"https:\/\/luxorplasman.me\/luxor-consulting\/wp-json\/wp\/v2\/product_brand?post=8730"},{"taxonomy":"product_cat","embeddable":true,"href":"https:\/\/luxorplasman.me\/luxor-consulting\/wp-json\/wp\/v2\/product_cat?post=8730"},{"taxonomy":"product_tag","embeddable":true,"href":"https:\/\/luxorplasman.me\/luxor-consulting\/wp-json\/wp\/v2\/product_tag?post=8730"}],"curies":[{"name":"wp","href":"https:\/\/api.w.org\/{rel}","templated":true}]}}