{"id":8701,"date":"2025-05-11T20:50:58","date_gmt":"2025-05-11T18:50:58","guid":{"rendered":"https:\/\/luxorplasman.me\/?post_type=product&#038;p=8701"},"modified":"2025-09-03T11:05:11","modified_gmt":"2025-09-03T09:05:11","slug":"corfu-ii-box-bastenska-garnitura-siva-dvosjed-2fotelje-sto-za-odlaganje","status":"publish","type":"product","link":"https:\/\/luxorplasman.me\/luxor-consulting\/product\/corfu-ii-box-bastenska-garnitura-siva-dvosjed-2fotelje-sto-za-odlaganje\/","title":{"rendered":"Corfu II box ba\u0161tenska garnitura, siva (dvosjed\/2fotelje\/sto za odlaganje)"},"content":{"rendered":"<p data-start=\"86\" data-end=\"512\"><strong data-start=\"86\" data-end=\"103\">Corfu Box Set<\/strong> \u2013 Elegantna garnitura iz popularne Corfu linije, sa povr\u0161inom u ratan izgledu. Sastoji se od dvije fotelje, dvoseda i stola koji ujedno slu\u017ei i kao prostrana kutija za odlaganje. Set dolazi sa udobnim jastucima u stilskim bojama, a lagana i stabilna konstrukcija savr\u0161eno se uklapa u vrt, terasu ili druge spolja\u0161nje prostore. Namje\u0161taj je jednostavan za odr\u017eavanje, otporan na vremenske uslove i UV zrake.<\/p>\n<p data-start=\"86\" data-end=\"512\"><strong data-start=\"545\" data-end=\"572\">Vanjske dimenzije (cm):<\/strong> Stolica (2x): 75 \u00d7 70 \u00d7 79; Sofa: 128 \u00d7 70 \u00d7 79; Sto (kutija): 79 \u00d7 59 \u00d7 42<br data-start=\"648\" data-end=\"651\" \/><strong data-start=\"651\" data-end=\"680\">Dimenzije pakovanja (cm):<\/strong> 120 \u00d7 82 \u00d7 62<br data-start=\"724\" data-end=\"727\" \/><strong data-start=\"727\" data-end=\"741\">Materijal:<\/strong> Polipropilen (plastika)<br data-start=\"765\" data-end=\"768\" \/><br data-start=\"791\" data-end=\"794\" \/><strong data-start=\"794\" data-end=\"810\">EAN\/Bar kod:<\/strong> 8711245158808]<br data-start=\"835\" data-end=\"838\" \/><strong data-start=\"838\" data-end=\"852\">SAP\/\u0160ifra:<\/strong> 258979<\/p>\n","protected":false},"excerpt":{"rendered":"<p>Corfu Box Set \u2013 Elegantna garnitura iz popularne Corfu linije, sa povr\u0161inom u ratan izgledu. Sastoji se od dvije fotelje, dvoseda i stola koji ujedno slu\u017ei i kao prostrana kutija za odlaganje. Set dolazi sa udobnim jastucima u stilskim bojama, a lagana i stabilna konstrukcija savr\u0161eno se uklapa u vrt, terasu ili druge spolja\u0161nje prostore. [&hellip;]<\/p>\n","protected":false},"featured_media":9143,"comment_status":"open","ping_status":"closed","template":"","meta":{"content-type":""},"product_brand":[],"product_cat":[235,168],"product_tag":[],"class_list":{"0":"post-8701","1":"product","2":"type-product","3":"status-publish","4":"has-post-thumbnail","6":"product_cat-bastenski-namjestaj","7":"product_cat-keter","9":"first","10":"instock","11":"shipping-taxable","12":"purchasable","13":"product-type-simple"},"_links":{"self":[{"href":"https:\/\/luxorplasman.me\/luxor-consulting\/wp-json\/wp\/v2\/product\/8701","targetHints":{"allow":["GET"]}}],"collection":[{"href":"https:\/\/luxorplasman.me\/luxor-consulting\/wp-json\/wp\/v2\/product"}],"about":[{"href":"https:\/\/luxorplasman.me\/luxor-consulting\/wp-json\/wp\/v2\/types\/product"}],"replies":[{"embeddable":true,"href":"https:\/\/luxorplasman.me\/luxor-consulting\/wp-json\/wp\/v2\/comments?post=8701"}],"wp:featuredmedia":[{"embeddable":true,"href":"https:\/\/luxorplasman.me\/luxor-consulting\/wp-json\/wp\/v2\/media\/9143"}],"wp:attachment":[{"href":"https:\/\/luxorplasman.me\/luxor-consulting\/wp-json\/wp\/v2\/media?parent=8701"}],"wp:term":[{"taxonomy":"product_brand","embeddable":true,"href":"https:\/\/luxorplasman.me\/luxor-consulting\/wp-json\/wp\/v2\/product_brand?post=8701"},{"taxonomy":"product_cat","embeddable":true,"href":"https:\/\/luxorplasman.me\/luxor-consulting\/wp-json\/wp\/v2\/product_cat?post=8701"},{"taxonomy":"product_tag","embeddable":true,"href":"https:\/\/luxorplasman.me\/luxor-consulting\/wp-json\/wp\/v2\/product_tag?post=8701"}],"curies":[{"name":"wp","href":"https:\/\/api.w.org\/{rel}","templated":true}]}}