{"id":8695,"date":"2025-05-11T20:43:00","date_gmt":"2025-05-11T18:43:00","guid":{"rendered":"https:\/\/luxorplasman.me\/?post_type=product&#038;p=8695"},"modified":"2025-11-24T16:38:33","modified_gmt":"2025-11-24T15:38:33","slug":"salemo-balcony-set-bastenska-garnitura-siva-2-fotelje-i-sto","status":"publish","type":"product","link":"https:\/\/luxorplasman.me\/luxor-consulting\/product\/salemo-balcony-set-bastenska-garnitura-siva-2-fotelje-i-sto\/","title":{"rendered":"Salemo balcony set ba\u0161tenska garnitura, siva( 2 fotelje i sto)"},"content":{"rendered":"<p data-start=\"74\" data-end=\"495\"><strong data-start=\"74\" data-end=\"98\">Salemo balkonski set<\/strong> \u2013 Moderan set elegantnog i aerodinami\u010dnog oblika koji kombinuje udobnost i visoku kvalitetu. Sastoji se od dvije prostrane fotelje i stola s funkcijom odlaganja, \u0161to ga \u010dini prakti\u010dnim i estetski privla\u010dnim rje\u0161enjem za balkone i manje prostore. Tekstura u ratan izgledu dodatno nagla\u0161ava sofisticiran dizajn. Namje\u0161taj je otporan na vremenske uslove, lako se \u010disti i jednostavan je za monta\u017eu.<\/p>\n<p data-start=\"74\" data-end=\"495\"><strong data-start=\"528\" data-end=\"555\">Vanjske dimenzije (cm):<\/strong> Stolica (2x): 79 \u00d7 67 \u00d7 76; Sto: 39 \u00d7 39 \u00d7 42<br data-start=\"601\" data-end=\"604\" \/><strong data-start=\"604\" data-end=\"633\">Dimenzije pakovanja (cm):<\/strong> 120 \u00d7 80 \u00d7 39<br data-start=\"677\" data-end=\"680\" \/><strong data-start=\"680\" data-end=\"694\">Materijal:<\/strong> Polipropilen (plastika)<br data-start=\"718\" data-end=\"721\" \/><br data-start=\"744\" data-end=\"747\" \/><strong data-start=\"747\" data-end=\"763\">EAN\/Bar kod:<\/strong> 8711245155302<br data-start=\"788\" data-end=\"791\" \/><strong data-start=\"791\" data-end=\"805\">SAP\/\u0160ifra:<\/strong> 253206<\/p>\n","protected":false},"excerpt":{"rendered":"<p>Salemo balkonski set \u2013 Moderan set elegantnog i aerodinami\u010dnog oblika koji kombinuje udobnost i visoku kvalitetu. Sastoji se od dvije prostrane fotelje i stola s funkcijom odlaganja, \u0161to ga \u010dini prakti\u010dnim i estetski privla\u010dnim rje\u0161enjem za balkone i manje prostore. Tekstura u ratan izgledu dodatno nagla\u0161ava sofisticiran dizajn. Namje\u0161taj je otporan na vremenske uslove, lako [&hellip;]<\/p>\n","protected":false},"featured_media":9120,"comment_status":"open","ping_status":"closed","template":"","meta":{"content-type":""},"product_brand":[],"product_cat":[235,168],"product_tag":[],"class_list":{"0":"post-8695","1":"product","2":"type-product","3":"status-publish","4":"has-post-thumbnail","6":"product_cat-bastenski-namjestaj","7":"product_cat-keter","9":"first","10":"instock","11":"sale","12":"shipping-taxable","13":"purchasable","14":"product-type-simple"},"_links":{"self":[{"href":"https:\/\/luxorplasman.me\/luxor-consulting\/wp-json\/wp\/v2\/product\/8695","targetHints":{"allow":["GET"]}}],"collection":[{"href":"https:\/\/luxorplasman.me\/luxor-consulting\/wp-json\/wp\/v2\/product"}],"about":[{"href":"https:\/\/luxorplasman.me\/luxor-consulting\/wp-json\/wp\/v2\/types\/product"}],"replies":[{"embeddable":true,"href":"https:\/\/luxorplasman.me\/luxor-consulting\/wp-json\/wp\/v2\/comments?post=8695"}],"wp:featuredmedia":[{"embeddable":true,"href":"https:\/\/luxorplasman.me\/luxor-consulting\/wp-json\/wp\/v2\/media\/9120"}],"wp:attachment":[{"href":"https:\/\/luxorplasman.me\/luxor-consulting\/wp-json\/wp\/v2\/media?parent=8695"}],"wp:term":[{"taxonomy":"product_brand","embeddable":true,"href":"https:\/\/luxorplasman.me\/luxor-consulting\/wp-json\/wp\/v2\/product_brand?post=8695"},{"taxonomy":"product_cat","embeddable":true,"href":"https:\/\/luxorplasman.me\/luxor-consulting\/wp-json\/wp\/v2\/product_cat?post=8695"},{"taxonomy":"product_tag","embeddable":true,"href":"https:\/\/luxorplasman.me\/luxor-consulting\/wp-json\/wp\/v2\/product_tag?post=8695"}],"curies":[{"name":"wp","href":"https:\/\/api.w.org\/{rel}","templated":true}]}}