{"id":8678,"date":"2025-05-11T19:20:37","date_gmt":"2025-05-11T17:20:37","guid":{"rendered":"https:\/\/luxorplasman.me\/?post_type=product&#038;p=8678"},"modified":"2025-08-21T09:26:38","modified_gmt":"2025-08-21T07:26:38","slug":"orlando-bastenska-garnitura-sa-malim-stolom-dvosjed-2-fotelje-i-sto","status":"publish","type":"product","link":"https:\/\/luxorplasman.me\/luxor-consulting\/product\/orlando-bastenska-garnitura-sa-malim-stolom-dvosjed-2-fotelje-i-sto\/","title":{"rendered":"Orlando ba\u0161tenska garnitura sa malim stolom (dvosjed, 2 fotelje i sto)"},"content":{"rendered":"<p>Bar kod: 8711245129341<\/p>\n<p class=\"\" data-start=\"105\" data-end=\"295\"><strong data-start=\"105\" data-end=\"132\">Terase, balkoni i ba\u0161te<\/strong> su mjesta na kojima rado provodimo vrijeme sa voljenima. Prijatnu atmosferu mo\u017eete dodatno upotpuniti stilskim ure\u0111enjem prostora i udobnom ba\u0161tenskom garniturom.<\/p>\n<p class=\"\" data-start=\"297\" data-end=\"470\"><strong data-start=\"297\" data-end=\"328\">Orlando set sa malim stolom<\/strong> je elegantan set namje\u0161taja sa povr\u0161inskom teksturom koja imitira prirodni ratan. Sastoji se od dvije fotelje, dvosjeda i prakti\u010dnog sto\u010di\u0107a.<\/p>\n<p class=\"\" data-start=\"472\" data-end=\"624\">Namje\u0161taj je izra\u0111en od kvalitetne plastike otporne na vremenske uslove i UV zrake, \u0161to ga \u010dini idealnim za kori\u0161\u0107enje na otvorenom tokom cijele godine.<\/p>\n<p class=\"\" data-start=\"626\" data-end=\"643\">\ud83d\udcd0 <strong data-start=\"629\" data-end=\"643\">Dimenzije:<\/strong><\/p>\n<ul data-start=\"644\" data-end=\"732\">\n<li class=\"\" data-start=\"644\" data-end=\"677\">\n<p class=\"\" data-start=\"646\" data-end=\"677\">Fotelja (x2): 65 \u00d7 65 \u00d7 75 cm<\/p>\n<\/li>\n<li class=\"\" data-start=\"678\" data-end=\"707\">\n<p class=\"\" data-start=\"680\" data-end=\"707\">Dvosjed: 126 \u00d7 65 \u00d7 75 cm<\/p>\n<\/li>\n<li class=\"\" data-start=\"708\" data-end=\"732\">\n<p class=\"\" data-start=\"710\" data-end=\"732\">Sto: 59 \u00d7 59 \u00d7 43 cm<\/p>\n<\/li>\n<\/ul>\n","protected":false},"excerpt":{"rendered":"<p>Bar kod: 8711245129341 Terase, balkoni i ba\u0161te su mjesta na kojima rado provodimo vrijeme sa voljenima. Prijatnu atmosferu mo\u017eete dodatno upotpuniti stilskim ure\u0111enjem prostora i udobnom ba\u0161tenskom garniturom. Orlando set sa malim stolom je elegantan set namje\u0161taja sa povr\u0161inskom teksturom koja imitira prirodni ratan. Sastoji se od dvije fotelje, dvosjeda i prakti\u010dnog sto\u010di\u0107a. Namje\u0161taj je [&hellip;]<\/p>\n","protected":false},"featured_media":8679,"comment_status":"open","ping_status":"closed","template":"","meta":{"content-type":""},"product_brand":[],"product_cat":[235,168],"product_tag":[],"class_list":{"0":"post-8678","1":"product","2":"type-product","3":"status-publish","4":"has-post-thumbnail","6":"product_cat-bastenski-namjestaj","7":"product_cat-keter","9":"first","10":"instock","11":"shipping-taxable","12":"purchasable","13":"product-type-simple"},"_links":{"self":[{"href":"https:\/\/luxorplasman.me\/luxor-consulting\/wp-json\/wp\/v2\/product\/8678","targetHints":{"allow":["GET"]}}],"collection":[{"href":"https:\/\/luxorplasman.me\/luxor-consulting\/wp-json\/wp\/v2\/product"}],"about":[{"href":"https:\/\/luxorplasman.me\/luxor-consulting\/wp-json\/wp\/v2\/types\/product"}],"replies":[{"embeddable":true,"href":"https:\/\/luxorplasman.me\/luxor-consulting\/wp-json\/wp\/v2\/comments?post=8678"}],"wp:featuredmedia":[{"embeddable":true,"href":"https:\/\/luxorplasman.me\/luxor-consulting\/wp-json\/wp\/v2\/media\/8679"}],"wp:attachment":[{"href":"https:\/\/luxorplasman.me\/luxor-consulting\/wp-json\/wp\/v2\/media?parent=8678"}],"wp:term":[{"taxonomy":"product_brand","embeddable":true,"href":"https:\/\/luxorplasman.me\/luxor-consulting\/wp-json\/wp\/v2\/product_brand?post=8678"},{"taxonomy":"product_cat","embeddable":true,"href":"https:\/\/luxorplasman.me\/luxor-consulting\/wp-json\/wp\/v2\/product_cat?post=8678"},{"taxonomy":"product_tag","embeddable":true,"href":"https:\/\/luxorplasman.me\/luxor-consulting\/wp-json\/wp\/v2\/product_tag?post=8678"}],"curies":[{"name":"wp","href":"https:\/\/api.w.org\/{rel}","templated":true}]}}