{"id":8675,"date":"2025-05-11T19:14:54","date_gmt":"2025-05-11T17:14:54","guid":{"rendered":"https:\/\/luxorplasman.me\/?post_type=product&#038;p=8675"},"modified":"2025-08-21T13:57:32","modified_gmt":"2025-08-21T11:57:32","slug":"corfu-ii-weekend-bastenska-garnitura-siva-2-fotelje-i-sto","status":"publish","type":"product","link":"https:\/\/luxorplasman.me\/luxor-consulting\/product\/corfu-ii-weekend-bastenska-garnitura-siva-2-fotelje-i-sto\/","title":{"rendered":"Corfu II Weekend ba\u0161tenska garnitura siva (2 fotelje i sto)"},"content":{"rendered":"<p><strong data-start=\"53\" data-end=\"70\">Corfu Weekend<\/strong> \u2013 Ljepota i elegancija u jednom setu. Kompaktan dizajn i optimalne dimenzije \u010dine ga savr\u0161enim izborom za opremanje manjih ba\u0161tenskih i balkonskih prostora. Set se sastoji od dvije fotelje sa mekim jastucima i prakti\u010dnog stola. Elegancija, udobnost i ergonomija garantuju potpuno zadovoljstvo prilikom odmora na otvorenom. Jednostavna monta\u017ea i lako odr\u017eavanje dodatno isti\u010du prakti\u010dnost ovog namje\u0161taja.<\/p>\n<p data-start=\"53\" data-end=\"477\"><strong data-start=\"510\" data-end=\"537\">Vanjske dimenzije (cm):<\/strong> Fotelja (2x): 75 \u00d7 70 \u00d7 79; Sto: 77 \u00d7 57 \u00d7 42<br data-start=\"583\" data-end=\"586\" \/><strong data-start=\"586\" data-end=\"615\">Dimenzije pakovanja (cm):<\/strong> 120 \u00d7 80 \u00d7 42<br data-start=\"659\" data-end=\"662\" \/><strong data-start=\"662\" data-end=\"676\">Materijal:<\/strong> Polipropilen (plastika)<br data-start=\"726\" data-end=\"729\" \/><strong data-start=\"729\" data-end=\"745\">EAN\/Bar kod:<\/strong> 3253929119149<br data-start=\"770\" data-end=\"773\" \/><strong data-start=\"773\" data-end=\"787\">SAP\/\u0160ifra:<\/strong> 223250<\/p>\n","protected":false},"excerpt":{"rendered":"<p>Corfu Weekend \u2013 Ljepota i elegancija u jednom setu. Kompaktan dizajn i optimalne dimenzije \u010dine ga savr\u0161enim izborom za opremanje manjih ba\u0161tenskih i balkonskih prostora. Set se sastoji od dvije fotelje sa mekim jastucima i prakti\u010dnog stola. Elegancija, udobnost i ergonomija garantuju potpuno zadovoljstvo prilikom odmora na otvorenom. Jednostavna monta\u017ea i lako odr\u017eavanje dodatno isti\u010du [&hellip;]<\/p>\n","protected":false},"featured_media":9035,"comment_status":"open","ping_status":"closed","template":"","meta":{"content-type":""},"product_brand":[],"product_cat":[235,168],"product_tag":[],"class_list":{"0":"post-8675","1":"product","2":"type-product","3":"status-publish","4":"has-post-thumbnail","6":"product_cat-bastenski-namjestaj","7":"product_cat-keter","9":"first","10":"instock","11":"shipping-taxable","12":"purchasable","13":"product-type-simple"},"_links":{"self":[{"href":"https:\/\/luxorplasman.me\/luxor-consulting\/wp-json\/wp\/v2\/product\/8675","targetHints":{"allow":["GET"]}}],"collection":[{"href":"https:\/\/luxorplasman.me\/luxor-consulting\/wp-json\/wp\/v2\/product"}],"about":[{"href":"https:\/\/luxorplasman.me\/luxor-consulting\/wp-json\/wp\/v2\/types\/product"}],"replies":[{"embeddable":true,"href":"https:\/\/luxorplasman.me\/luxor-consulting\/wp-json\/wp\/v2\/comments?post=8675"}],"wp:featuredmedia":[{"embeddable":true,"href":"https:\/\/luxorplasman.me\/luxor-consulting\/wp-json\/wp\/v2\/media\/9035"}],"wp:attachment":[{"href":"https:\/\/luxorplasman.me\/luxor-consulting\/wp-json\/wp\/v2\/media?parent=8675"}],"wp:term":[{"taxonomy":"product_brand","embeddable":true,"href":"https:\/\/luxorplasman.me\/luxor-consulting\/wp-json\/wp\/v2\/product_brand?post=8675"},{"taxonomy":"product_cat","embeddable":true,"href":"https:\/\/luxorplasman.me\/luxor-consulting\/wp-json\/wp\/v2\/product_cat?post=8675"},{"taxonomy":"product_tag","embeddable":true,"href":"https:\/\/luxorplasman.me\/luxor-consulting\/wp-json\/wp\/v2\/product_tag?post=8675"}],"curies":[{"name":"wp","href":"https:\/\/api.w.org\/{rel}","templated":true}]}}