{"id":8620,"date":"2025-04-25T13:13:43","date_gmt":"2025-04-25T11:13:43","guid":{"rendered":"https:\/\/luxorplasman.me\/?post_type=product&#038;p=8620"},"modified":"2025-10-19T23:33:46","modified_gmt":"2025-10-19T21:33:46","slug":"papirna-kesa-sa-unutrasnjom-ruckom-braon-18-8x22","status":"publish","type":"product","link":"https:\/\/luxorplasman.me\/luxor-consulting\/product\/papirna-kesa-sa-unutrasnjom-ruckom-braon-18-8x22\/","title":{"rendered":"R6466 &#8211; Kesa sa unutra\u0161njom ru\u010dkom, reciklirani papir (18 + 8 \u00d7 22 cm)"},"content":{"rendered":"<h3 data-start=\"145\" data-end=\"225\"><strong data-start=\"149\" data-end=\"223\">Papirna kesa sa unutra\u0161njom ru\u010dkom, reciklirani papir (18 + 8 \u00d7 22 cm)<\/strong><\/h3>\n<p data-start=\"227\" data-end=\"577\">Ekolo\u0161ka papirna kesa izra\u0111ena od <strong data-start=\"261\" data-end=\"284\">recikliranog papira<\/strong>, prirodne sive nijanse i blago rusti\u010dnog izgleda.<br data-start=\"334\" data-end=\"337\" \/>Dimenzije <strong data-start=\"347\" data-end=\"395\">18 cm (\u0161irina) + 8 cm (dno) \u00d7 22 cm (visina)<\/strong> \u010dine je savr\u0161enim izborom za apoteke, parfimerije, suvenirnice i gift shopove.<br data-start=\"474\" data-end=\"477\" \/>Kesa je lagana, urednog oblika i potpuno biorazgradiva, pogodna za brendirane kese manjeg formata.<\/p>\n<hr data-start=\"579\" data-end=\"582\" \/>\n<p data-start=\"584\" data-end=\"614\"><strong data-start=\"584\" data-end=\"612\">Specifikacija proizvoda:<\/strong><\/p>\n<ul data-start=\"615\" data-end=\"929\">\n<li data-start=\"615\" data-end=\"635\">\n<p data-start=\"617\" data-end=\"635\"><strong data-start=\"617\" data-end=\"627\">\u0160ifra:<\/strong> R6466<\/p>\n<\/li>\n<li data-start=\"636\" data-end=\"659\">\n<p data-start=\"638\" data-end=\"659\"><strong data-start=\"638\" data-end=\"652\">Gramatura:<\/strong> 70 g<\/p>\n<\/li>\n<li data-start=\"660\" data-end=\"701\">\n<p data-start=\"662\" data-end=\"701\"><strong data-start=\"662\" data-end=\"688\">Transportno pakovanje:<\/strong> 250 komada<\/p>\n<\/li>\n<li data-start=\"702\" data-end=\"751\">\n<p data-start=\"704\" data-end=\"751\"><strong data-start=\"704\" data-end=\"715\">Cijena:<\/strong> 20,00 \u20ac po jednom transportnom pakovanju (sa PDV-om)<\/p>\n<\/li>\n<li data-start=\"752\" data-end=\"841\">\n<p data-start=\"754\" data-end=\"841\"><strong data-start=\"754\" data-end=\"767\">Napomena:<\/strong> Proizvod se prodaje isklju\u010divo po transportnom pakovanju od 250 komada.<\/p>\n<\/li>\n<li data-start=\"842\" data-end=\"929\">\n<p data-start=\"844\" data-end=\"929\"><strong data-start=\"844\" data-end=\"856\">Dodatno:<\/strong> Za porud\u017ebine preko <strong data-start=\"877\" data-end=\"894\">10.000 komada<\/strong> mogu\u0107a je \u0161tampa po \u017eelji kupca.<\/p>\n<\/li>\n<\/ul>\n","protected":false},"excerpt":{"rendered":"<p>Papirna kesa sa unutra\u0161njom ru\u010dkom, reciklirani papir (18 + 8 \u00d7 22 cm) Ekolo\u0161ka papirna kesa izra\u0111ena od recikliranog papira, prirodne sive nijanse i blago rusti\u010dnog izgleda.Dimenzije 18 cm (\u0161irina) + 8 cm (dno) \u00d7 22 cm (visina) \u010dine je savr\u0161enim izborom za apoteke, parfimerije, suvenirnice i gift shopove.Kesa je lagana, urednog oblika i potpuno [&hellip;]<\/p>\n","protected":false},"featured_media":8621,"comment_status":"open","ping_status":"closed","template":"","meta":{"content-type":""},"product_brand":[],"product_cat":[196,165,195],"product_tag":[],"class_list":{"0":"post-8620","1":"product","2":"type-product","3":"status-publish","4":"has-post-thumbnail","6":"product_cat-kese-sa-unutrasnjom-ruckom","7":"product_cat-natura","8":"product_cat-papirne-kese","10":"first","11":"instock","12":"shipping-taxable","13":"purchasable","14":"product-type-simple"},"_links":{"self":[{"href":"https:\/\/luxorplasman.me\/luxor-consulting\/wp-json\/wp\/v2\/product\/8620","targetHints":{"allow":["GET"]}}],"collection":[{"href":"https:\/\/luxorplasman.me\/luxor-consulting\/wp-json\/wp\/v2\/product"}],"about":[{"href":"https:\/\/luxorplasman.me\/luxor-consulting\/wp-json\/wp\/v2\/types\/product"}],"replies":[{"embeddable":true,"href":"https:\/\/luxorplasman.me\/luxor-consulting\/wp-json\/wp\/v2\/comments?post=8620"}],"wp:featuredmedia":[{"embeddable":true,"href":"https:\/\/luxorplasman.me\/luxor-consulting\/wp-json\/wp\/v2\/media\/8621"}],"wp:attachment":[{"href":"https:\/\/luxorplasman.me\/luxor-consulting\/wp-json\/wp\/v2\/media?parent=8620"}],"wp:term":[{"taxonomy":"product_brand","embeddable":true,"href":"https:\/\/luxorplasman.me\/luxor-consulting\/wp-json\/wp\/v2\/product_brand?post=8620"},{"taxonomy":"product_cat","embeddable":true,"href":"https:\/\/luxorplasman.me\/luxor-consulting\/wp-json\/wp\/v2\/product_cat?post=8620"},{"taxonomy":"product_tag","embeddable":true,"href":"https:\/\/luxorplasman.me\/luxor-consulting\/wp-json\/wp\/v2\/product_tag?post=8620"}],"curies":[{"name":"wp","href":"https:\/\/api.w.org\/{rel}","templated":true}]}}