{"id":8126,"date":"2024-12-09T07:23:14","date_gmt":"2024-12-09T06:23:14","guid":{"rendered":"https:\/\/luxorplasman.me\/?post_type=product&#038;p=8126"},"modified":"2025-12-04T17:13:37","modified_gmt":"2025-12-04T16:13:37","slug":"kesa-tregerica-3202x90x460-52my-bijela-ld-pe-regenerat-d2w-aditiv","status":"publish","type":"product","link":"https:\/\/luxorplasman.me\/luxor-consulting\/product\/kesa-tregerica-3202x90x460-52my-bijela-ld-pe-regenerat-d2w-aditiv\/","title":{"rendered":"KESA TREGERICA 320+(2&#215;90)x460 52my bijela LD &#8211; PE &#8211; REGENERAT &#8211; D2W &#8211; ADITIV"},"content":{"rendered":"<article class=\"text-token-text-primary w-full focus:outline-none scroll-mt-[calc(var(--header-height)+min(200px,max(70px,20svh)))]\" dir=\"auto\" tabindex=\"-1\" data-turn-id=\"request-68a5bf61-b328-8320-a20b-462293734b90-4\" data-testid=\"conversation-turn-78\" data-scroll-anchor=\"true\" data-turn=\"assistant\">\n<div class=\"text-base my-auto mx-auto pb-10 [--thread-content-margin:--spacing(4)] thread-sm:[--thread-content-margin:--spacing(6)] thread-lg:[--thread-content-margin:--spacing(16)] px-(--thread-content-margin)\">\n<div class=\"[--thread-content-max-width:40rem] thread-sm:[--thread-content-max-width:40rem] thread-lg:[--thread-content-max-width:48rem] mx-auto max-w-(--thread-content-max-width) flex-1 group\/turn-messages focus-visible:outline-hidden relative flex w-full min-w-0 flex-col agent-turn\" tabindex=\"-1\">\n<div class=\"flex max-w-full flex-col grow\">\n<div class=\"min-h-8 text-message relative flex w-full flex-col items-end gap-2 text-start break-words whitespace-normal [.text-message+&amp;]:mt-5\" dir=\"auto\" data-message-author-role=\"assistant\" data-message-id=\"3a081e98-706c-4ed0-a7fc-62e85c101307\" data-message-model-slug=\"gpt-5\">\n<div class=\"flex w-full flex-col gap-1 empty:hidden first:pt-[3px]\">\n<div class=\"markdown prose dark:prose-invert w-full break-words light markdown-new-styling\">\n<p data-start=\"114\" data-end=\"338\">Debela i \u010dvrsta kesa od regeneriranog LD-PE, sa D2W aditivom za pobolj\u0161anu razgradnju. Idealna za trgovine, no\u0161enje te\u017eih namirnica i svakodnevnu upotrebu.<\/p>\n<p data-start=\"340\" data-end=\"360\"><strong data-start=\"340\" data-end=\"358\">Specifikacije:<\/strong><\/p>\n<ul data-start=\"361\" data-end=\"469\">\n<li data-start=\"361\" data-end=\"399\">\n<p data-start=\"363\" data-end=\"399\">Dimenzije: 320 + (2 \u00d7 90) \u00d7 460 mm<\/p>\n<\/li>\n<li data-start=\"400\" data-end=\"419\">\n<p data-start=\"402\" data-end=\"419\">Debljina: 52 my<\/p>\n<\/li>\n<li data-start=\"420\" data-end=\"436\">\n<p data-start=\"422\" data-end=\"436\">Boja: bijela<\/p>\n<\/li>\n<li data-start=\"437\" data-end=\"469\">\n<p data-start=\"439\" data-end=\"469\">Pakovanje: 500 kom \/ 1 paket<\/p>\n<\/li>\n<\/ul>\n<\/div>\n<\/div>\n<\/div>\n<\/div>\n<\/div>\n<\/div>\n<\/article>\n","protected":false},"excerpt":{"rendered":"<p>Debela i \u010dvrsta kesa od regeneriranog LD-PE, sa D2W aditivom za pobolj\u0161anu razgradnju. Idealna za trgovine, no\u0161enje te\u017eih namirnica i svakodnevnu upotrebu. Specifikacije: Dimenzije: 320 + (2 \u00d7 90) \u00d7 460 mm Debljina: 52 my Boja: bijela Pakovanje: 500 kom \/ 1 paket<\/p>\n","protected":false},"featured_media":8128,"comment_status":"open","ping_status":"closed","template":"","meta":{"content-type":""},"product_brand":[],"product_cat":[33,169,165,195,170],"product_tag":[],"class_list":{"0":"post-8126","1":"product","2":"type-product","3":"status-publish","4":"has-post-thumbnail","6":"product_cat-arke","7":"product_cat-folije-papiri-i-kese-za-kuhinju","8":"product_cat-natura","9":"product_cat-papirne-kese","10":"product_cat-plasticne-kese","12":"first","13":"instock","14":"shipping-taxable","15":"purchasable","16":"product-type-simple"},"_links":{"self":[{"href":"https:\/\/luxorplasman.me\/luxor-consulting\/wp-json\/wp\/v2\/product\/8126","targetHints":{"allow":["GET"]}}],"collection":[{"href":"https:\/\/luxorplasman.me\/luxor-consulting\/wp-json\/wp\/v2\/product"}],"about":[{"href":"https:\/\/luxorplasman.me\/luxor-consulting\/wp-json\/wp\/v2\/types\/product"}],"replies":[{"embeddable":true,"href":"https:\/\/luxorplasman.me\/luxor-consulting\/wp-json\/wp\/v2\/comments?post=8126"}],"wp:featuredmedia":[{"embeddable":true,"href":"https:\/\/luxorplasman.me\/luxor-consulting\/wp-json\/wp\/v2\/media\/8128"}],"wp:attachment":[{"href":"https:\/\/luxorplasman.me\/luxor-consulting\/wp-json\/wp\/v2\/media?parent=8126"}],"wp:term":[{"taxonomy":"product_brand","embeddable":true,"href":"https:\/\/luxorplasman.me\/luxor-consulting\/wp-json\/wp\/v2\/product_brand?post=8126"},{"taxonomy":"product_cat","embeddable":true,"href":"https:\/\/luxorplasman.me\/luxor-consulting\/wp-json\/wp\/v2\/product_cat?post=8126"},{"taxonomy":"product_tag","embeddable":true,"href":"https:\/\/luxorplasman.me\/luxor-consulting\/wp-json\/wp\/v2\/product_tag?post=8126"}],"curies":[{"name":"wp","href":"https:\/\/api.w.org\/{rel}","templated":true}]}}