{"id":7766,"date":"2024-11-20T06:44:14","date_gmt":"2024-11-20T05:44:14","guid":{"rendered":"https:\/\/luxorplasman.me\/?post_type=product&#038;p=7766"},"modified":"2025-10-22T08:49:58","modified_gmt":"2025-10-22T06:49:58","slug":"cackalice-stiletto-maxi-1000-1","status":"publish","type":"product","link":"https:\/\/luxorplasman.me\/luxor-consulting\/product\/cackalice-stiletto-maxi-1000-1\/","title":{"rendered":"\u010ca\u010dkalice STILETTO MAXI 1000\/1"},"content":{"rendered":"<p><strong data-start=\"1642\" data-end=\"1676\">\u010ca\u010dkalice STILETTO MAXI 1000\/1<\/strong><br data-start=\"1676\" data-end=\"1679\" \/>Ekonomi\u010dno pakovanje \u010da\u010dkalica za objekte sa velikim prometom i doma\u0107instva koja \u017eele prakti\u010dno rje\u0161enje. Napravljene od drveta visoke \u010dvrsto\u0107e i fino\u0107e, idealne su za restorane, kantine i svakodnevnu upotrebu.<\/p>\n<p><strong data-start=\"1892\" data-end=\"1902\">\u0160ifra:<\/strong> 308\u2003<strong data-start=\"1907\" data-end=\"1919\">Bar-kod:<\/strong> 8600102067417<\/p>\n","protected":false},"excerpt":{"rendered":"<p>\u010ca\u010dkalice STILETTO MAXI 1000\/1Ekonomi\u010dno pakovanje \u010da\u010dkalica za objekte sa velikim prometom i doma\u0107instva koja \u017eele prakti\u010dno rje\u0161enje. Napravljene od drveta visoke \u010dvrsto\u0107e i fino\u0107e, idealne su za restorane, kantine i svakodnevnu upotrebu. \u0160ifra: 308\u2003Bar-kod: 8600102067417<\/p>\n","protected":false},"featured_media":9472,"comment_status":"open","ping_status":"closed","template":"","meta":{"content-type":""},"product_brand":[],"product_cat":[212,86],"product_tag":[],"class_list":{"0":"post-7766","1":"product","2":"type-product","3":"status-publish","4":"has-post-thumbnail","6":"product_cat-cackalice","7":"product_cat-stiletto","9":"first","10":"instock","11":"shipping-taxable","12":"purchasable","13":"product-type-simple"},"_links":{"self":[{"href":"https:\/\/luxorplasman.me\/luxor-consulting\/wp-json\/wp\/v2\/product\/7766","targetHints":{"allow":["GET"]}}],"collection":[{"href":"https:\/\/luxorplasman.me\/luxor-consulting\/wp-json\/wp\/v2\/product"}],"about":[{"href":"https:\/\/luxorplasman.me\/luxor-consulting\/wp-json\/wp\/v2\/types\/product"}],"replies":[{"embeddable":true,"href":"https:\/\/luxorplasman.me\/luxor-consulting\/wp-json\/wp\/v2\/comments?post=7766"}],"wp:featuredmedia":[{"embeddable":true,"href":"https:\/\/luxorplasman.me\/luxor-consulting\/wp-json\/wp\/v2\/media\/9472"}],"wp:attachment":[{"href":"https:\/\/luxorplasman.me\/luxor-consulting\/wp-json\/wp\/v2\/media?parent=7766"}],"wp:term":[{"taxonomy":"product_brand","embeddable":true,"href":"https:\/\/luxorplasman.me\/luxor-consulting\/wp-json\/wp\/v2\/product_brand?post=7766"},{"taxonomy":"product_cat","embeddable":true,"href":"https:\/\/luxorplasman.me\/luxor-consulting\/wp-json\/wp\/v2\/product_cat?post=7766"},{"taxonomy":"product_tag","embeddable":true,"href":"https:\/\/luxorplasman.me\/luxor-consulting\/wp-json\/wp\/v2\/product_tag?post=7766"}],"curies":[{"name":"wp","href":"https:\/\/api.w.org\/{rel}","templated":true}]}}