{"id":7603,"date":"2024-11-20T06:42:59","date_gmt":"2024-11-20T05:42:59","guid":{"rendered":"https:\/\/luxorplasman.me\/?post_type=product&#038;p=7603"},"modified":"2025-06-10T12:10:29","modified_gmt":"2025-06-10T10:10:29","slug":"sb-zemlja-za-palme-i-juke-3l","status":"publish","type":"product","link":"https:\/\/luxorplasman.me\/luxor-consulting\/product\/sb-zemlja-za-palme-i-juke-3l\/","title":{"rendered":"SB Zemlja za zelene biljke 3l"},"content":{"rendered":"<p>BAR KOD: 5907487105653<\/p>\n<p style=\"font-weight: 400;\">Substral Osmocote\u00ae zemlja za zeleno ukrasno bilje je supstrat namijenjen za presa\u0111ivanje I sadnju svih vrsta sobnih zelenih biljaka, kao \u0161to su palme, fikusi, monstere, zamiokulkase, syngonium, epipremnum, flamingo, banane I mnoge druge. Mje\u0161avina gnojiva daje supstratu izvor hranjiva koji poti\u010de stvaranje korijenskog sistem te dalji rast i razvoj biljke. pH vrijednost supstrata je u rasponu od 5,7-6,2 i pru\u017ea optimalne uslove za razvoj i rast.<\/p>\n<p style=\"font-weight: 400;\"><strong>SASTAV<\/strong><\/p>\n<p style=\"font-weight: 400;\">Substral Osmocote\u00ae zemlja za zelene biljke je mje\u0161avina:<\/p>\n<ul>\n<li style=\"font-weight: 400;\">crnog treseta (zadr\u017eava vlagu)<\/li>\n<li style=\"font-weight: 400;\">bijelog treseta (prozra\u010dnost)<\/li>\n<li style=\"font-weight: 400;\">kompostirane kora<\/li>\n<li style=\"font-weight: 400;\">drvenih vlakana<\/li>\n<li style=\"font-weight: 400;\">Osmocote\u00ae dugotrajnog \u0111ubriva<\/li>\n<li style=\"font-weight: 400;\">po\u010detnog \u0111ubriva (sudjeluje u ukorjenjivanju i aklimatizaciji biljaka prve 2 nedjelje)<\/li>\n<\/ul>\n<p style=\"font-weight: 400;\">pH vrijednost: 5,7 &#8211; 6,2 (u H2O) elektri\u010dna vodljivost vodene otopine EC: ispod 150 mS\/m<\/p>\n<p style=\"font-weight: 400;\">Supstrat je oboga\u0107en mje\u0161avinom \u0111ubriva:<\/p>\n<p style=\"font-weight: 400;\">Osmocote NPK 15-09-11 i<\/p>\n<p style=\"font-weight: 400;\">Osmocote NPK 15-09-12 te Plant Starterom<\/p>\n<p style=\"font-weight: 400;\">NPK 10-52-10.<\/p>\n<p style=\"font-weight: 400;\"><strong>UPUTSTVO ZA KORI\u0160TENJE<\/strong><\/p>\n<p style=\"font-weight: 400;\">Vrijeme kori\u0161tenja: Od januara do decembra.<\/p>\n<p style=\"font-weight: 400;\">LONCI ZA CVIJE\u0106E<\/p>\n<ol>\n<li style=\"font-weight: 400;\">U posudu usipajte SUBSTRAL OSMOCOTE zemlju za zelene biljke.<\/li>\n<li style=\"font-weight: 400;\">Stavite biljku u sredinu posude, paze\u0107i da ne o\u0161tetite korijenje.<\/li>\n<li style=\"font-weight: 400;\">Posudu napunite zemljom, ali ne do vrha.<\/li>\n<li style=\"font-weight: 400;\">Dobro zalijte biljku.<\/li>\n<\/ol>\n<p style=\"font-weight: 400;\"><strong>SKLADI\u0160TENJE<\/strong><\/p>\n<p style=\"font-weight: 400;\">Nosite rukavice tijekom uporabe. Operite ruke nakon upotrebe.<\/p>\n<p style=\"font-weight: 400;\">Nakon upotrebe i tokom skladi\u0161tenja vre\u0107ica mora biti dobro zatvorena. To \u0107e sprije\u010diti isu\u0161ivanje supstrata.<\/p>\n<p style=\"font-weight: 400;\">Supstrat iskoristite \u0161to prije, jer predugo skladi\u0161tenje uti\u010de na njegov kvalitet i u\u010dinkovitost.<\/p>\n<p style=\"font-weight: 400;\">\u010cuvati u originalnoj ambala\u017ei, na suvom I hladnom mjestu, za\u0161ti\u0107eno od sunca.<\/p>\n<p style=\"font-weight: 400;\">\u010cuvati izvan dohvata djece i \u017eivotinja.<\/p>\n<p style=\"font-weight: 400;\"><strong>Sadr\u017eaj: <\/strong>3 L<\/p>\n<p style=\"font-weight: 400;\">Vre\u0107ica je dovoljna za:<\/p>\n<ul>\n<li style=\"font-weight: 400;\">10 posuda promjera 9-11 cm<\/li>\n<li style=\"font-weight: 400;\">5 posuda promjera 12-15 cm<\/li>\n<li style=\"font-weight: 400;\">1 lonac promjera 18-20 cm<\/li>\n<\/ul>\n<p style=\"font-weight: 400;\"><strong>SAVJETI IZ SUBSTRALA<\/strong><\/p>\n<ul>\n<li style=\"font-weight: 400;\">Biljke je potrebno redovito zalijevati. Supstrat uvijek mora biti vla\u017ean. Ne smijete dopustiti da se supstrat osu\u0161i, niti pustiti biljke da stoje u vodi, biljke ne vole \u00bbmokre noge\u00ab.<\/li>\n<li style=\"font-weight: 400;\">Za potpunu njegu preporu\u010damo kori\u0161tenje SUBSTRAL \u0111ubriva.<\/li>\n<li style=\"font-weight: 400;\"><strong>PA\u017dNJA: <\/strong>Nakon otpu\u0161tanja hranjivih materija u zemlji \u0107e ostati prazne ovojnice \u0111ubriva. \u0110ubrivo se potro\u0161i do kraja vegetacije, a ovojnice se ne\u0161to sporije razgra\u0111uju. Iako se ovojnice ponekad mogu na\u0107i u zemlji u narednoj sezoni, biljke je potrebno ponovno prihraniti.<\/li>\n<\/ul>\n<p style=\"font-weight: 400;\">SMANJENI SADR\u017dAJ TRESETA<\/p>\n<p style=\"font-weight: 400;\">U vrijeme rastu\u0107e ekolo\u0161ke svijesti, \u017eelimo ponuditi proizvode koji osiguravaju odr\u017eivi razvoj. Zato tra\u017eimo alternative tresetu kojeg je u okoli\u0161u sve manje. Radi za\u0161tite okoli\u0161a, supstrati Substral Osmocote imaju smanjen udio treseta. Umjesto treseta koriste se drvena vlakna koja su prirodna, organska i ekolo\u0161ka sirovina dobivena iz obnovljivih izvora. Drvena vlakna imaju sli\u010dna svojstva kao treset, pobolj\u0161avaju strukturu tla, drena\u017eu i sadr\u017eaj zraka u supstratu, \u010dime pobolj\u0161avaju uvjete za rast i razvoj biljaka.<\/p>\n<p style=\"font-weight: 400;\"><strong>Uvoznik i distributer<\/strong>: Luxor plasman D.O.O., Podgorica. Kontakt: 020\/257-000; <a href=\"mailto:luxorplasman@t-com.me\">luxorplasman@t-com.me<\/a><\/p>\n<p style=\"font-weight: 400;\"><strong>Proizvo\u0111a\u010d<\/strong>: Evergreen Garden Care Poland Sp. z o.o., ul. Ostrobramska 101A, 04-041 Warszawa,<\/p>\n<p style=\"font-weight: 400;\"><strong>Zemlja porijekla:<\/strong> Poljska<\/p>\n<p style=\"font-weight: 400;\"><strong>Godina uvoza: <\/strong>2025.<\/p>\n<p style=\"font-weight: 400;\"><strong>Datum proizvodnje: <\/strong>otisnut je na ambala\u017ei.<\/p>\n","protected":false},"excerpt":{"rendered":"<p>BAR KOD: 5907487105653 Substral Osmocote\u00ae zemlja za zeleno ukrasno bilje je supstrat namijenjen za presa\u0111ivanje I sadnju svih vrsta sobnih zelenih biljaka, kao \u0161to su palme, fikusi, monstere, zamiokulkase, syngonium, epipremnum, flamingo, banane I mnoge druge. Mje\u0161avina gnojiva daje supstratu izvor hranjiva koji poti\u010de stvaranje korijenskog sistem te dalji rast i razvoj biljke. pH vrijednost [&hellip;]<\/p>\n","protected":false},"featured_media":7969,"comment_status":"open","ping_status":"closed","template":"","meta":{"content-type":""},"product_brand":[],"product_cat":[253,87],"product_tag":[],"class_list":{"0":"post-7603","1":"product","2":"type-product","3":"status-publish","4":"has-post-thumbnail","6":"product_cat-odrzavanjebaste","7":"product_cat-substral","9":"first","10":"instock","11":"shipping-taxable","12":"purchasable","13":"product-type-simple"},"_links":{"self":[{"href":"https:\/\/luxorplasman.me\/luxor-consulting\/wp-json\/wp\/v2\/product\/7603","targetHints":{"allow":["GET"]}}],"collection":[{"href":"https:\/\/luxorplasman.me\/luxor-consulting\/wp-json\/wp\/v2\/product"}],"about":[{"href":"https:\/\/luxorplasman.me\/luxor-consulting\/wp-json\/wp\/v2\/types\/product"}],"replies":[{"embeddable":true,"href":"https:\/\/luxorplasman.me\/luxor-consulting\/wp-json\/wp\/v2\/comments?post=7603"}],"wp:featuredmedia":[{"embeddable":true,"href":"https:\/\/luxorplasman.me\/luxor-consulting\/wp-json\/wp\/v2\/media\/7969"}],"wp:attachment":[{"href":"https:\/\/luxorplasman.me\/luxor-consulting\/wp-json\/wp\/v2\/media?parent=7603"}],"wp:term":[{"taxonomy":"product_brand","embeddable":true,"href":"https:\/\/luxorplasman.me\/luxor-consulting\/wp-json\/wp\/v2\/product_brand?post=7603"},{"taxonomy":"product_cat","embeddable":true,"href":"https:\/\/luxorplasman.me\/luxor-consulting\/wp-json\/wp\/v2\/product_cat?post=7603"},{"taxonomy":"product_tag","embeddable":true,"href":"https:\/\/luxorplasman.me\/luxor-consulting\/wp-json\/wp\/v2\/product_tag?post=7603"}],"curies":[{"name":"wp","href":"https:\/\/api.w.org\/{rel}","templated":true}]}}