{"id":7576,"date":"2024-11-20T06:42:44","date_gmt":"2024-11-20T05:42:44","guid":{"rendered":"https:\/\/luxorplasman.me\/?post_type=product&#038;p=7576"},"modified":"2025-05-27T15:47:48","modified_gmt":"2025-05-27T13:47:48","slug":"sb-sjaj-za-lisce-200-ml","status":"publish","type":"product","link":"https:\/\/luxorplasman.me\/luxor-consulting\/product\/sb-sjaj-za-lisce-200-ml\/","title":{"rendered":"SB Sjaj za li\u0161\u0107e 200 ml."},"content":{"rendered":"<p>BAR KOD: 4062700674512<\/p>\n<p data-start=\"60\" data-end=\"377\">Odr\u017eite sobne biljke lijepim i njegovanog izgleda uz Substral sprej za sjaj listova. Efikasno uklanja naslage kamenca i pra\u0161ine, ostavljaju\u0107i listove svje\u017eim, sjajnim i \u010distim. Dugotrajan sjaj ne samo da uljep\u0161ava izgled biljaka, ve\u0107 i odbija pra\u0161inu, \u010dine\u0107i njegu jednostavnijom.<\/p>\n","protected":false},"excerpt":{"rendered":"<p>BAR KOD: 4062700674512 Odr\u017eite sobne biljke lijepim i njegovanog izgleda uz Substral sprej za sjaj listova. Efikasno uklanja naslage kamenca i pra\u0161ine, ostavljaju\u0107i listove svje\u017eim, sjajnim i \u010distim. Dugotrajan sjaj ne samo da uljep\u0161ava izgled biljaka, ve\u0107 i odbija pra\u0161inu, \u010dine\u0107i njegu jednostavnijom.<\/p>\n","protected":false},"featured_media":7994,"comment_status":"open","ping_status":"closed","template":"","meta":{"content-type":""},"product_brand":[],"product_cat":[253,87],"product_tag":[],"class_list":{"0":"post-7576","1":"product","2":"type-product","3":"status-publish","4":"has-post-thumbnail","6":"product_cat-odrzavanjebaste","7":"product_cat-substral","9":"first","10":"instock","11":"shipping-taxable","12":"purchasable","13":"product-type-simple"},"_links":{"self":[{"href":"https:\/\/luxorplasman.me\/luxor-consulting\/wp-json\/wp\/v2\/product\/7576","targetHints":{"allow":["GET"]}}],"collection":[{"href":"https:\/\/luxorplasman.me\/luxor-consulting\/wp-json\/wp\/v2\/product"}],"about":[{"href":"https:\/\/luxorplasman.me\/luxor-consulting\/wp-json\/wp\/v2\/types\/product"}],"replies":[{"embeddable":true,"href":"https:\/\/luxorplasman.me\/luxor-consulting\/wp-json\/wp\/v2\/comments?post=7576"}],"wp:featuredmedia":[{"embeddable":true,"href":"https:\/\/luxorplasman.me\/luxor-consulting\/wp-json\/wp\/v2\/media\/7994"}],"wp:attachment":[{"href":"https:\/\/luxorplasman.me\/luxor-consulting\/wp-json\/wp\/v2\/media?parent=7576"}],"wp:term":[{"taxonomy":"product_brand","embeddable":true,"href":"https:\/\/luxorplasman.me\/luxor-consulting\/wp-json\/wp\/v2\/product_brand?post=7576"},{"taxonomy":"product_cat","embeddable":true,"href":"https:\/\/luxorplasman.me\/luxor-consulting\/wp-json\/wp\/v2\/product_cat?post=7576"},{"taxonomy":"product_tag","embeddable":true,"href":"https:\/\/luxorplasman.me\/luxor-consulting\/wp-json\/wp\/v2\/product_tag?post=7576"}],"curies":[{"name":"wp","href":"https:\/\/api.w.org\/{rel}","templated":true}]}}