{"id":7559,"date":"2024-11-20T06:42:38","date_gmt":"2024-11-20T05:42:38","guid":{"rendered":"https:\/\/luxorplasman.me\/?post_type=product&#038;p=7559"},"modified":"2025-11-24T16:40:43","modified_gmt":"2025-11-24T15:40:43","slug":"djeciji-stocic-sa-dvije-stolice","status":"publish","type":"product","link":"https:\/\/luxorplasman.me\/luxor-consulting\/product\/djeciji-stocic-sa-dvije-stolice\/","title":{"rendered":"Djeciji stocic sa dvije stolice"},"content":{"rendered":"<p data-start=\"96\" data-end=\"701\"><strong data-start=\"96\" data-end=\"160\">Keter ConstrucTable \u2013 Dje\u010diji sto za aktivnosti sa 2 stolice<\/strong> \u2013 Multifunkcionalni sto koji podsti\u010de ma\u0161tu i kreativnost djece kroz igru, rukotvorine i umjetni\u010dke projekte. Dvostrana plo\u010da omogu\u0107ava brzo prelazak s jedne aktivnosti na drugu: glatka strana je idealna za crtanje, bojenje i slagalice, dok konstrukcijska povr\u0161ina pru\u017ea savr\u0161enu osnovu za igru s kockama poput LEGO, Duplo ili Mega Bloks. Sto ima prakti\u010dan prostor za odlaganje ispod plo\u010de, a set uklju\u010duje i dvije \u010dvrste stolice koje se lako odla\u017eu ispod stola. Plo\u010da se po \u017eelji mo\u017ee skinuti i oka\u010diti na zid za dodatne mogu\u0107nosti igre.<\/p>\n<p data-start=\"65\" data-end=\"449\"><br data-start=\"616\" data-end=\"619\" \/><strong data-start=\"619\" data-end=\"633\">Materijal:<\/strong> Polipropilen (plastika)<br data-start=\"694\" data-end=\"697\" \/><strong data-start=\"697\" data-end=\"713\">EAN\/Bar kod:<\/strong>729010629593<br data-start=\"738\" data-end=\"741\" \/><strong data-start=\"741\" data-end=\"755\">SAP\/\u0160ifra:<\/strong> 227497<\/p>\n","protected":false},"excerpt":{"rendered":"<p>Keter ConstrucTable \u2013 Dje\u010diji sto za aktivnosti sa 2 stolice \u2013 Multifunkcionalni sto koji podsti\u010de ma\u0161tu i kreativnost djece kroz igru, rukotvorine i umjetni\u010dke projekte. Dvostrana plo\u010da omogu\u0107ava brzo prelazak s jedne aktivnosti na drugu: glatka strana je idealna za crtanje, bojenje i slagalice, dok konstrukcijska povr\u0161ina pru\u017ea savr\u0161enu osnovu za igru s kockama poput [&hellip;]<\/p>\n","protected":false},"featured_media":8013,"comment_status":"open","ping_status":"closed","template":"","meta":{"content-type":""},"product_brand":[],"product_cat":[235,168],"product_tag":[],"class_list":{"0":"post-7559","1":"product","2":"type-product","3":"status-publish","4":"has-post-thumbnail","6":"product_cat-bastenski-namjestaj","7":"product_cat-keter","9":"first","10":"instock","11":"sale","12":"shipping-taxable","13":"purchasable","14":"product-type-simple"},"_links":{"self":[{"href":"https:\/\/luxorplasman.me\/luxor-consulting\/wp-json\/wp\/v2\/product\/7559","targetHints":{"allow":["GET"]}}],"collection":[{"href":"https:\/\/luxorplasman.me\/luxor-consulting\/wp-json\/wp\/v2\/product"}],"about":[{"href":"https:\/\/luxorplasman.me\/luxor-consulting\/wp-json\/wp\/v2\/types\/product"}],"replies":[{"embeddable":true,"href":"https:\/\/luxorplasman.me\/luxor-consulting\/wp-json\/wp\/v2\/comments?post=7559"}],"wp:featuredmedia":[{"embeddable":true,"href":"https:\/\/luxorplasman.me\/luxor-consulting\/wp-json\/wp\/v2\/media\/8013"}],"wp:attachment":[{"href":"https:\/\/luxorplasman.me\/luxor-consulting\/wp-json\/wp\/v2\/media?parent=7559"}],"wp:term":[{"taxonomy":"product_brand","embeddable":true,"href":"https:\/\/luxorplasman.me\/luxor-consulting\/wp-json\/wp\/v2\/product_brand?post=7559"},{"taxonomy":"product_cat","embeddable":true,"href":"https:\/\/luxorplasman.me\/luxor-consulting\/wp-json\/wp\/v2\/product_cat?post=7559"},{"taxonomy":"product_tag","embeddable":true,"href":"https:\/\/luxorplasman.me\/luxor-consulting\/wp-json\/wp\/v2\/product_tag?post=7559"}],"curies":[{"name":"wp","href":"https:\/\/api.w.org\/{rel}","templated":true}]}}