{"id":7557,"date":"2024-11-20T06:42:37","date_gmt":"2024-11-20T05:42:37","guid":{"rendered":"https:\/\/luxorplasman.me\/?post_type=product&#038;p=7557"},"modified":"2025-09-03T10:46:01","modified_gmt":"2025-09-03T08:46:01","slug":"cool-bar-30l-sivi","status":"publish","type":"product","link":"https:\/\/luxorplasman.me\/luxor-consulting\/product\/cool-bar-30l-sivi\/","title":{"rendered":"Cool Bar 30l sivi"},"content":{"rendered":"<div class=\"u-margin-bottom-8 u-text--size-small\">\n<p data-start=\"80\" data-end=\"374\"><strong data-start=\"80\" data-end=\"92\">Cool Bar<\/strong> \u2013 Vi\u0161enamjenski ba\u0161tenski bar koji se u rasklopljenom obliku koristi kao mobilni sto, dok u sklopljenom obliku postaje klasi\u010dni bar sa posudom za hla\u0111enje pi\u0107a. Elegantni dizajn i funkcionalnost \u010dine ga idealnim rje\u0161enjem za dru\u0161tvena i porodi\u010dna okupljanja u vrtu ili na terasi.<\/p>\n<p data-start=\"80\" data-end=\"374\"><strong data-start=\"407\" data-end=\"434\">Vanjske dimenzije (cm):<\/strong> 49,5 \u00d7 49,5 \u00d7 57 \u2013 84,5<br data-start=\"458\" data-end=\"461\" \/><strong data-start=\"461\" data-end=\"490\">Dimenzije pakovanja (cm):<\/strong> 49,5 \u00d7 50 \u00d7 41<br data-start=\"554\" data-end=\"557\" \/><strong data-start=\"557\" data-end=\"571\">Materijal:<\/strong> Polipropilen (plastika)<br data-start=\"632\" data-end=\"635\" \/><strong data-start=\"635\" data-end=\"651\">EAN\/Bar kod:<\/strong> 7290106920644<br data-start=\"676\" data-end=\"679\" \/><strong data-start=\"679\" data-end=\"693\">SAP\/\u0160ifra:<\/strong> 230901<\/p>\n<\/div>\n","protected":false},"excerpt":{"rendered":"<p>Cool Bar \u2013 Vi\u0161enamjenski ba\u0161tenski bar koji se u rasklopljenom obliku koristi kao mobilni sto, dok u sklopljenom obliku postaje klasi\u010dni bar sa posudom za hla\u0111enje pi\u0107a. Elegantni dizajn i funkcionalnost \u010dine ga idealnim rje\u0161enjem za dru\u0161tvena i porodi\u010dna okupljanja u vrtu ili na terasi. Vanjske dimenzije (cm): 49,5 \u00d7 49,5 \u00d7 57 \u2013 84,5Dimenzije [&hellip;]<\/p>\n","protected":false},"featured_media":9072,"comment_status":"open","ping_status":"closed","template":"","meta":{"content-type":""},"product_brand":[],"product_cat":[235,168],"product_tag":[],"class_list":{"0":"post-7557","1":"product","2":"type-product","3":"status-publish","4":"has-post-thumbnail","6":"product_cat-bastenski-namjestaj","7":"product_cat-keter","9":"first","10":"instock","11":"shipping-taxable","12":"purchasable","13":"product-type-simple"},"_links":{"self":[{"href":"https:\/\/luxorplasman.me\/luxor-consulting\/wp-json\/wp\/v2\/product\/7557","targetHints":{"allow":["GET"]}}],"collection":[{"href":"https:\/\/luxorplasman.me\/luxor-consulting\/wp-json\/wp\/v2\/product"}],"about":[{"href":"https:\/\/luxorplasman.me\/luxor-consulting\/wp-json\/wp\/v2\/types\/product"}],"replies":[{"embeddable":true,"href":"https:\/\/luxorplasman.me\/luxor-consulting\/wp-json\/wp\/v2\/comments?post=7557"}],"wp:featuredmedia":[{"embeddable":true,"href":"https:\/\/luxorplasman.me\/luxor-consulting\/wp-json\/wp\/v2\/media\/9072"}],"wp:attachment":[{"href":"https:\/\/luxorplasman.me\/luxor-consulting\/wp-json\/wp\/v2\/media?parent=7557"}],"wp:term":[{"taxonomy":"product_brand","embeddable":true,"href":"https:\/\/luxorplasman.me\/luxor-consulting\/wp-json\/wp\/v2\/product_brand?post=7557"},{"taxonomy":"product_cat","embeddable":true,"href":"https:\/\/luxorplasman.me\/luxor-consulting\/wp-json\/wp\/v2\/product_cat?post=7557"},{"taxonomy":"product_tag","embeddable":true,"href":"https:\/\/luxorplasman.me\/luxor-consulting\/wp-json\/wp\/v2\/product_tag?post=7557"}],"curies":[{"name":"wp","href":"https:\/\/api.w.org\/{rel}","templated":true}]}}