{"id":7552,"date":"2024-11-20T06:42:37","date_gmt":"2024-11-20T05:42:37","guid":{"rendered":"https:\/\/luxorplasman.me\/?post_type=product&#038;p=7552"},"modified":"2025-08-26T14:41:54","modified_gmt":"2025-08-26T12:41:54","slug":"corfu-ii-box-garnitura-braon","status":"publish","type":"product","link":"https:\/\/luxorplasman.me\/luxor-consulting\/product\/corfu-ii-box-garnitura-braon\/","title":{"rendered":"Corfu II Box garnitura braon"},"content":{"rendered":"<p data-start=\"98\" data-end=\"523\"><strong data-start=\"98\" data-end=\"115\">Corfu Box Set<\/strong> \u2013 Elegantna garnitura iz Corfu linije, sa povr\u0161inom u ratan izgledu. Set se sastoji od dvije fotelje, dvoseda i stola koji ujedno slu\u017ei kao prostrana kutija za odlaganje. U kompletu dolaze mekani jastuci u stilskim bojama. Lagana i stabilna konstrukcija omogu\u0107ava savr\u0161eno uklapanje u vrt, terasu ili bilo koji drugi prostor. Namje\u0161taj je jednostavan za odr\u017eavanje, otporan na vremenske uslove i UV zrake.<\/p>\n<p data-start=\"98\" data-end=\"523\"><strong data-start=\"556\" data-end=\"583\">Vanjske dimenzije (cm):<\/strong> Stolica (2x): 75 \u00d7 70 \u00d7 79; Sofa: 128 \u00d7 70 \u00d7 79; Sto (kutija): 79 \u00d7 59 \u00d7 42<br data-start=\"659\" data-end=\"662\" \/><strong data-start=\"662\" data-end=\"691\">Dimenzije pakovanja (cm):<\/strong> 120 \u00d7 82 \u00d7 62<br data-start=\"754\" data-end=\"757\" \/><strong data-start=\"757\" data-end=\"771\">Materijal:<\/strong> Polipropilen (plastika)<br data-start=\"795\" data-end=\"798\" \/><br data-start=\"821\" data-end=\"824\" \/><strong data-start=\"824\" data-end=\"840\">EAN\/Bar kod:<\/strong> 3253929131042<br data-start=\"865\" data-end=\"868\" \/><strong data-start=\"868\" data-end=\"882\">SAP\/\u0160ifra:<\/strong> 223172<\/p>\n","protected":false},"excerpt":{"rendered":"<p>Corfu Box Set \u2013 Elegantna garnitura iz Corfu linije, sa povr\u0161inom u ratan izgledu. Set se sastoji od dvije fotelje, dvoseda i stola koji ujedno slu\u017ei kao prostrana kutija za odlaganje. U kompletu dolaze mekani jastuci u stilskim bojama. Lagana i stabilna konstrukcija omogu\u0107ava savr\u0161eno uklapanje u vrt, terasu ili bilo koji drugi prostor. Namje\u0161taj [&hellip;]<\/p>\n","protected":false},"featured_media":9151,"comment_status":"open","ping_status":"closed","template":"","meta":{"content-type":""},"product_brand":[],"product_cat":[235,168],"product_tag":[],"class_list":{"0":"post-7552","1":"product","2":"type-product","3":"status-publish","4":"has-post-thumbnail","6":"product_cat-bastenski-namjestaj","7":"product_cat-keter","9":"first","10":"instock","11":"shipping-taxable","12":"purchasable","13":"product-type-simple"},"_links":{"self":[{"href":"https:\/\/luxorplasman.me\/luxor-consulting\/wp-json\/wp\/v2\/product\/7552","targetHints":{"allow":["GET"]}}],"collection":[{"href":"https:\/\/luxorplasman.me\/luxor-consulting\/wp-json\/wp\/v2\/product"}],"about":[{"href":"https:\/\/luxorplasman.me\/luxor-consulting\/wp-json\/wp\/v2\/types\/product"}],"replies":[{"embeddable":true,"href":"https:\/\/luxorplasman.me\/luxor-consulting\/wp-json\/wp\/v2\/comments?post=7552"}],"wp:featuredmedia":[{"embeddable":true,"href":"https:\/\/luxorplasman.me\/luxor-consulting\/wp-json\/wp\/v2\/media\/9151"}],"wp:attachment":[{"href":"https:\/\/luxorplasman.me\/luxor-consulting\/wp-json\/wp\/v2\/media?parent=7552"}],"wp:term":[{"taxonomy":"product_brand","embeddable":true,"href":"https:\/\/luxorplasman.me\/luxor-consulting\/wp-json\/wp\/v2\/product_brand?post=7552"},{"taxonomy":"product_cat","embeddable":true,"href":"https:\/\/luxorplasman.me\/luxor-consulting\/wp-json\/wp\/v2\/product_cat?post=7552"},{"taxonomy":"product_tag","embeddable":true,"href":"https:\/\/luxorplasman.me\/luxor-consulting\/wp-json\/wp\/v2\/product_tag?post=7552"}],"curies":[{"name":"wp","href":"https:\/\/api.w.org\/{rel}","templated":true}]}}