{"id":7543,"date":"2024-11-20T06:42:36","date_gmt":"2024-11-20T05:42:36","guid":{"rendered":"https:\/\/luxorplasman.me\/?post_type=product&#038;p=7543"},"modified":"2025-11-24T16:36:36","modified_gmt":"2025-11-24T15:36:36","slug":"elodie-balkonska-garnitura-set","status":"publish","type":"product","link":"https:\/\/luxorplasman.me\/luxor-consulting\/product\/elodie-balkonska-garnitura-set\/","title":{"rendered":"Elodie balkonska garnitura set"},"content":{"rendered":"<p><strong data-start=\"103\" data-end=\"170\">Elodie balkonski set glatkih rukohvata sa sto\u010di\u0107em za odlaganje<\/strong> \u2013 Moderan i prakti\u010dan set koji se savr\u0161eno uklapa i u manje prostore, omogu\u0107avaju\u0107i da svoj balkon ili terasu pretvorite u prijatan kutak za odmor. Set uklju\u010duje dvije fotelje i sto za odlaganje. Tekstura u ratan stilu i glatki nasloni za ruke, uz plo\u010du stola od resolita, nagla\u0161avaju jedinstven karakter garniture. Dolazi sa udobnim polipamu\u010dnim jastucima. Vrlo jednostavan za sastavljanje zahvaljuju\u0107i <strong data-start=\"575\" data-end=\"589\">Click &amp; Go<\/strong> sistemu.<\/p>\n<p data-start=\"103\" data-end=\"600\"><strong data-start=\"633\" data-end=\"660\">Vanjske dimenzije (cm):<\/strong> Stolica (2x): 65 \u00d7 63 \u00d7 74; Sto: 55,5 \u00d7 55,5 \u00d7 38,5<br data-start=\"712\" data-end=\"715\" \/><strong data-start=\"715\" data-end=\"744\">Dimenzije pakovanja (cm):<\/strong> 75 \u00d7 64 \u00d7 59<br data-start=\"787\" data-end=\"790\" \/><strong data-start=\"790\" data-end=\"804\">Materijal:<\/strong> Polipropilen (plastika) + plo\u010da stola od resolita<br data-start=\"854\" data-end=\"857\" \/><br data-start=\"880\" data-end=\"883\" \/><strong data-start=\"883\" data-end=\"899\">EAN\/Bar kod:<\/strong> 8711245147888<br data-start=\"924\" data-end=\"927\" \/><strong data-start=\"927\" data-end=\"941\">SAP\/\u0160ifra:<\/strong> 246124<\/p>\n","protected":false},"excerpt":{"rendered":"<p>Elodie balkonski set glatkih rukohvata sa sto\u010di\u0107em za odlaganje \u2013 Moderan i prakti\u010dan set koji se savr\u0161eno uklapa i u manje prostore, omogu\u0107avaju\u0107i da svoj balkon ili terasu pretvorite u prijatan kutak za odmor. Set uklju\u010duje dvije fotelje i sto za odlaganje. Tekstura u ratan stilu i glatki nasloni za ruke, uz plo\u010du stola od [&hellip;]<\/p>\n","protected":false},"featured_media":9096,"comment_status":"open","ping_status":"closed","template":"","meta":{"content-type":""},"product_brand":[],"product_cat":[235,168],"product_tag":[],"class_list":{"0":"post-7543","1":"product","2":"type-product","3":"status-publish","4":"has-post-thumbnail","6":"product_cat-bastenski-namjestaj","7":"product_cat-keter","9":"first","10":"instock","11":"sale","12":"shipping-taxable","13":"purchasable","14":"product-type-simple"},"_links":{"self":[{"href":"https:\/\/luxorplasman.me\/luxor-consulting\/wp-json\/wp\/v2\/product\/7543","targetHints":{"allow":["GET"]}}],"collection":[{"href":"https:\/\/luxorplasman.me\/luxor-consulting\/wp-json\/wp\/v2\/product"}],"about":[{"href":"https:\/\/luxorplasman.me\/luxor-consulting\/wp-json\/wp\/v2\/types\/product"}],"replies":[{"embeddable":true,"href":"https:\/\/luxorplasman.me\/luxor-consulting\/wp-json\/wp\/v2\/comments?post=7543"}],"wp:featuredmedia":[{"embeddable":true,"href":"https:\/\/luxorplasman.me\/luxor-consulting\/wp-json\/wp\/v2\/media\/9096"}],"wp:attachment":[{"href":"https:\/\/luxorplasman.me\/luxor-consulting\/wp-json\/wp\/v2\/media?parent=7543"}],"wp:term":[{"taxonomy":"product_brand","embeddable":true,"href":"https:\/\/luxorplasman.me\/luxor-consulting\/wp-json\/wp\/v2\/product_brand?post=7543"},{"taxonomy":"product_cat","embeddable":true,"href":"https:\/\/luxorplasman.me\/luxor-consulting\/wp-json\/wp\/v2\/product_cat?post=7543"},{"taxonomy":"product_tag","embeddable":true,"href":"https:\/\/luxorplasman.me\/luxor-consulting\/wp-json\/wp\/v2\/product_tag?post=7543"}],"curies":[{"name":"wp","href":"https:\/\/api.w.org\/{rel}","templated":true}]}}