{"id":7542,"date":"2024-11-20T06:42:35","date_gmt":"2024-11-20T05:42:35","guid":{"rendered":"https:\/\/luxorplasman.me\/?post_type=product&#038;p=7542"},"modified":"2025-08-21T09:42:25","modified_gmt":"2025-08-21T07:42:25","slug":"elodie-balkonska-garnitura-set-sa-dvosjedom","status":"publish","type":"product","link":"https:\/\/luxorplasman.me\/luxor-consulting\/product\/elodie-balkonska-garnitura-set-sa-dvosjedom\/","title":{"rendered":"Elodie balkonska garnitura set sa dvosjedom"},"content":{"rendered":"<p>BAR KOD: 8711245148014<\/p>\n<p data-start=\"0\" data-end=\"257\"><strong data-start=\"0\" data-end=\"47\">Elodie balkonska garnitura set sa dvosjedom<\/strong> je elegantno i funkcionalno rje\u0161enje za va\u0161e dvori\u0161te, balkon ili terasu. Ovaj set uklju\u010duje <strong data-start=\"141\" data-end=\"203\">klasi\u010dan sto, dvije stolice i dvosjed sa udobnim jastucima<\/strong>, pru\u017eaju\u0107i savr\u0161en prostor za opu\u0161tanje i dru\u017eenje.<\/p>\n<p data-start=\"259\" data-end=\"599\">\u2714 <strong data-start=\"261\" data-end=\"279\">Moderan dizajn<\/strong> \u2013 kombinacija pletenog PE ratana i ravnih naslona za sofisticiran izgled<br data-start=\"352\" data-end=\"355\" \/>\u2714 <strong data-start=\"357\" data-end=\"380\">\u010cvrsta konstrukcija<\/strong> \u2013 plo\u010da stola izra\u0111ena od izdr\u017eljivog Rezolita<br data-start=\"427\" data-end=\"430\" \/>\u2714 <strong data-start=\"432\" data-end=\"460\">Udobnost na prvom mjestu<\/strong> \u2013 jastuci od polietilenskog pamuka koji su jednostavni za odr\u017eavanje<br data-start=\"529\" data-end=\"532\" \/>\u2714 <strong data-start=\"534\" data-end=\"559\">Savr\u0161en za eksterijer<\/strong> \u2013 idealan za terase, balkone i vrtove<\/p>\n<p data-start=\"601\" data-end=\"702\" data-is-last-node=\"\" data-is-only-node=\"\">U\u017eivajte u trenucima odmora uz <strong data-start=\"632\" data-end=\"662\">Elodie balkonsku garnituru<\/strong> \u2013 spoj stila, udobnosti i prakti\u010dnosti!<\/p>\n","protected":false},"excerpt":{"rendered":"<p>BAR KOD: 8711245148014 Elodie balkonska garnitura set sa dvosjedom je elegantno i funkcionalno rje\u0161enje za va\u0161e dvori\u0161te, balkon ili terasu. Ovaj set uklju\u010duje klasi\u010dan sto, dvije stolice i dvosjed sa udobnim jastucima, pru\u017eaju\u0107i savr\u0161en prostor za opu\u0161tanje i dru\u017eenje. \u2714 Moderan dizajn \u2013 kombinacija pletenog PE ratana i ravnih naslona za sofisticiran izgled\u2714 \u010cvrsta konstrukcija [&hellip;]<\/p>\n","protected":false},"featured_media":8039,"comment_status":"open","ping_status":"closed","template":"","meta":{"content-type":""},"product_brand":[],"product_cat":[235,168],"product_tag":[],"class_list":{"0":"post-7542","1":"product","2":"type-product","3":"status-publish","4":"has-post-thumbnail","6":"product_cat-bastenski-namjestaj","7":"product_cat-keter","9":"first","10":"instock","11":"shipping-taxable","12":"product-type-simple"},"_links":{"self":[{"href":"https:\/\/luxorplasman.me\/luxor-consulting\/wp-json\/wp\/v2\/product\/7542","targetHints":{"allow":["GET"]}}],"collection":[{"href":"https:\/\/luxorplasman.me\/luxor-consulting\/wp-json\/wp\/v2\/product"}],"about":[{"href":"https:\/\/luxorplasman.me\/luxor-consulting\/wp-json\/wp\/v2\/types\/product"}],"replies":[{"embeddable":true,"href":"https:\/\/luxorplasman.me\/luxor-consulting\/wp-json\/wp\/v2\/comments?post=7542"}],"wp:featuredmedia":[{"embeddable":true,"href":"https:\/\/luxorplasman.me\/luxor-consulting\/wp-json\/wp\/v2\/media\/8039"}],"wp:attachment":[{"href":"https:\/\/luxorplasman.me\/luxor-consulting\/wp-json\/wp\/v2\/media?parent=7542"}],"wp:term":[{"taxonomy":"product_brand","embeddable":true,"href":"https:\/\/luxorplasman.me\/luxor-consulting\/wp-json\/wp\/v2\/product_brand?post=7542"},{"taxonomy":"product_cat","embeddable":true,"href":"https:\/\/luxorplasman.me\/luxor-consulting\/wp-json\/wp\/v2\/product_cat?post=7542"},{"taxonomy":"product_tag","embeddable":true,"href":"https:\/\/luxorplasman.me\/luxor-consulting\/wp-json\/wp\/v2\/product_tag?post=7542"}],"curies":[{"name":"wp","href":"https:\/\/api.w.org\/{rel}","templated":true}]}}