{"id":7539,"date":"2024-11-20T06:42:35","date_gmt":"2024-11-20T05:42:35","guid":{"rendered":"https:\/\/luxorplasman.me\/?post_type=product&#038;p=7539"},"modified":"2025-11-24T16:37:30","modified_gmt":"2025-11-24T15:37:30","slug":"emily-set-sa-jastucima","status":"publish","type":"product","link":"https:\/\/luxorplasman.me\/luxor-consulting\/product\/emily-set-sa-jastucima\/","title":{"rendered":"Emily set sa jastucima"},"content":{"rendered":"<p data-start=\"114\" data-end=\"627\"><strong data-start=\"114\" data-end=\"149\">Emily Balcony Set with Cushions<\/strong> \u2013 Kompaktan i udoban set balkonskog namje\u0161taja koji uklju\u010duje dvije fotelje i sto\u010di\u0107 za kafu. Ergonomski oblik obezbje\u0111uje potpunu udobnost, sa jastucima ili \u010dak i bez njih. Elegantna mre\u017ena zavr\u0161na obrada i \u010dvrsta konstrukcija od kvalitetne plastike garantuju dug vijek trajanja. Jednostavna monta\u017ea bez alata traje svega nekoliko minuta, dok lagana konstrukcija i povr\u0161ina laka za odr\u017eavanje omogu\u0107avaju prakti\u010dnu upotrebu. Set je otporan na vremenske uslove i UV zra\u010denje.<\/p>\n<p data-start=\"114\" data-end=\"627\"><strong data-start=\"660\" data-end=\"687\">Vanjske dimenzije (cm):<\/strong> Fotelja (2x): 68 \u00d7 64 \u00d7 75; Sto: 47 \u00d7 65 \u00d7 42<br data-start=\"733\" data-end=\"736\" \/><strong data-start=\"736\" data-end=\"765\">Dimenzije pakovanja (cm):<\/strong> 68,5 \u00d7 63 \u00d7 54<br data-start=\"810\" data-end=\"813\" \/><strong data-start=\"813\" data-end=\"827\">Materijal:<\/strong> Polipropilen (plastika)<br data-start=\"851\" data-end=\"854\" \/><br data-start=\"888\" data-end=\"891\" \/><strong data-start=\"891\" data-end=\"907\">EAN\/Bar kod:<\/strong> 8711245148274<br data-start=\"932\" data-end=\"935\" \/><strong data-start=\"935\" data-end=\"949\">SAP\/\u0160ifra:<\/strong> 247065<\/p>\n","protected":false},"excerpt":{"rendered":"<p>Emily Balcony Set with Cushions \u2013 Kompaktan i udoban set balkonskog namje\u0161taja koji uklju\u010duje dvije fotelje i sto\u010di\u0107 za kafu. Ergonomski oblik obezbje\u0111uje potpunu udobnost, sa jastucima ili \u010dak i bez njih. Elegantna mre\u017ena zavr\u0161na obrada i \u010dvrsta konstrukcija od kvalitetne plastike garantuju dug vijek trajanja. Jednostavna monta\u017ea bez alata traje svega nekoliko minuta, dok [&hellip;]<\/p>\n","protected":false},"featured_media":9112,"comment_status":"open","ping_status":"closed","template":"","meta":{"content-type":""},"product_brand":[],"product_cat":[235,168],"product_tag":[],"class_list":{"0":"post-7539","1":"product","2":"type-product","3":"status-publish","4":"has-post-thumbnail","6":"product_cat-bastenski-namjestaj","7":"product_cat-keter","9":"first","10":"instock","11":"sale","12":"shipping-taxable","13":"purchasable","14":"product-type-simple"},"_links":{"self":[{"href":"https:\/\/luxorplasman.me\/luxor-consulting\/wp-json\/wp\/v2\/product\/7539","targetHints":{"allow":["GET"]}}],"collection":[{"href":"https:\/\/luxorplasman.me\/luxor-consulting\/wp-json\/wp\/v2\/product"}],"about":[{"href":"https:\/\/luxorplasman.me\/luxor-consulting\/wp-json\/wp\/v2\/types\/product"}],"replies":[{"embeddable":true,"href":"https:\/\/luxorplasman.me\/luxor-consulting\/wp-json\/wp\/v2\/comments?post=7539"}],"wp:featuredmedia":[{"embeddable":true,"href":"https:\/\/luxorplasman.me\/luxor-consulting\/wp-json\/wp\/v2\/media\/9112"}],"wp:attachment":[{"href":"https:\/\/luxorplasman.me\/luxor-consulting\/wp-json\/wp\/v2\/media?parent=7539"}],"wp:term":[{"taxonomy":"product_brand","embeddable":true,"href":"https:\/\/luxorplasman.me\/luxor-consulting\/wp-json\/wp\/v2\/product_brand?post=7539"},{"taxonomy":"product_cat","embeddable":true,"href":"https:\/\/luxorplasman.me\/luxor-consulting\/wp-json\/wp\/v2\/product_cat?post=7539"},{"taxonomy":"product_tag","embeddable":true,"href":"https:\/\/luxorplasman.me\/luxor-consulting\/wp-json\/wp\/v2\/product_tag?post=7539"}],"curies":[{"name":"wp","href":"https:\/\/api.w.org\/{rel}","templated":true}]}}