{"id":7529,"date":"2024-11-20T06:42:31","date_gmt":"2024-11-20T05:42:31","guid":{"rendered":"https:\/\/luxorplasman.me\/?post_type=product&#038;p=7529"},"modified":"2025-12-01T20:06:08","modified_gmt":"2025-12-01T19:06:08","slug":"oakland-7511-kucica","status":"publish","type":"product","link":"https:\/\/luxorplasman.me\/luxor-consulting\/product\/oakland-7511-kucica\/","title":{"rendered":"Stronghold Shed"},"content":{"rendered":"<p data-start=\"0\" data-end=\"352\">Ba\u0161tenska ku\u0107ica <strong data-start=\"17\" data-end=\"44\">STRONGHOLD SHED 10 \u00d7 15<\/strong> predstavlja vrhunsko rje\u0161enje za skladi\u0161tenje, idealno za bicikle, traktor kosilice i veliku ba\u0161tensku opremu, uz mogu\u0107nost postavljanja brojnih polica. Izra\u0111ena je od inovativnih <strong data-start=\"225\" data-end=\"237\">EVOTECH+<\/strong> panela koji pru\u017eaju prirodan izgled drveta, ali bez rizika od truljenja, lju\u0161tenja, udubljenja ili gubitka boje.<\/p>\n<p data-start=\"354\" data-end=\"656\">Izuzetno je \u010dvrsta i pouzdana zahvaljuju\u0107i konstrukciji sa dvostrukim zidovima debljine 19 mm i oja\u010danom \u010deli\u010dnom strukturom. Prednji zid \u0161irine 305 cm sa \u0161irokim dvokrilnim ulazom (154 cm) omogu\u0107ava lak pristup opremi. Ku\u0107ica je potpuno otporna na vremenske uslove i ne zahtijeva nikakvo odr\u017eavanje.<\/p>\n<p data-start=\"658\" data-end=\"827\">Dodatna prednost modela <strong data-start=\"682\" data-end=\"696\">Stronghold<\/strong> je mogu\u0107nost <strong data-start=\"710\" data-end=\"753\">produ\u017eavanja pomo\u0107u ekstenzionih modula<\/strong>, \u010dime se lako pove\u0107ava kapacitet i prilago\u0111ava individualnim potrebama.<\/p>\n<p data-start=\"354\" data-end=\"656\"><strong data-start=\"704\" data-end=\"731\" data-is-only-node=\"\">Vanjske dimenzije (cm):<\/strong> 305 \u00d7 243 \u00d7 251\u00a0<br data-start=\"779\" data-end=\"782\" \/><strong data-start=\"782\" data-end=\"811\">Dimenzije pakovanja (cm):<\/strong> 3 paketa \u2014 (1) 198,5 \u00d7 113 \u00d7 36; (2) 198,5 \u00d7 56,5 \u00d7 20; (3) 198,5 \u00d7 56,5 \u00d7 \u2026<br data-start=\"888\" data-end=\"891\" \/><br data-start=\"919\" data-end=\"922\" \/><strong data-start=\"922\" data-end=\"938\">EAN\/Bar kod:<\/strong> <em data-start=\"939\" data-end=\"962\">7290112639202<\/em><br data-start=\"962\" data-end=\"965\" \/><strong data-start=\"965\" data-end=\"979\">SAP\/\u0160ifra:<\/strong> 260742<\/p>\n","protected":false},"excerpt":{"rendered":"<p>Ba\u0161tenska ku\u0107ica STRONGHOLD SHED 10 \u00d7 15 predstavlja vrhunsko rje\u0161enje za skladi\u0161tenje, idealno za bicikle, traktor kosilice i veliku ba\u0161tensku opremu, uz mogu\u0107nost postavljanja brojnih polica. Izra\u0111ena je od inovativnih EVOTECH+ panela koji pru\u017eaju prirodan izgled drveta, ali bez rizika od truljenja, lju\u0161tenja, udubljenja ili gubitka boje. Izuzetno je \u010dvrsta i pouzdana zahvaljuju\u0107i konstrukciji sa [&hellip;]<\/p>\n","protected":false},"featured_media":8975,"comment_status":"open","ping_status":"closed","template":"","meta":{"content-type":""},"product_brand":[],"product_cat":[234,168],"product_tag":[],"class_list":{"0":"post-7529","1":"product","2":"type-product","3":"status-publish","4":"has-post-thumbnail","6":"product_cat-bastenske-kucice","7":"product_cat-keter","9":"first","10":"instock","11":"featured","12":"shipping-taxable","13":"purchasable","14":"product-type-simple"},"_links":{"self":[{"href":"https:\/\/luxorplasman.me\/luxor-consulting\/wp-json\/wp\/v2\/product\/7529","targetHints":{"allow":["GET"]}}],"collection":[{"href":"https:\/\/luxorplasman.me\/luxor-consulting\/wp-json\/wp\/v2\/product"}],"about":[{"href":"https:\/\/luxorplasman.me\/luxor-consulting\/wp-json\/wp\/v2\/types\/product"}],"replies":[{"embeddable":true,"href":"https:\/\/luxorplasman.me\/luxor-consulting\/wp-json\/wp\/v2\/comments?post=7529"}],"wp:featuredmedia":[{"embeddable":true,"href":"https:\/\/luxorplasman.me\/luxor-consulting\/wp-json\/wp\/v2\/media\/8975"}],"wp:attachment":[{"href":"https:\/\/luxorplasman.me\/luxor-consulting\/wp-json\/wp\/v2\/media?parent=7529"}],"wp:term":[{"taxonomy":"product_brand","embeddable":true,"href":"https:\/\/luxorplasman.me\/luxor-consulting\/wp-json\/wp\/v2\/product_brand?post=7529"},{"taxonomy":"product_cat","embeddable":true,"href":"https:\/\/luxorplasman.me\/luxor-consulting\/wp-json\/wp\/v2\/product_cat?post=7529"},{"taxonomy":"product_tag","embeddable":true,"href":"https:\/\/luxorplasman.me\/luxor-consulting\/wp-json\/wp\/v2\/product_tag?post=7529"}],"curies":[{"name":"wp","href":"https:\/\/api.w.org\/{rel}","templated":true}]}}