{"id":7528,"date":"2024-11-20T06:42:31","date_gmt":"2024-11-20T05:42:31","guid":{"rendered":"https:\/\/luxorplasman.me\/?post_type=product&#038;p=7528"},"modified":"2025-05-14T09:40:51","modified_gmt":"2025-05-14T07:40:51","slug":"darwin-6x4-braon-kucica","status":"publish","type":"product","link":"https:\/\/luxorplasman.me\/luxor-consulting\/product\/darwin-6x4-braon-kucica\/","title":{"rendered":"Darwin 6&#215;4 braon kucica"},"content":{"rendered":"<p data-start=\"0\" data-end=\"636\"><strong data-start=\"0\" data-end=\"31\">Darwin 6&#215;4 ba\u0161tenska ku\u0107ica<\/strong> je sna\u017ena, izdr\u017eljiva i odli\u010dno izgleda. Bi\u0107ete iznena\u0111eni svim karakteristikama koje smo ugradili u proizvod koji se brzo sastavlja. Konstrukcija sa dvostrukim zidovima i daskama za lako spajanje pru\u017ea \u010dvrsto\u0107u, ventili za cirkulaciju vazduha, krovni prozor za unutra\u0161nje osvetljenje, dvostruka vrata za lak pristup svemu \u0161to skladi\u0161tite, sve u jednoj ku\u0107ici koja \u010duva va\u0161e alate i druge stvari sigurnim i za\u0161ti\u0107enim. Napravljen od na\u0161eg ekskluzivnog <strong data-start=\"484\" data-end=\"495\">Evotech<\/strong> materijala, ova ku\u0107ica daje izgled i ose\u0107aj drveta, ali bez potrebe za odr\u017eavanjem &#8211; nikada ne\u0107e truliti, lju\u0161titi se, pucati ili izbledeti.<\/p>\n<p data-start=\"638\" data-end=\"669\"><strong data-start=\"638\" data-end=\"669\">Karakteristike i prednosti:<\/strong><\/p>\n<ul data-start=\"671\" data-end=\"1173\" data-is-last-node=\"\">\n<li data-start=\"671\" data-end=\"767\">Idealno spolja\u0161nje skladi\u0161tenje za sve ba\u0161tenske alate i opremu, ro\u0161tilje, bicikle i DIY alate<\/li>\n<li data-start=\"768\" data-end=\"880\">Elegantni dizajn sa izgledom prirodnog drveta, sa dvostrukim vratima za \u0161irok pristup i ugra\u0111enom ventilacijom<\/li>\n<li data-start=\"881\" data-end=\"962\">Te\u017eak podni panel sa daskama za lako sastavljanje i bravom za dodatnu sigurnost<\/li>\n<li data-start=\"963\" data-end=\"1067\">Izra\u0111ena od izdr\u017eljivog, nisko odr\u017eavanog i vremenski otpornog resin materijala sa dvostrukim zidovima<\/li>\n<li data-start=\"1068\" data-end=\"1173\" data-is-last-node=\"\">Spoljni dimenzije: 190 x 122 x 221 cm (D x \u0160 x V); unutra\u0161nje dimenzije: 176 x 113 x 212 cm (D x \u0160 x V)<\/li>\n<\/ul>\n<p>BAR KOD: 7290112634030<\/p>\n","protected":false},"excerpt":{"rendered":"<p>Darwin 6&#215;4 ba\u0161tenska ku\u0107ica je sna\u017ena, izdr\u017eljiva i odli\u010dno izgleda. Bi\u0107ete iznena\u0111eni svim karakteristikama koje smo ugradili u proizvod koji se brzo sastavlja. Konstrukcija sa dvostrukim zidovima i daskama za lako spajanje pru\u017ea \u010dvrsto\u0107u, ventili za cirkulaciju vazduha, krovni prozor za unutra\u0161nje osvetljenje, dvostruka vrata za lak pristup svemu \u0161to skladi\u0161tite, sve u jednoj ku\u0107ici [&hellip;]<\/p>\n","protected":false},"featured_media":8494,"comment_status":"open","ping_status":"closed","template":"","meta":{"content-type":""},"product_brand":[],"product_cat":[15],"product_tag":[],"class_list":{"0":"post-7528","1":"product","2":"type-product","3":"status-publish","4":"has-post-thumbnail","6":"product_cat-uncategorized","8":"first","9":"outofstock","10":"shipping-taxable","11":"purchasable","12":"product-type-simple"},"_links":{"self":[{"href":"https:\/\/luxorplasman.me\/luxor-consulting\/wp-json\/wp\/v2\/product\/7528","targetHints":{"allow":["GET"]}}],"collection":[{"href":"https:\/\/luxorplasman.me\/luxor-consulting\/wp-json\/wp\/v2\/product"}],"about":[{"href":"https:\/\/luxorplasman.me\/luxor-consulting\/wp-json\/wp\/v2\/types\/product"}],"replies":[{"embeddable":true,"href":"https:\/\/luxorplasman.me\/luxor-consulting\/wp-json\/wp\/v2\/comments?post=7528"}],"wp:featuredmedia":[{"embeddable":true,"href":"https:\/\/luxorplasman.me\/luxor-consulting\/wp-json\/wp\/v2\/media\/8494"}],"wp:attachment":[{"href":"https:\/\/luxorplasman.me\/luxor-consulting\/wp-json\/wp\/v2\/media?parent=7528"}],"wp:term":[{"taxonomy":"product_brand","embeddable":true,"href":"https:\/\/luxorplasman.me\/luxor-consulting\/wp-json\/wp\/v2\/product_brand?post=7528"},{"taxonomy":"product_cat","embeddable":true,"href":"https:\/\/luxorplasman.me\/luxor-consulting\/wp-json\/wp\/v2\/product_cat?post=7528"},{"taxonomy":"product_tag","embeddable":true,"href":"https:\/\/luxorplasman.me\/luxor-consulting\/wp-json\/wp\/v2\/product_tag?post=7528"}],"curies":[{"name":"wp","href":"https:\/\/api.w.org\/{rel}","templated":true}]}}