{"id":7524,"date":"2024-11-20T06:42:30","date_gmt":"2024-11-20T05:42:30","guid":{"rendered":"https:\/\/luxorplasman.me\/?post_type=product&#038;p=7524"},"modified":"2025-11-20T00:54:00","modified_gmt":"2025-11-19T23:54:00","slug":"bike-care-cistac-bicikala-1000ml","status":"publish","type":"product","link":"https:\/\/luxorplasman.me\/luxor-consulting\/product\/bike-care-cistac-bicikala-1000ml\/","title":{"rendered":"BIKE- Care Cistac bicikala, 1000ml"},"content":{"rendered":"<h2 data-start=\"55\" data-end=\"120\"><strong data-start=\"58\" data-end=\"118\">NIGRIN BIKE-CARE sredstvo za \u010di\u0161\u0107enje bicikala (1000 ml)<\/strong><\/h2>\n<p data-start=\"121\" data-end=\"135\"><strong data-start=\"121\" data-end=\"135\">SKU: 50078<\/strong><\/p>\n<h3 data-start=\"137\" data-end=\"151\"><strong data-start=\"141\" data-end=\"149\">Opis<\/strong><\/h3>\n<p data-start=\"152\" data-end=\"410\">Sna\u017eno sredstvo za \u010di\u0161\u0107enje bicikala, e-bicikala i elektri\u010dnih skutera. Samoaktiviraju\u0107a, nekiselinska formula uklanja tvrdokornu prljav\u0161tinu, ulja, masti i smole. Sigurno za sve moderne materijale i povr\u0161ine. Minimalan napor: poprskati \u2013 ostaviti \u2013 isprati.<\/p>\n<h3 data-start=\"412\" data-end=\"430\"><strong data-start=\"416\" data-end=\"428\">Upotreba<\/strong><\/h3>\n<ul data-start=\"431\" data-end=\"552\">\n<li data-start=\"431\" data-end=\"455\">\n<p data-start=\"433\" data-end=\"455\">Isprati bicikl vodom<\/p>\n<\/li>\n<li data-start=\"456\" data-end=\"489\">\n<p data-start=\"458\" data-end=\"489\">Ravnomjerno nanijeti sredstvo<\/p>\n<\/li>\n<li data-start=\"490\" data-end=\"520\">\n<p data-start=\"492\" data-end=\"520\">Ostaviti kratko da djeluje<\/p>\n<\/li>\n<li data-start=\"521\" data-end=\"552\">\n<p data-start=\"523\" data-end=\"552\">Temeljito isprati i osu\u0161iti<\/p>\n<\/li>\n<\/ul>\n<p data-start=\"554\" data-end=\"709\"><strong data-start=\"554\" data-end=\"567\">Napomena:<\/strong> Ne koristiti aparat pod pritiskom \u2013 mo\u017ee o\u0161tetiti le\u017eajeve i spojeve.<br data-start=\"637\" data-end=\"640\" \/><strong data-start=\"640\" data-end=\"651\">Savjet:<\/strong> Nakon \u010di\u0161\u0107enja za\u0161tititi povr\u0161ine NIGRIN voskom u spreju.<\/p>\n","protected":false},"excerpt":{"rendered":"<p>NIGRIN BIKE-CARE sredstvo za \u010di\u0161\u0107enje bicikala (1000 ml) SKU: 50078 Opis Sna\u017eno sredstvo za \u010di\u0161\u0107enje bicikala, e-bicikala i elektri\u010dnih skutera. Samoaktiviraju\u0107a, nekiselinska formula uklanja tvrdokornu prljav\u0161tinu, ulja, masti i smole. Sigurno za sve moderne materijale i povr\u0161ine. Minimalan napor: poprskati \u2013 ostaviti \u2013 isprati. Upotreba Isprati bicikl vodom Ravnomjerno nanijeti sredstvo Ostaviti kratko da djeluje [&hellip;]<\/p>\n","protected":false},"featured_media":9670,"comment_status":"open","ping_status":"closed","template":"","meta":{"content-type":""},"product_brand":[],"product_cat":[224,164],"product_tag":[],"class_list":{"0":"post-7524","1":"product","2":"type-product","3":"status-publish","4":"has-post-thumbnail","6":"product_cat-bicikla","7":"product_cat-nigrin","9":"first","10":"instock","11":"shipping-taxable","12":"purchasable","13":"product-type-simple"},"_links":{"self":[{"href":"https:\/\/luxorplasman.me\/luxor-consulting\/wp-json\/wp\/v2\/product\/7524","targetHints":{"allow":["GET"]}}],"collection":[{"href":"https:\/\/luxorplasman.me\/luxor-consulting\/wp-json\/wp\/v2\/product"}],"about":[{"href":"https:\/\/luxorplasman.me\/luxor-consulting\/wp-json\/wp\/v2\/types\/product"}],"replies":[{"embeddable":true,"href":"https:\/\/luxorplasman.me\/luxor-consulting\/wp-json\/wp\/v2\/comments?post=7524"}],"wp:featuredmedia":[{"embeddable":true,"href":"https:\/\/luxorplasman.me\/luxor-consulting\/wp-json\/wp\/v2\/media\/9670"}],"wp:attachment":[{"href":"https:\/\/luxorplasman.me\/luxor-consulting\/wp-json\/wp\/v2\/media?parent=7524"}],"wp:term":[{"taxonomy":"product_brand","embeddable":true,"href":"https:\/\/luxorplasman.me\/luxor-consulting\/wp-json\/wp\/v2\/product_brand?post=7524"},{"taxonomy":"product_cat","embeddable":true,"href":"https:\/\/luxorplasman.me\/luxor-consulting\/wp-json\/wp\/v2\/product_cat?post=7524"},{"taxonomy":"product_tag","embeddable":true,"href":"https:\/\/luxorplasman.me\/luxor-consulting\/wp-json\/wp\/v2\/product_tag?post=7524"}],"curies":[{"name":"wp","href":"https:\/\/api.w.org\/{rel}","templated":true}]}}