{"id":7516,"date":"2024-11-20T06:42:25","date_gmt":"2024-11-20T05:42:25","guid":{"rendered":"https:\/\/luxorplasman.me\/?post_type=product&#038;p=7516"},"modified":"2025-10-19T22:22:22","modified_gmt":"2025-10-19T20:22:22","slug":"papirna-kesa-sa-unutr-ruckom-braon-2210x28","status":"publish","type":"product","link":"https:\/\/luxorplasman.me\/luxor-consulting\/product\/papirna-kesa-sa-unutr-ruckom-braon-2210x28\/","title":{"rendered":"R6463 &#8211; Kesa sa unutra\u0161njom ru\u010dkom, braon (22 + 10 \u00d7 28 cm)"},"content":{"rendered":"<h3 data-start=\"900\" data-end=\"969\"><strong data-start=\"904\" data-end=\"967\">Papirna kesa sa unutra\u0161njom ru\u010dkom, braon (22 + 10 \u00d7 28 cm)<\/strong><\/h3>\n<p data-start=\"971\" data-end=\"1312\">Prakti\u010dna i elegantna kesa od <strong data-start=\"1001\" data-end=\"1023\">braon kraft papira<\/strong>, odli\u010dna za prodavnice prirodne kozmetike, gift shopove i suvenirnice.<br data-start=\"1094\" data-end=\"1097\" \/>Dimenzije <strong data-start=\"1107\" data-end=\"1156\">22 cm (\u0161irina) + 10 cm (dno) \u00d7 28 cm (visina)<\/strong> nude dovoljno prostora za raznovrsne proizvode, uz dobru nosivost.<br data-start=\"1223\" data-end=\"1226\" \/>Zahvaljuju\u0107i \u010dvrstom papiru i stabilnom dnu, zadr\u017eava formu i pri ve\u0107em optere\u0107enju.<\/p>\n<hr data-start=\"1314\" data-end=\"1317\" \/>\n<p data-start=\"1319\" data-end=\"1349\"><strong data-start=\"1319\" data-end=\"1347\">Specifikacija proizvoda:<\/strong><\/p>\n<ul data-start=\"1350\" data-end=\"1664\">\n<li data-start=\"1350\" data-end=\"1370\">\n<p data-start=\"1352\" data-end=\"1370\"><strong data-start=\"1352\" data-end=\"1362\">\u0160ifra:<\/strong> R6463<\/p>\n<\/li>\n<li data-start=\"1371\" data-end=\"1394\">\n<p data-start=\"1373\" data-end=\"1394\"><strong data-start=\"1373\" data-end=\"1387\">Gramatura:<\/strong> 70 g<\/p>\n<\/li>\n<li data-start=\"1395\" data-end=\"1436\">\n<p data-start=\"1397\" data-end=\"1436\"><strong data-start=\"1397\" data-end=\"1423\">Transportno pakovanje:<\/strong> 250 komada<\/p>\n<\/li>\n<li data-start=\"1437\" data-end=\"1486\">\n<p data-start=\"1439\" data-end=\"1486\"><strong data-start=\"1439\" data-end=\"1450\">Cijena:<\/strong> 25,00 po jednom transportnom pakovanju (sa PDV-om)<\/p>\n<\/li>\n<li data-start=\"1487\" data-end=\"1576\">\n<p data-start=\"1489\" data-end=\"1576\"><strong data-start=\"1489\" data-end=\"1502\">Napomena:<\/strong> Proizvod se prodaje isklju\u010divo po transportnom pakovanju od 250 komada.<\/p>\n<\/li>\n<li data-start=\"1577\" data-end=\"1664\">\n<p data-start=\"1579\" data-end=\"1664\"><strong data-start=\"1579\" data-end=\"1591\">Dodatno:<\/strong> Za porud\u017ebine preko <strong data-start=\"1612\" data-end=\"1629\">10.000 komada<\/strong> mogu\u0107a je \u0161tampa po \u017eelji kupca.<\/p>\n<\/li>\n<\/ul>\n","protected":false},"excerpt":{"rendered":"<p>Papirna kesa sa unutra\u0161njom ru\u010dkom, braon (22 + 10 \u00d7 28 cm) Prakti\u010dna i elegantna kesa od braon kraft papira, odli\u010dna za prodavnice prirodne kozmetike, gift shopove i suvenirnice.Dimenzije 22 cm (\u0161irina) + 10 cm (dno) \u00d7 28 cm (visina) nude dovoljno prostora za raznovrsne proizvode, uz dobru nosivost.Zahvaljuju\u0107i \u010dvrstom papiru i stabilnom dnu, zadr\u017eava [&hellip;]<\/p>\n","protected":false},"featured_media":8590,"comment_status":"open","ping_status":"closed","template":"","meta":{"content-type":""},"product_brand":[],"product_cat":[196,165,195],"product_tag":[],"class_list":{"0":"post-7516","1":"product","2":"type-product","3":"status-publish","4":"has-post-thumbnail","6":"product_cat-kese-sa-unutrasnjom-ruckom","7":"product_cat-natura","8":"product_cat-papirne-kese","10":"first","11":"instock","12":"shipping-taxable","13":"purchasable","14":"product-type-simple"},"_links":{"self":[{"href":"https:\/\/luxorplasman.me\/luxor-consulting\/wp-json\/wp\/v2\/product\/7516","targetHints":{"allow":["GET"]}}],"collection":[{"href":"https:\/\/luxorplasman.me\/luxor-consulting\/wp-json\/wp\/v2\/product"}],"about":[{"href":"https:\/\/luxorplasman.me\/luxor-consulting\/wp-json\/wp\/v2\/types\/product"}],"replies":[{"embeddable":true,"href":"https:\/\/luxorplasman.me\/luxor-consulting\/wp-json\/wp\/v2\/comments?post=7516"}],"wp:featuredmedia":[{"embeddable":true,"href":"https:\/\/luxorplasman.me\/luxor-consulting\/wp-json\/wp\/v2\/media\/8590"}],"wp:attachment":[{"href":"https:\/\/luxorplasman.me\/luxor-consulting\/wp-json\/wp\/v2\/media?parent=7516"}],"wp:term":[{"taxonomy":"product_brand","embeddable":true,"href":"https:\/\/luxorplasman.me\/luxor-consulting\/wp-json\/wp\/v2\/product_brand?post=7516"},{"taxonomy":"product_cat","embeddable":true,"href":"https:\/\/luxorplasman.me\/luxor-consulting\/wp-json\/wp\/v2\/product_cat?post=7516"},{"taxonomy":"product_tag","embeddable":true,"href":"https:\/\/luxorplasman.me\/luxor-consulting\/wp-json\/wp\/v2\/product_tag?post=7516"}],"curies":[{"name":"wp","href":"https:\/\/api.w.org\/{rel}","templated":true}]}}