{"id":7504,"date":"2024-11-20T06:42:21","date_gmt":"2024-11-20T05:42:21","guid":{"rendered":"https:\/\/luxorplasman.me\/?post_type=product&#038;p=7504"},"modified":"2025-10-19T23:54:11","modified_gmt":"2025-10-19T21:54:11","slug":"pap-kesa-bez-rucke-braon-2210x28","status":"publish","type":"product","link":"https:\/\/luxorplasman.me\/luxor-consulting\/product\/pap-kesa-bez-rucke-braon-2210x28\/","title":{"rendered":"R6488 &#8211; Kesa bez ru\u010dke, braon (22 + 10 \u00d7 28 cm)"},"content":{"rendered":"<h3 data-start=\"882\" data-end=\"939\"><strong data-start=\"886\" data-end=\"937\">Papirna kesa bez ru\u010dke, braon (22 + 10 \u00d7 28 cm)<\/strong><\/h3>\n<p data-start=\"941\" data-end=\"1263\">Ekolo\u0161ka papirna kesa od <strong data-start=\"966\" data-end=\"988\">braon kraft papira<\/strong>, idealna za prodavnice zdrave hrane, delikatesa i suvenirnice.<br data-start=\"1051\" data-end=\"1054\" \/>Dimenzije <strong data-start=\"1064\" data-end=\"1113\">22 cm (\u0161irina) + 10 cm (dno) \u00d7 28 cm (visina)<\/strong> nude vi\u0161e prostora i stabilnosti za svakodnevnu upotrebu.<br data-start=\"1171\" data-end=\"1174\" \/>Odli\u010dna je za poslovne subjekte koji \u017eele funkcionalnu, prirodnu i ekonomi\u010dnu ambala\u017eu.<\/p>\n<hr data-start=\"1265\" data-end=\"1268\" \/>\n<p data-start=\"1270\" data-end=\"1300\"><strong data-start=\"1270\" data-end=\"1298\">Specifikacija proizvoda:<\/strong><\/p>\n<ul data-start=\"1301\" data-end=\"1615\">\n<li data-start=\"1301\" data-end=\"1321\">\n<p data-start=\"1303\" data-end=\"1321\"><strong data-start=\"1303\" data-end=\"1313\">\u0160ifra:<\/strong> R6488<\/p>\n<\/li>\n<li data-start=\"1322\" data-end=\"1345\">\n<p data-start=\"1324\" data-end=\"1345\"><strong data-start=\"1324\" data-end=\"1338\">Gramatura:<\/strong> 70 g<\/p>\n<\/li>\n<li data-start=\"1346\" data-end=\"1387\">\n<p data-start=\"1348\" data-end=\"1387\"><strong data-start=\"1348\" data-end=\"1374\">Transportno pakovanje:<\/strong> 400 komada<\/p>\n<\/li>\n<li data-start=\"1388\" data-end=\"1437\">\n<p data-start=\"1390\" data-end=\"1437\"><strong data-start=\"1390\" data-end=\"1401\">Cijena:<\/strong> 24,00 \u20ac po jednom transportnom pakovanju (sa PDV-om)<\/p>\n<\/li>\n<li data-start=\"1438\" data-end=\"1527\">\n<p data-start=\"1440\" data-end=\"1527\"><strong data-start=\"1440\" data-end=\"1453\">Napomena:<\/strong> Proizvod se prodaje isklju\u010divo po transportnom pakovanju od 400 komada.<\/p>\n<\/li>\n<li data-start=\"1528\" data-end=\"1615\">\n<p data-start=\"1530\" data-end=\"1615\"><strong data-start=\"1530\" data-end=\"1542\">Dodatno:<\/strong> Za porud\u017ebine preko <strong data-start=\"1563\" data-end=\"1580\">10.000 komada<\/strong> mogu\u0107a je \u0161tampa po \u017eelji kupca.<\/p>\n<\/li>\n<\/ul>\n","protected":false},"excerpt":{"rendered":"<p>Papirna kesa bez ru\u010dke, braon (22 + 10 \u00d7 28 cm) Ekolo\u0161ka papirna kesa od braon kraft papira, idealna za prodavnice zdrave hrane, delikatesa i suvenirnice.Dimenzije 22 cm (\u0161irina) + 10 cm (dno) \u00d7 28 cm (visina) nude vi\u0161e prostora i stabilnosti za svakodnevnu upotrebu.Odli\u010dna je za poslovne subjekte koji \u017eele funkcionalnu, prirodnu i ekonomi\u010dnu [&hellip;]<\/p>\n","protected":false},"featured_media":8588,"comment_status":"open","ping_status":"closed","template":"","meta":{"content-type":""},"product_brand":[],"product_cat":[198,165,195],"product_tag":[],"class_list":{"0":"post-7504","1":"product","2":"type-product","3":"status-publish","4":"has-post-thumbnail","6":"product_cat-grab-sos-kese-bez-rucke","7":"product_cat-natura","8":"product_cat-papirne-kese","10":"first","11":"instock","12":"shipping-taxable","13":"purchasable","14":"product-type-simple"},"_links":{"self":[{"href":"https:\/\/luxorplasman.me\/luxor-consulting\/wp-json\/wp\/v2\/product\/7504","targetHints":{"allow":["GET"]}}],"collection":[{"href":"https:\/\/luxorplasman.me\/luxor-consulting\/wp-json\/wp\/v2\/product"}],"about":[{"href":"https:\/\/luxorplasman.me\/luxor-consulting\/wp-json\/wp\/v2\/types\/product"}],"replies":[{"embeddable":true,"href":"https:\/\/luxorplasman.me\/luxor-consulting\/wp-json\/wp\/v2\/comments?post=7504"}],"wp:featuredmedia":[{"embeddable":true,"href":"https:\/\/luxorplasman.me\/luxor-consulting\/wp-json\/wp\/v2\/media\/8588"}],"wp:attachment":[{"href":"https:\/\/luxorplasman.me\/luxor-consulting\/wp-json\/wp\/v2\/media?parent=7504"}],"wp:term":[{"taxonomy":"product_brand","embeddable":true,"href":"https:\/\/luxorplasman.me\/luxor-consulting\/wp-json\/wp\/v2\/product_brand?post=7504"},{"taxonomy":"product_cat","embeddable":true,"href":"https:\/\/luxorplasman.me\/luxor-consulting\/wp-json\/wp\/v2\/product_cat?post=7504"},{"taxonomy":"product_tag","embeddable":true,"href":"https:\/\/luxorplasman.me\/luxor-consulting\/wp-json\/wp\/v2\/product_tag?post=7504"}],"curies":[{"name":"wp","href":"https:\/\/api.w.org\/{rel}","templated":true}]}}