{"id":6729,"date":"2023-06-29T14:26:08","date_gmt":"2023-06-29T12:26:08","guid":{"rendered":"https:\/\/luxorplasman.me\/?post_type=product&#038;p=6729"},"modified":"2025-02-18T09:03:25","modified_gmt":"2025-02-18T08:03:25","slug":"nigrin-maramice-za-odrzavanje-plastike-mat-36kom","status":"publish","type":"product","link":"https:\/\/luxorplasman.me\/luxor-consulting\/product\/nigrin-maramice-za-odrzavanje-plastike-mat-36kom\/","title":{"rendered":"Maramice za odrzavanje plastike, mat"},"content":{"rendered":"<p>NIGRIN krpe za njegu plastike, saten mat NIGRIN krpe za njegu plastike obnavljaju i odr\u017eavaju izgled plasti\u010dnih, gumenih i vinilnih povr\u0161ina u unutra\u0161njosti vozila i vra\u0107aju prianjanje. Maramice za njegu natopljene su losionom koji osvje\u017eava boju, ima antistati\u010dki u\u010dinak, odbija prljav\u0161tinu i vodu. NIGRIN plasti\u010dne krpe za \u010di\u0161\u0107enje daju povr\u0161inama satenski fini\u0161. \u010ci\u0161\u0107enje NIGRIN plasti\u010dnim krpama za njegu Odr\u017eavajte plasti\u010dne povr\u0161ine va\u0161eg automobila u novom stanju uz ove nje\u017ene NIGRIN plasti\u010dne krpe za njegu. \u010ciste i obnavljaju povr\u0161ine, a istovremeno poma\u017eu u spre\u010davanju preranog tro\u0161enja kao \u0161to je su\u0161enje i blije\u0111enje uzrokovano UV zra\u010denjem. Redovna upotreba spre\u010dava prerano starenje i lomljivost plastike. Svaka krpa ostaje vla\u017ena i svje\u017ea zahvaljuju\u0107i paketu za svje\u017einu i poklopcu na preklop. Pakovanje od 400 g sadr\u017ei 36 maramica.<\/p>\n","protected":false},"excerpt":{"rendered":"<p>NIGRIN krpe za njegu plastike, saten mat NIGRIN krpe za njegu plastike obnavljaju i odr\u017eavaju izgled plasti\u010dnih, gumenih i vinilnih povr\u0161ina u unutra\u0161njosti vozila i vra\u0107aju prianjanje. Maramice za njegu natopljene su losionom koji osvje\u017eava boju, ima antistati\u010dki u\u010dinak, odbija prljav\u0161tinu i vodu. NIGRIN plasti\u010dne krpe za \u010di\u0161\u0107enje daju povr\u0161inama satenski fini\u0161. \u010ci\u0161\u0107enje NIGRIN plasti\u010dnim [&hellip;]<\/p>\n","protected":false},"featured_media":7221,"comment_status":"open","ping_status":"closed","template":"","meta":{"content-type":""},"product_brand":[],"product_cat":[226,164],"product_tag":[],"class_list":{"0":"post-6729","1":"product","2":"type-product","3":"status-publish","4":"has-post-thumbnail","6":"product_cat-automobili","7":"product_cat-nigrin","9":"first","10":"instock","11":"shipping-taxable","12":"purchasable","13":"product-type-simple"},"_links":{"self":[{"href":"https:\/\/luxorplasman.me\/luxor-consulting\/wp-json\/wp\/v2\/product\/6729","targetHints":{"allow":["GET"]}}],"collection":[{"href":"https:\/\/luxorplasman.me\/luxor-consulting\/wp-json\/wp\/v2\/product"}],"about":[{"href":"https:\/\/luxorplasman.me\/luxor-consulting\/wp-json\/wp\/v2\/types\/product"}],"replies":[{"embeddable":true,"href":"https:\/\/luxorplasman.me\/luxor-consulting\/wp-json\/wp\/v2\/comments?post=6729"}],"wp:featuredmedia":[{"embeddable":true,"href":"https:\/\/luxorplasman.me\/luxor-consulting\/wp-json\/wp\/v2\/media\/7221"}],"wp:attachment":[{"href":"https:\/\/luxorplasman.me\/luxor-consulting\/wp-json\/wp\/v2\/media?parent=6729"}],"wp:term":[{"taxonomy":"product_brand","embeddable":true,"href":"https:\/\/luxorplasman.me\/luxor-consulting\/wp-json\/wp\/v2\/product_brand?post=6729"},{"taxonomy":"product_cat","embeddable":true,"href":"https:\/\/luxorplasman.me\/luxor-consulting\/wp-json\/wp\/v2\/product_cat?post=6729"},{"taxonomy":"product_tag","embeddable":true,"href":"https:\/\/luxorplasman.me\/luxor-consulting\/wp-json\/wp\/v2\/product_tag?post=6729"}],"curies":[{"name":"wp","href":"https:\/\/api.w.org\/{rel}","templated":true}]}}