{"id":6727,"date":"2023-06-29T14:23:51","date_gmt":"2023-06-29T12:23:51","guid":{"rendered":"https:\/\/luxorplasman.me\/?post_type=product&#038;p=6727"},"modified":"2025-02-18T09:05:55","modified_gmt":"2025-02-18T08:05:55","slug":"prskalica-za-hladno-ciscenje-500ml","status":"publish","type":"product","link":"https:\/\/luxorplasman.me\/luxor-consulting\/product\/prskalica-za-hladno-ciscenje-500ml\/","title":{"rendered":"Sredstvo za hladno ciscenje, 500ml"},"content":{"rendered":"<p>NIGIRN hladni \u010dista\u010d je brzo deluju\u0107i, visoko efikasan specijalni \u010dista\u010d koji je posebno pogodan za \u010di\u0161\u0107enje velikih povr\u0161ina. On \u010disti, odma\u0161\u0107uje, uklanja ulje i \u0161titi sve metalne djelove na vozilima i dvoto\u010dka\u0161ima bez napora. Djeluje brzo i olak\u0161ava \u010di\u0161\u0107enje. Zahvaljuju\u0107i odli\u010dnim svojstvima prodiranja, dose\u017ee i te\u0161ko dostupna mjesta.<\/p>\n","protected":false},"excerpt":{"rendered":"<p>NIGIRN hladni \u010dista\u010d je brzo deluju\u0107i, visoko efikasan specijalni \u010dista\u010d koji je posebno pogodan za \u010di\u0161\u0107enje velikih povr\u0161ina. On \u010disti, odma\u0161\u0107uje, uklanja ulje i \u0161titi sve metalne djelove na vozilima i dvoto\u010dka\u0161ima bez napora. Djeluje brzo i olak\u0161ava \u010di\u0161\u0107enje. Zahvaljuju\u0107i odli\u010dnim svojstvima prodiranja, dose\u017ee i te\u0161ko dostupna mjesta.<\/p>\n","protected":false},"featured_media":7171,"comment_status":"open","ping_status":"closed","template":"","meta":{"content-type":""},"product_brand":[],"product_cat":[226,164],"product_tag":[],"class_list":{"0":"post-6727","1":"product","2":"type-product","3":"status-publish","4":"has-post-thumbnail","6":"product_cat-automobili","7":"product_cat-nigrin","9":"first","10":"instock","11":"shipping-taxable","12":"purchasable","13":"product-type-simple"},"_links":{"self":[{"href":"https:\/\/luxorplasman.me\/luxor-consulting\/wp-json\/wp\/v2\/product\/6727","targetHints":{"allow":["GET"]}}],"collection":[{"href":"https:\/\/luxorplasman.me\/luxor-consulting\/wp-json\/wp\/v2\/product"}],"about":[{"href":"https:\/\/luxorplasman.me\/luxor-consulting\/wp-json\/wp\/v2\/types\/product"}],"replies":[{"embeddable":true,"href":"https:\/\/luxorplasman.me\/luxor-consulting\/wp-json\/wp\/v2\/comments?post=6727"}],"wp:featuredmedia":[{"embeddable":true,"href":"https:\/\/luxorplasman.me\/luxor-consulting\/wp-json\/wp\/v2\/media\/7171"}],"wp:attachment":[{"href":"https:\/\/luxorplasman.me\/luxor-consulting\/wp-json\/wp\/v2\/media?parent=6727"}],"wp:term":[{"taxonomy":"product_brand","embeddable":true,"href":"https:\/\/luxorplasman.me\/luxor-consulting\/wp-json\/wp\/v2\/product_brand?post=6727"},{"taxonomy":"product_cat","embeddable":true,"href":"https:\/\/luxorplasman.me\/luxor-consulting\/wp-json\/wp\/v2\/product_cat?post=6727"},{"taxonomy":"product_tag","embeddable":true,"href":"https:\/\/luxorplasman.me\/luxor-consulting\/wp-json\/wp\/v2\/product_tag?post=6727"}],"curies":[{"name":"wp","href":"https:\/\/api.w.org\/{rel}","templated":true}]}}