{"id":6723,"date":"2023-06-29T14:02:54","date_gmt":"2023-06-29T12:02:54","guid":{"rendered":"https:\/\/luxorplasman.me\/?post_type=product&#038;p=6723"},"modified":"2025-02-18T09:07:08","modified_gmt":"2025-02-18T08:07:08","slug":"nigrin-high-perferomance-sredstvo-za-otklanjanje-rdje-250ml","status":"publish","type":"product","link":"https:\/\/luxorplasman.me\/luxor-consulting\/product\/nigrin-high-perferomance-sredstvo-za-otklanjanje-rdje-250ml\/","title":{"rendered":"Sredstvo za otklanjanje rde visokih performansi, 250ml"},"content":{"rendered":"<p>NIGRIN formula kombinuje pozitivna svojstva nekoliko sirovina za pove\u0107anje performansi. To zna\u010di vi\u0161e performansi i funkcionalnosti za vas. NIGRIN sredstvo za uklanjanje r\u0111e visokih performansi radi mnogo br\u017ee i efikasnije od standardnih proizvoda. Svojom odli\u010dnom sposobno\u0161\u0107u puzanja, prodire direktno u najmanje prostore i podriva vezu r\u0111e. R\u0111a \u0107e se odmah ukloniti. Zahvaljuju\u0107i sna\u017enom efektu podmazivanja, klizanja i odvajanja, napor potreban za otpu\u0161tanje spoja r\u0111e je izuzetno minimiziran &#8211; sprje\u010davaju\u0107i njegovo otkidanje. Stvaranje nove r\u0111e je efikasno blokirano i vlaga se aktivno istiskuje.<\/p>\n","protected":false},"excerpt":{"rendered":"<p>NIGRIN formula kombinuje pozitivna svojstva nekoliko sirovina za pove\u0107anje performansi. To zna\u010di vi\u0161e performansi i funkcionalnosti za vas. NIGRIN sredstvo za uklanjanje r\u0111e visokih performansi radi mnogo br\u017ee i efikasnije od standardnih proizvoda. Svojom odli\u010dnom sposobno\u0161\u0107u puzanja, prodire direktno u najmanje prostore i podriva vezu r\u0111e. R\u0111a \u0107e se odmah ukloniti. Zahvaljuju\u0107i sna\u017enom efektu podmazivanja, [&hellip;]<\/p>\n","protected":false},"featured_media":6724,"comment_status":"open","ping_status":"closed","template":"","meta":{"content-type":""},"product_brand":[],"product_cat":[226,164],"product_tag":[],"class_list":{"0":"post-6723","1":"product","2":"type-product","3":"status-publish","4":"has-post-thumbnail","6":"product_cat-automobili","7":"product_cat-nigrin","9":"first","10":"instock","11":"shipping-taxable","12":"purchasable","13":"product-type-simple"},"_links":{"self":[{"href":"https:\/\/luxorplasman.me\/luxor-consulting\/wp-json\/wp\/v2\/product\/6723","targetHints":{"allow":["GET"]}}],"collection":[{"href":"https:\/\/luxorplasman.me\/luxor-consulting\/wp-json\/wp\/v2\/product"}],"about":[{"href":"https:\/\/luxorplasman.me\/luxor-consulting\/wp-json\/wp\/v2\/types\/product"}],"replies":[{"embeddable":true,"href":"https:\/\/luxorplasman.me\/luxor-consulting\/wp-json\/wp\/v2\/comments?post=6723"}],"wp:featuredmedia":[{"embeddable":true,"href":"https:\/\/luxorplasman.me\/luxor-consulting\/wp-json\/wp\/v2\/media\/6724"}],"wp:attachment":[{"href":"https:\/\/luxorplasman.me\/luxor-consulting\/wp-json\/wp\/v2\/media?parent=6723"}],"wp:term":[{"taxonomy":"product_brand","embeddable":true,"href":"https:\/\/luxorplasman.me\/luxor-consulting\/wp-json\/wp\/v2\/product_brand?post=6723"},{"taxonomy":"product_cat","embeddable":true,"href":"https:\/\/luxorplasman.me\/luxor-consulting\/wp-json\/wp\/v2\/product_cat?post=6723"},{"taxonomy":"product_tag","embeddable":true,"href":"https:\/\/luxorplasman.me\/luxor-consulting\/wp-json\/wp\/v2\/product_tag?post=6723"}],"curies":[{"name":"wp","href":"https:\/\/api.w.org\/{rel}","templated":true}]}}