{"id":6719,"date":"2023-06-29T13:57:37","date_gmt":"2023-06-29T11:57:37","guid":{"rendered":"https:\/\/luxorplasman.me\/?post_type=product&#038;p=6719"},"modified":"2024-12-24T08:47:54","modified_gmt":"2024-12-24T07:47:54","slug":"nigrin-sredstvo-za-ciscenje-felni-1l","status":"publish","type":"product","link":"https:\/\/luxorplasman.me\/luxor-consulting\/product\/nigrin-sredstvo-za-ciscenje-felni-1l\/","title":{"rendered":"Sredstvo za \u010di\u0161\u0107enje felni, 1L"},"content":{"rendered":"<p><span><strong>NIGRIN Sredstvo za \u010di\u0161\u0107enje felni<\/strong> sna\u017eno i nje\u017eno \u010disti i osigurava da va\u0161e felne zadr\u017ee svoju vrijednost i izgledaju kao nove. Z<\/span><span>ahvaljuju\u0107i svojoj formuli surfaktanta bez kiselina, ne nanosi \u0161tetu povr\u0161ini felne.<\/span><\/p>\n<p><strong>Primjena:<\/strong> Poprskajte cijelu povr\u0161inu felni. U zavisnosti od toga koliko su prljave, ostavite da djeluje do 30 minuta. Tvrdokornu prljav\u0161tinu istrljajte <strong>NIGRIN \u010detkom za felne<\/strong>. Isperite \u010distom vodom.<\/p>\n<p>Broj dozvole: 03-UPI-997\/3, 16.06.2023.<\/p>\n<p>Naziv i sjedi\u0161te imaoca dozvole: Luxor plasman D.O.O. Podgorica<\/p>\n","protected":false},"excerpt":{"rendered":"<p>NIGRIN Sredstvo za \u010di\u0161\u0107enje felni sna\u017eno i nje\u017eno \u010disti i osigurava da va\u0161e felne zadr\u017ee svoju vrijednost i izgledaju kao nove. Zahvaljuju\u0107i svojoj formuli surfaktanta bez kiselina, ne nanosi \u0161tetu povr\u0161ini felne. Primjena: Poprskajte cijelu povr\u0161inu felni. U zavisnosti od toga koliko su prljave, ostavite da djeluje do 30 minuta. Tvrdokornu prljav\u0161tinu istrljajte NIGRIN \u010detkom [&hellip;]<\/p>\n","protected":false},"featured_media":7187,"comment_status":"open","ping_status":"closed","template":"","meta":{"content-type":""},"product_brand":[],"product_cat":[226,164],"product_tag":[],"class_list":{"0":"post-6719","1":"product","2":"type-product","3":"status-publish","4":"has-post-thumbnail","6":"product_cat-automobili","7":"product_cat-nigrin","9":"first","10":"instock","11":"shipping-taxable","12":"product-type-simple"},"_links":{"self":[{"href":"https:\/\/luxorplasman.me\/luxor-consulting\/wp-json\/wp\/v2\/product\/6719","targetHints":{"allow":["GET"]}}],"collection":[{"href":"https:\/\/luxorplasman.me\/luxor-consulting\/wp-json\/wp\/v2\/product"}],"about":[{"href":"https:\/\/luxorplasman.me\/luxor-consulting\/wp-json\/wp\/v2\/types\/product"}],"replies":[{"embeddable":true,"href":"https:\/\/luxorplasman.me\/luxor-consulting\/wp-json\/wp\/v2\/comments?post=6719"}],"wp:featuredmedia":[{"embeddable":true,"href":"https:\/\/luxorplasman.me\/luxor-consulting\/wp-json\/wp\/v2\/media\/7187"}],"wp:attachment":[{"href":"https:\/\/luxorplasman.me\/luxor-consulting\/wp-json\/wp\/v2\/media?parent=6719"}],"wp:term":[{"taxonomy":"product_brand","embeddable":true,"href":"https:\/\/luxorplasman.me\/luxor-consulting\/wp-json\/wp\/v2\/product_brand?post=6719"},{"taxonomy":"product_cat","embeddable":true,"href":"https:\/\/luxorplasman.me\/luxor-consulting\/wp-json\/wp\/v2\/product_cat?post=6719"},{"taxonomy":"product_tag","embeddable":true,"href":"https:\/\/luxorplasman.me\/luxor-consulting\/wp-json\/wp\/v2\/product_tag?post=6719"}],"curies":[{"name":"wp","href":"https:\/\/api.w.org\/{rel}","templated":true}]}}