{"id":6717,"date":"2023-06-29T13:54:42","date_gmt":"2023-06-29T11:54:42","guid":{"rendered":"https:\/\/luxorplasman.me\/?post_type=product&#038;p=6717"},"modified":"2024-12-24T08:48:08","modified_gmt":"2024-12-24T07:48:08","slug":"nigrin-sprej-za-instrument-tablu-vanila-400ml","status":"publish","type":"product","link":"https:\/\/luxorplasman.me\/luxor-consulting\/product\/nigrin-sprej-za-instrument-tablu-vanila-400ml\/","title":{"rendered":"Sprej za instrument tablu &#8211; vanila, 400ml"},"content":{"rendered":"<p><strong>NIGRIN Sprej za instrument tablu<\/strong> svojom posebnom teksturom pjene pojednostavljuje \u010di\u0161\u0107enje i njegu svih plasti\u010dnih materijala u unutra\u0161njosti vozila. Efikasno i nje\u017eno \u010disti \u010dak i sitnozrnate povr\u0161ine, hrani i daje satenski sjaj. Formira vodootporan, otporan na prljav\u0161tinu i antistati\u010dki za\u0161titni film na plastici, \u010dime se smanjuje potreban trud za odr\u017eavanje.<\/p>\n<p><strong>Primjena:<\/strong>\u00a0Protresite prije upotrebe. Naprskajte na\u00a0<strong>NIGRIN krpu od mikrovlakana<\/strong>\u00a0i obri\u0161ite plasti\u010dne djelove.<\/p>\n<p><strong>Napomena:<\/strong>\u00a0Ne tretirajte prozore, volan, pedale i povr\u0161ine sjedi\u0161ta sprejom za instrument tablu! Za\u0161tititi od mraza.<\/p>\n<p><strong>Preporuka:<\/strong>\u00a0Ponovite primjenu svake 2 do 4 nedelje.<\/p>\n<p>Broj dozvole: 03-UPI-997\/3, 16.06.2023.<\/p>\n<p>Naziv i sjedi\u0161te imaoca dozvole: Luxor plasman D.O.O. Podgorica<\/p>\n<p><iframe title=\"Autopflege Tutorial: Cockpit-Pflege\" width=\"1140\" height=\"641\" src=\"https:\/\/www.youtube.com\/embed\/2eHjyZhWHZU?list=PLigxngM5f-gQGkb56kRhKU7fSWA8iT3ua\" frameborder=\"0\" allow=\"accelerometer; autoplay; clipboard-write; encrypted-media; gyroscope; picture-in-picture; web-share\" referrerpolicy=\"strict-origin-when-cross-origin\" allowfullscreen><\/iframe><\/p>\n","protected":false},"excerpt":{"rendered":"<p>NIGRIN Sprej za instrument tablu svojom posebnom teksturom pjene pojednostavljuje \u010di\u0161\u0107enje i njegu svih plasti\u010dnih materijala u unutra\u0161njosti vozila. Efikasno i nje\u017eno \u010disti \u010dak i sitnozrnate povr\u0161ine, hrani i daje satenski sjaj. Formira vodootporan, otporan na prljav\u0161tinu i antistati\u010dki za\u0161titni film na plastici, \u010dime se smanjuje potreban trud za odr\u017eavanje. Primjena:\u00a0Protresite prije upotrebe. Naprskajte na\u00a0NIGRIN [&hellip;]<\/p>\n","protected":false},"featured_media":7179,"comment_status":"open","ping_status":"closed","template":"","meta":{"content-type":""},"product_brand":[],"product_cat":[226,164],"product_tag":[],"class_list":{"0":"post-6717","1":"product","2":"type-product","3":"status-publish","4":"has-post-thumbnail","6":"product_cat-automobili","7":"product_cat-nigrin","9":"first","10":"instock","11":"shipping-taxable","12":"product-type-simple"},"_links":{"self":[{"href":"https:\/\/luxorplasman.me\/luxor-consulting\/wp-json\/wp\/v2\/product\/6717","targetHints":{"allow":["GET"]}}],"collection":[{"href":"https:\/\/luxorplasman.me\/luxor-consulting\/wp-json\/wp\/v2\/product"}],"about":[{"href":"https:\/\/luxorplasman.me\/luxor-consulting\/wp-json\/wp\/v2\/types\/product"}],"replies":[{"embeddable":true,"href":"https:\/\/luxorplasman.me\/luxor-consulting\/wp-json\/wp\/v2\/comments?post=6717"}],"wp:featuredmedia":[{"embeddable":true,"href":"https:\/\/luxorplasman.me\/luxor-consulting\/wp-json\/wp\/v2\/media\/7179"}],"wp:attachment":[{"href":"https:\/\/luxorplasman.me\/luxor-consulting\/wp-json\/wp\/v2\/media?parent=6717"}],"wp:term":[{"taxonomy":"product_brand","embeddable":true,"href":"https:\/\/luxorplasman.me\/luxor-consulting\/wp-json\/wp\/v2\/product_brand?post=6717"},{"taxonomy":"product_cat","embeddable":true,"href":"https:\/\/luxorplasman.me\/luxor-consulting\/wp-json\/wp\/v2\/product_cat?post=6717"},{"taxonomy":"product_tag","embeddable":true,"href":"https:\/\/luxorplasman.me\/luxor-consulting\/wp-json\/wp\/v2\/product_tag?post=6717"}],"curies":[{"name":"wp","href":"https:\/\/api.w.org\/{rel}","templated":true}]}}