{"id":6706,"date":"2023-06-29T13:21:34","date_gmt":"2023-06-29T11:21:34","guid":{"rendered":"https:\/\/luxorplasman.me\/?post_type=product&#038;p=6706"},"modified":"2025-02-18T09:13:08","modified_gmt":"2025-02-18T08:13:08","slug":"perfromance-gel-za-odrzavanje-guma-300ml","status":"publish","type":"product","link":"https:\/\/luxorplasman.me\/luxor-consulting\/product\/perfromance-gel-za-odrzavanje-guma-300ml\/","title":{"rendered":"Perfromance gel za odr\u017eavanje guma, 300ml"},"content":{"rendered":"<p>NIGRIN Performance gel za negu guma dugoro\u010dno poma\u017ee u o\u010duvanju vrednosti i daje va\u0161em vozilu izgled kao nov. Stvara duboki crni sjaj i istovremeno \u0161titi gume od prevremenog starenja i pucanja. Gel za negu guma formira dugotrajan, UV-otporan, prljav\u0161tinu i vodu odbijaju\u0107i za\u0161titni sloj, \u010dime smanjuje potrebu za \u010destim odr\u017eavanjem.<\/p>\n","protected":false},"excerpt":{"rendered":"<p>NIGRIN Performance gel za negu guma dugoro\u010dno poma\u017ee u o\u010duvanju vrednosti i daje va\u0161em vozilu izgled kao nov. Stvara duboki crni sjaj i istovremeno \u0161titi gume od prevremenog starenja i pucanja. Gel za negu guma formira dugotrajan, UV-otporan, prljav\u0161tinu i vodu odbijaju\u0107i za\u0161titni sloj, \u010dime smanjuje potrebu za \u010destim odr\u017eavanjem.<\/p>\n","protected":false},"featured_media":6707,"comment_status":"open","ping_status":"closed","template":"","meta":{"content-type":""},"product_brand":[],"product_cat":[226,164],"product_tag":[],"class_list":{"0":"post-6706","1":"product","2":"type-product","3":"status-publish","4":"has-post-thumbnail","6":"product_cat-automobili","7":"product_cat-nigrin","9":"first","10":"instock","11":"shipping-taxable","12":"product-type-simple"},"_links":{"self":[{"href":"https:\/\/luxorplasman.me\/luxor-consulting\/wp-json\/wp\/v2\/product\/6706","targetHints":{"allow":["GET"]}}],"collection":[{"href":"https:\/\/luxorplasman.me\/luxor-consulting\/wp-json\/wp\/v2\/product"}],"about":[{"href":"https:\/\/luxorplasman.me\/luxor-consulting\/wp-json\/wp\/v2\/types\/product"}],"replies":[{"embeddable":true,"href":"https:\/\/luxorplasman.me\/luxor-consulting\/wp-json\/wp\/v2\/comments?post=6706"}],"wp:featuredmedia":[{"embeddable":true,"href":"https:\/\/luxorplasman.me\/luxor-consulting\/wp-json\/wp\/v2\/media\/6707"}],"wp:attachment":[{"href":"https:\/\/luxorplasman.me\/luxor-consulting\/wp-json\/wp\/v2\/media?parent=6706"}],"wp:term":[{"taxonomy":"product_brand","embeddable":true,"href":"https:\/\/luxorplasman.me\/luxor-consulting\/wp-json\/wp\/v2\/product_brand?post=6706"},{"taxonomy":"product_cat","embeddable":true,"href":"https:\/\/luxorplasman.me\/luxor-consulting\/wp-json\/wp\/v2\/product_cat?post=6706"},{"taxonomy":"product_tag","embeddable":true,"href":"https:\/\/luxorplasman.me\/luxor-consulting\/wp-json\/wp\/v2\/product_tag?post=6706"}],"curies":[{"name":"wp","href":"https:\/\/api.w.org\/{rel}","templated":true}]}}