{"id":6624,"date":"2023-06-21T12:14:59","date_gmt":"2023-06-21T10:14:59","guid":{"rendered":"https:\/\/luxorplasman.me\/?post_type=product&#038;p=6624"},"modified":"2025-02-18T09:39:00","modified_gmt":"2025-02-18T08:39:00","slug":"nigrin-specijalni-rastvarac-300ml","status":"publish","type":"product","link":"https:\/\/luxorplasman.me\/luxor-consulting\/product\/nigrin-specijalni-rastvarac-300ml\/","title":{"rendered":"Specijalni rastvarac, 300ml"},"content":{"rendered":"<p>Naljepnice i etikete mogu se lako i bez napora ukloniti sa farbe automobila, metala, vjetrobranskih stakala, ali i s namje\u0161taja kao \u0161to su fri\u017eideri ili prozori. Povr\u0161ina nije o\u0161te\u0107ena jer sprej za uklanjanje naljepnica ne sadr\u017ei abraziva. Naljepnice i naljepnice koje se brzo zalijepe na automobil, ali u jednom trenutku postanu dosadne, tako\u0111er se mogu lako ukloniti. Ako \u017eelite da uklonite smolu sa farbe automobila, ne morate prvo da grebete, jer samoaktivni efekat spreja brzo rastvara supstance i one se lako mogu obrisati. Sprej poma\u017ee u pobolj\u0161anju i odr\u017eavanju izgleda vozila tako \u0161to s lako\u0107om uklanja neugodne tvari. \u010ci\u0161\u0107enje vozila je zna\u010dajno pojednostavljeno jer se sprej koristi za uklanjanje etiketa i vi\u0161e nisu potrebna gruba sredstva za \u010di\u0161\u0107enje. Naporno grebanje je pro\u0161lost. Ovo \u0161titi farbu automobila. Sprej je samoaktivan i efikasan jer nije potrebno koristiti nikakva druga sredstva za uklanjanje ostataka ljepila i drugih ometaju\u0107ih tvari. Sprej \u0161tedi vrijeme jer zahtijeva manje rada.<\/p>\n","protected":false},"excerpt":{"rendered":"<p>Naljepnice i etikete mogu se lako i bez napora ukloniti sa farbe automobila, metala, vjetrobranskih stakala, ali i s namje\u0161taja kao \u0161to su fri\u017eideri ili prozori. Povr\u0161ina nije o\u0161te\u0107ena jer sprej za uklanjanje naljepnica ne sadr\u017ei abraziva. Naljepnice i naljepnice koje se brzo zalijepe na automobil, ali u jednom trenutku postanu dosadne, tako\u0111er se mogu [&hellip;]<\/p>\n","protected":false},"featured_media":7177,"comment_status":"open","ping_status":"closed","template":"","meta":{"content-type":""},"product_brand":[],"product_cat":[226,164],"product_tag":[],"class_list":{"0":"post-6624","1":"product","2":"type-product","3":"status-publish","4":"has-post-thumbnail","6":"product_cat-automobili","7":"product_cat-nigrin","9":"first","10":"instock","11":"shipping-taxable","12":"purchasable","13":"product-type-simple"},"_links":{"self":[{"href":"https:\/\/luxorplasman.me\/luxor-consulting\/wp-json\/wp\/v2\/product\/6624","targetHints":{"allow":["GET"]}}],"collection":[{"href":"https:\/\/luxorplasman.me\/luxor-consulting\/wp-json\/wp\/v2\/product"}],"about":[{"href":"https:\/\/luxorplasman.me\/luxor-consulting\/wp-json\/wp\/v2\/types\/product"}],"replies":[{"embeddable":true,"href":"https:\/\/luxorplasman.me\/luxor-consulting\/wp-json\/wp\/v2\/comments?post=6624"}],"wp:featuredmedia":[{"embeddable":true,"href":"https:\/\/luxorplasman.me\/luxor-consulting\/wp-json\/wp\/v2\/media\/7177"}],"wp:attachment":[{"href":"https:\/\/luxorplasman.me\/luxor-consulting\/wp-json\/wp\/v2\/media?parent=6624"}],"wp:term":[{"taxonomy":"product_brand","embeddable":true,"href":"https:\/\/luxorplasman.me\/luxor-consulting\/wp-json\/wp\/v2\/product_brand?post=6624"},{"taxonomy":"product_cat","embeddable":true,"href":"https:\/\/luxorplasman.me\/luxor-consulting\/wp-json\/wp\/v2\/product_cat?post=6624"},{"taxonomy":"product_tag","embeddable":true,"href":"https:\/\/luxorplasman.me\/luxor-consulting\/wp-json\/wp\/v2\/product_tag?post=6624"}],"curies":[{"name":"wp","href":"https:\/\/api.w.org\/{rel}","templated":true}]}}