{"id":6616,"date":"2023-06-20T16:16:09","date_gmt":"2023-06-20T14:16:09","guid":{"rendered":"https:\/\/luxorplasman.me\/?post_type=product&#038;p=6616"},"modified":"2025-02-18T09:40:44","modified_gmt":"2025-02-18T08:40:44","slug":"nigrin-sredstvo-za-zastitu-hladnjaka-1l","status":"publish","type":"product","link":"https:\/\/luxorplasman.me\/luxor-consulting\/product\/nigrin-sredstvo-za-zastitu-hladnjaka-1l\/","title":{"rendered":"Sredstvo za zastitu hladnjaka, 1L"},"content":{"rendered":"<p>Do -36\u00b0C Spreman za upotrebu Bezbojan Pogodan za sva vozila i motore. Kompatibilnost sa brtvama, crijevima i plasti\u010dnim dijelovima. Pouzdana za\u0161tita od mraza, korozije i pregrijavanja. Mo\u017ee se mije\u0161ati sa svim proizvodima za za\u0161titu radijatora. Tako\u0111e za dopunu! Sadr\u017eaj: 1.000ml<\/p>\n","protected":false},"excerpt":{"rendered":"<p>Do -36\u00b0C Spreman za upotrebu Bezbojan Pogodan za sva vozila i motore. Kompatibilnost sa brtvama, crijevima i plasti\u010dnim dijelovima. Pouzdana za\u0161tita od mraza, korozije i pregrijavanja. Mo\u017ee se mije\u0161ati sa svim proizvodima za za\u0161titu radijatora. Tako\u0111e za dopunu! Sadr\u017eaj: 1.000ml<\/p>\n","protected":false},"featured_media":7201,"comment_status":"open","ping_status":"closed","template":"","meta":{"content-type":""},"product_brand":[],"product_cat":[226,164],"product_tag":[],"class_list":{"0":"post-6616","1":"product","2":"type-product","3":"status-publish","4":"has-post-thumbnail","6":"product_cat-automobili","7":"product_cat-nigrin","9":"first","10":"instock","11":"shipping-taxable","12":"purchasable","13":"product-type-simple"},"_links":{"self":[{"href":"https:\/\/luxorplasman.me\/luxor-consulting\/wp-json\/wp\/v2\/product\/6616","targetHints":{"allow":["GET"]}}],"collection":[{"href":"https:\/\/luxorplasman.me\/luxor-consulting\/wp-json\/wp\/v2\/product"}],"about":[{"href":"https:\/\/luxorplasman.me\/luxor-consulting\/wp-json\/wp\/v2\/types\/product"}],"replies":[{"embeddable":true,"href":"https:\/\/luxorplasman.me\/luxor-consulting\/wp-json\/wp\/v2\/comments?post=6616"}],"wp:featuredmedia":[{"embeddable":true,"href":"https:\/\/luxorplasman.me\/luxor-consulting\/wp-json\/wp\/v2\/media\/7201"}],"wp:attachment":[{"href":"https:\/\/luxorplasman.me\/luxor-consulting\/wp-json\/wp\/v2\/media?parent=6616"}],"wp:term":[{"taxonomy":"product_brand","embeddable":true,"href":"https:\/\/luxorplasman.me\/luxor-consulting\/wp-json\/wp\/v2\/product_brand?post=6616"},{"taxonomy":"product_cat","embeddable":true,"href":"https:\/\/luxorplasman.me\/luxor-consulting\/wp-json\/wp\/v2\/product_cat?post=6616"},{"taxonomy":"product_tag","embeddable":true,"href":"https:\/\/luxorplasman.me\/luxor-consulting\/wp-json\/wp\/v2\/product_tag?post=6616"}],"curies":[{"name":"wp","href":"https:\/\/api.w.org\/{rel}","templated":true}]}}