{"id":5136,"date":"2022-10-27T18:37:01","date_gmt":"2022-10-27T16:37:01","guid":{"rendered":"https:\/\/luxorplasman.me\/?post_type=product&#038;p=5136"},"modified":"2025-06-10T11:48:09","modified_gmt":"2025-06-10T09:48:09","slug":"sb-mineralno-djubrivo-za-vrt-1kg","status":"publish","type":"product","link":"https:\/\/luxorplasman.me\/luxor-consulting\/product\/sb-mineralno-djubrivo-za-vrt-1kg\/","title":{"rendered":"SB Mineralno Djubrivo za vrt  1 kg"},"content":{"rendered":"<p>BAR KOD: 9003225221602<br \/>\n\u0110ubrivo za povr\u0107e je univerzalno \u0111ubrivo i koristi se za osnovnu \u0111ubridbu i prihranu svih vrsta povr\u0107a.<br \/>\nFKS 1(C)(I)(a)(ii): slo\u017eeno kruto anorgansko \u0111ubrivo s makronutrijentima  i mikronutrijentima<br \/>\nNPK (Mg) 9-9-15 (3) ), koje sadr\u017ei mikronutrijente (B), (Cu), (Fe), (Zn)<br \/>\n9,0 % ukupnog azota (N)<br \/>\n4,0 % amonijevog azota<br \/>\n5,0 % azota iz uree<br \/>\n9,0 % ukupnog fosfor pentoksida (P2O5)<br \/>\n4,0 % fosfor pentoksida (P2O5), topivog u vodi<br \/>\n15,0 % kalijevog oksida (K2O), topivog u vodi<br \/>\n3,0 % ukupnog magnezijevog oksida (MgO),<br \/>\n1,5 magnezijevog oksida, topivog u vodi<\/p>\n<p>Mikronutrijenti:<br \/>\n0,02 % Bor (B), u obliku natrijeve soli*<br \/>\n0,05 % Bakar (Cu), u obliku sulfata*<br \/>\n0,20 % \u017deljezo (Fe), u obliku sulfata*<br \/>\n0,05 % Mangan (Mn), u obliku sulfata*<br \/>\n0,03 % Cink (Zn), u obliku sulfata*<br \/>\n* Mikronutrijenti su u promjenjivim koli\u010dinama, djelomi\u010dno topiva u vodi.<br \/>\n\u0110ubrivo sadr\u017ei i nedeklarirana makronutrijente:<br \/>\nKalcij u obliku oksida (CaO) (ukupno cca 10%); kalcijev oksid (CaO), topiv u vodi (cca. 3%).<br \/>\nSumpor u obliku sumporovog trioksida (SO3) (ukupno cca. 30%) i sumporovog trioksida (SO3), topivog u vodi (cca. 28%).<br \/>\nGranulometrija:<br \/>\nGranule. 95% proizvoda ima granule veli\u010dine izme\u0111u 2 i 5 mm.<br \/>\nSastojci:<br \/>\nkalijev sulfat1 (CAS br. 7778-80-5), prekursor superfosfata1(vlastiti poluproizvod), amonijev sulfat11 (br. CAS 7783-20-2), urea (CAS br. 57-13-6), magnezijev sulfat1 (CAS br. 7487-88-9), jednostruki superfosfat1 (CAS br. 8011-76-5), diamonijev fosfat1 (CAS br. 7783-28-0) i\/ili monoamonijev fosfat1 (CASbr. 7722-76-1)<br \/>\n1) Materije i smjese od neprera\u0111enog materijala. 11) Nusproizvodi u skladu s Direktivom 2008\/98\/EZ.<br \/>\nDodatne informacije:<br \/>\nS niskim sadr\u017eajem hlorida.<br \/>\nUputstvo i koli\u010dine za kori\u0161tenje:<br \/>\nZa potro\u0161a\u010dku upotrebu. Za detaljnije informacije pogledajte tekst na pakiranju. Koristiti samo prema potrebama biljke. Nemojte prekora\u010diti predvi\u0111enu dozu.<br \/>\nKod gnojidbe ve\u0107ine vrsta povr\u0107a doza se dijeli na dva dijela: 1\/2 doze prije sjetve odnosno sadnje i 1\/2 doze za prihranu.<br \/>\nKrastavci, raj\u010dica, krompir, korabica, mrkva, paprika, poriluk, cikla, \u0161paroge, \u0161pinat, tikvice: 100-150 g\/m2<br \/>\nKupusnja\u010de (brokula, cvjeta\u010da, prokulica, kupus): 100-120 g\/m2<br \/>\nGrah, gra\u0161ak, za\u010dinsko bilje, rotkvica, salata, rotkva,  luk: 45-55 g\/m2 &#8211; u sjetvi<br \/>\nPri kori\u0161tenju organskih \u0111ubriva godi\u0161nja doza \u0111ubriva se smanjuje za pola. Pojedina\u010dna doza \u0111ubriva ne smije biti ve\u0107a od 80 g\/m2.<br \/>\nUslovi skladi\u0161tenja:<br \/>\n\u010cuvati na hladnom i suvom mjestu, za\u0161ti\u0107eno od sun\u010deve svjetlosti. \u010cuvati u originalnom pakiranju, izvan dohvata djece i ku\u0107nih ljubimaca.<br \/>\nProizvodi koji su ve\u0107 kori\u0161teni moraju biti dobro zatvoreni.<br \/>\nPodaci o sigurnosti i za\u0161titi okoline:<br \/>\nOvo \u0111ubrivo sadr\u017ei ureu koja mo\u017ee ispu\u0161tati amonijak i uticati na kvalitet vazduha. Odgovaraju\u0107e mjere sanacije treba poduzeti ovisno o lokalnim uslovima.<br \/>\nUPOZORENJE<\/p>\n<p>Opasno.<br \/>\nUzrokuje te\u0161ka o\u0161te\u0107enja oka.<br \/>\n\u0160tetno za organizme koji \u017eive u vodi, s dugotrajnim u\u010dincima.<br \/>\nNositi za\u0161titne rukavice\/za\u0161titnu odje\u0107u\/za\u0161titu za o\u010di\/za\u0161titu za lice.<br \/>\nAKO DO\u0110E DO KONTAKTA S O\u010cIMA: pa\u017eljivo ispirati vodom nekoliko minuta. Uklonite kontaktna so\u010diva ako ih imate i mo\u017eete to u\u010diniti bez pote\u0161ko\u0107a. Nastavite s ispiranjem.<br \/>\nOdmah nazovite centar za toksikologiju ili ljekara.<br \/>\nOdlo\u017eite sadr\u017eaj\/spremnik u skladu s lokalnim propisima.<br \/>\nUFI: 7330-50R9-U00E-N25C<br \/>\nSadr\u017ei: superfosfat (CAS br. 8011-76-5)<br \/>\nUvoznik i distributer: Luxor plasman D.O.O., Podgorica. Kontakt: 020\/257-000; luxorplasman@t-com.me<br \/>\nProizvo\u0111a\u010d: Evergreen Garden Care Poland Sp. z o.o., ul. Ostrobramska 101A, 04-041 Warszawa,<br \/>\nZemlja porijekla: Poljska<br \/>\nGodina uvoza: 2025.<br \/>\nRok upotrebe: neograni\u010den<\/p>\n","protected":false},"excerpt":{"rendered":"<p>BAR KOD: 9003225221602 \u0110ubrivo za povr\u0107e je univerzalno \u0111ubrivo i koristi se za osnovnu \u0111ubridbu i prihranu svih vrsta povr\u0107a. FKS 1(C)(I)(a)(ii): slo\u017eeno kruto anorgansko \u0111ubrivo s makronutrijentima i mikronutrijentima NPK (Mg) 9-9-15 (3) ), koje sadr\u017ei mikronutrijente (B), (Cu), (Fe), (Zn) 9,0 % ukupnog azota (N) 4,0 % amonijevog azota 5,0 % azota iz [&hellip;]<\/p>\n","protected":false},"featured_media":5078,"comment_status":"open","ping_status":"closed","template":"","meta":{"content-type":""},"product_brand":[],"product_cat":[253,87],"product_tag":[],"class_list":{"0":"post-5136","1":"product","2":"type-product","3":"status-publish","4":"has-post-thumbnail","6":"product_cat-odrzavanjebaste","7":"product_cat-substral","9":"first","10":"instock","11":"shipping-taxable","12":"purchasable","13":"product-type-simple"},"_links":{"self":[{"href":"https:\/\/luxorplasman.me\/luxor-consulting\/wp-json\/wp\/v2\/product\/5136","targetHints":{"allow":["GET"]}}],"collection":[{"href":"https:\/\/luxorplasman.me\/luxor-consulting\/wp-json\/wp\/v2\/product"}],"about":[{"href":"https:\/\/luxorplasman.me\/luxor-consulting\/wp-json\/wp\/v2\/types\/product"}],"replies":[{"embeddable":true,"href":"https:\/\/luxorplasman.me\/luxor-consulting\/wp-json\/wp\/v2\/comments?post=5136"}],"wp:featuredmedia":[{"embeddable":true,"href":"https:\/\/luxorplasman.me\/luxor-consulting\/wp-json\/wp\/v2\/media\/5078"}],"wp:attachment":[{"href":"https:\/\/luxorplasman.me\/luxor-consulting\/wp-json\/wp\/v2\/media?parent=5136"}],"wp:term":[{"taxonomy":"product_brand","embeddable":true,"href":"https:\/\/luxorplasman.me\/luxor-consulting\/wp-json\/wp\/v2\/product_brand?post=5136"},{"taxonomy":"product_cat","embeddable":true,"href":"https:\/\/luxorplasman.me\/luxor-consulting\/wp-json\/wp\/v2\/product_cat?post=5136"},{"taxonomy":"product_tag","embeddable":true,"href":"https:\/\/luxorplasman.me\/luxor-consulting\/wp-json\/wp\/v2\/product_tag?post=5136"}],"curies":[{"name":"wp","href":"https:\/\/api.w.org\/{rel}","templated":true}]}}