{"id":5121,"date":"2022-10-27T18:37:00","date_gmt":"2022-10-27T16:37:00","guid":{"rendered":"https:\/\/luxorplasman.me\/?post_type=product&#038;p=5121"},"modified":"2025-06-10T11:14:34","modified_gmt":"2025-06-10T09:14:34","slug":"sb-mineralno-djubrivo-500ml","status":"publish","type":"product","link":"https:\/\/luxorplasman.me\/luxor-consulting\/product\/sb-mineralno-djubrivo-500ml\/","title":{"rendered":"SB Univerzalno tecno mineralno djubrivo 500ml   16"},"content":{"rendered":"<p>BAR KOD: 5907487104397<br \/>\nUniverzalno \u0111ubrivo za cvetaju\u0107e i zelene biljke. Sadr\u017ei sva nu\u017eno potrebna hraniva za rast, kao i mikro elemente. Sadr\u017ei huminske materije i (iz leonardita ekstrahirane huminske i fulvo kiseline), koje pospe\u0161uju rast, razvoj i ukorjenjivanje, te ja\u010daju biljke.<br \/>\nUPOTREBA: \u00bc (7ml) poklopca otopiti u 1 litar vode. Tako pripremljenom otopinom zalijevati biljku u periodu od marta do septembra svakih 7 dana; Od oktobra do februara, svaki 21 dan:  1\/4 poklopca rastvoriti u 1 litri vode.<br \/>\nRastvor \u0111ubriva NPK 7-3-5 s me\u0161avinom mikro elemenata i dodatkom huminskih materija.<br \/>\nNizak sadr\u017eaj hlora. SASTAV: Primarna hranjiva: 7,0% azota (N) \u2013 ukupnog azota, 1,7% nitratnog azota, 1,8% amonija\u010dnog azota, 3,5% azota iz uree; 3,0%; fosfor (P) oksida (P2O5), rastopivog u vodi; 5,0% kalijum oksida (K2O), rastopivog u vodi. Mikro elementi: 0,002% bakra (Cu), rastopivog u vodi, kelatiziranog s EDTA; 0,03% gvo\u017e\u0111a (Fe), rastopivog u vodi, kelatiziranog s DTPA; 0,01% mangana (Mn), rastopivog u vodi, kelatiziranog s EDTA; 0,001% molibdena (Mo), rastopivog u vodi; 0,002% cinka (Zn), rastopivog u vodi, kelatiziranog s EDTA.<br \/>\nSadr\u017eaj organske materije je 0,15-0,2%. pH 6,5.<br \/>\nSKLADI\u0160TENJE: \u010cuvati u originalnoj ambala\u017ei na temperaturi od 5-30\u00b0C. \u010cuvati na suvom mjestu, za\u0161ti\u0107eno od sun\u010deve svjetlosti. \u010cuvati izvan dosega djece i doma\u0107ih \u017eivotinja.<br \/>\nAKO SE PROGUTA: Ako se lo\u0161e ose\u0107ate, obavestiti centar za toksikologiju ili ljekara.<br \/>\nUvoznik i distributer: Luxor plasman D.O.O., Podgorica. Kontakt: 020\/257-000; luxorplasman@t-com.me<br \/>\nProizvo\u0111a\u010d: Evergreen Garden Care France S.A.S. 21 Chemin de la Sauvegarde, F-69134 Ecully.<br \/>\nZemlja porijekla: Francuska<br \/>\nGodina uvoza: 2025.<br \/>\nRok upotrebe: neograni\u010den<\/p>\n","protected":false},"excerpt":{"rendered":"<p>BAR KOD: 5907487104397 Univerzalno \u0111ubrivo za cvetaju\u0107e i zelene biljke. Sadr\u017ei sva nu\u017eno potrebna hraniva za rast, kao i mikro elemente. Sadr\u017ei huminske materije i (iz leonardita ekstrahirane huminske i fulvo kiseline), koje pospe\u0161uju rast, razvoj i ukorjenjivanje, te ja\u010daju biljke. UPOTREBA: \u00bc (7ml) poklopca otopiti u 1 litar vode. Tako pripremljenom otopinom zalijevati biljku [&hellip;]<\/p>\n","protected":false},"featured_media":5063,"comment_status":"open","ping_status":"closed","template":"","meta":{"content-type":""},"product_brand":[],"product_cat":[253,87],"product_tag":[],"class_list":{"0":"post-5121","1":"product","2":"type-product","3":"status-publish","4":"has-post-thumbnail","6":"product_cat-odrzavanjebaste","7":"product_cat-substral","9":"first","10":"instock","11":"shipping-taxable","12":"purchasable","13":"product-type-simple"},"_links":{"self":[{"href":"https:\/\/luxorplasman.me\/luxor-consulting\/wp-json\/wp\/v2\/product\/5121","targetHints":{"allow":["GET"]}}],"collection":[{"href":"https:\/\/luxorplasman.me\/luxor-consulting\/wp-json\/wp\/v2\/product"}],"about":[{"href":"https:\/\/luxorplasman.me\/luxor-consulting\/wp-json\/wp\/v2\/types\/product"}],"replies":[{"embeddable":true,"href":"https:\/\/luxorplasman.me\/luxor-consulting\/wp-json\/wp\/v2\/comments?post=5121"}],"wp:featuredmedia":[{"embeddable":true,"href":"https:\/\/luxorplasman.me\/luxor-consulting\/wp-json\/wp\/v2\/media\/5063"}],"wp:attachment":[{"href":"https:\/\/luxorplasman.me\/luxor-consulting\/wp-json\/wp\/v2\/media?parent=5121"}],"wp:term":[{"taxonomy":"product_brand","embeddable":true,"href":"https:\/\/luxorplasman.me\/luxor-consulting\/wp-json\/wp\/v2\/product_brand?post=5121"},{"taxonomy":"product_cat","embeddable":true,"href":"https:\/\/luxorplasman.me\/luxor-consulting\/wp-json\/wp\/v2\/product_cat?post=5121"},{"taxonomy":"product_tag","embeddable":true,"href":"https:\/\/luxorplasman.me\/luxor-consulting\/wp-json\/wp\/v2\/product_tag?post=5121"}],"curies":[{"name":"wp","href":"https:\/\/api.w.org\/{rel}","templated":true}]}}